{"id":370,"date":"2025-01-03T06:34:39","date_gmt":"2025-01-03T06:34:39","guid":{"rendered":"https:\/\/biovitalprotect.ro\/heilmittel-fuer-alzheimer\/"},"modified":"2025-01-12T14:05:04","modified_gmt":"2025-01-12T14:05:04","slug":"heilmittel-fuer-alzheimer","status":"publish","type":"page","link":"https:\/\/biovitalprotect.ro\/de\/heilmittel-fuer-alzheimer\/","title":{"rendered":"Heilmittel f\u00fcr Alzheimer"},"content":{"rendered":"\n<p><strong>Einf\u00fchrung<\/strong><\/p>\n\n<p>Die Alzheimer-Krankheit ist eine fortschreitende neurologische Erkrankung, die h\u00e4ufig mit Defiziten und Ungleichgewichten im K\u00f6rper einhergeht. Die Traditionelle Chinesische Medizin (TCM) bietet einzigartige Ans\u00e4tze zur Behandlung der Symptome von Alzheimer, indem sie die Ursachen mit Kr\u00e4uterrezepturen und syndromaler Differenzierung behandelt. <\/p>\n\n<p>Auf dieser Seite erfahren Sie, wie bestimmte TCM-Produkte &#8211; Bu<strong>Zhong Yi Qi Tang<\/strong> und <strong>Huo Luo Xiao Ling Dan Jia Wei- zusammen mit<\/strong>pflanzlichen Heilmitteln, die auf verschiedene Syndrome abzielen, Menschen mit Alzheimer unterst\u00fctzen k\u00f6nnen.<\/p>\n\n<hr class=\"wp-block-separator has-alpha-channel-opacity\"\/>\n\n<p><strong>Schl\u00fcsselprodukte f\u00fcr die Alzheimer-Behandlung<\/strong><\/p>\n\n<p><strong>1. <a href=\"https:\/\/biovitalprotect.ro\/de\/produs\/bu-zhong-yi-yi-qi-tang\/\">Bu Zhong Yi Qi Tang<\/a><\/strong><\/p>\n\n<ul class=\"wp-block-list\">\n<li><strong>Hauptwirkung<\/strong>: St\u00e4rkt die Milz und den Magen, erh\u00f6ht das Qi und hebt vorgefallene Organe.<\/li>\n\n\n\n<li><strong>Bedeutung f\u00fcr Alzheimer<\/strong>: Wirksam bei Milzschw\u00e4che mit Schleimstau, einer h\u00e4ufigen Ursache f\u00fcr kognitiven Abbau.<\/li>\n<\/ul>\n\n<p><strong>2. <a href=\"https:\/\/biovitalprotect.ro\/de\/produs\/tongxuan-lifei-wan-copie\/\">Huo Luo Xiao Ling Dan Jia Wei<\/a><\/strong><\/p>\n\n<ul class=\"wp-block-list\">\n<li><strong>Hauptwirkung<\/strong>: Aktiviert die Blutzirkulation, beseitigt Blutstauungen und beseitigt Blockaden in den Meridianen.<\/li>\n\n\n\n<li><strong>Relevanz f\u00fcr Alzheimer<\/strong>: Behebt Stagnationssyndrome, einschlie\u00dflich Blut- und Schleimstagnation und Leber-Qi-Stagnation.<\/li>\n<\/ul>\n\n<hr class=\"wp-block-separator has-alpha-channel-opacity\"\/>\n\n<p><strong>H\u00e4ufige Syndrome in der TCM im Zusammenhang mit der Alzheimer-Krankheit<\/strong><\/p>\n\n<ol start=\"1\" class=\"wp-block-list\">\n<li><strong>Lungen- und Nieren-Qi-Schw\u00e4che (Sheng Mai San)<\/strong>\n<ul class=\"wp-block-list\">\n<li><strong>Symptome<\/strong>: M\u00fcdigkeit, Kurzatmigkeit, Ged\u00e4chtnisschw\u00e4che.<\/li>\n\n\n\n<li><strong>Empfohlene Kr\u00e4uter<\/strong>: Sheng Mai San zur St\u00e4rkung von Qi und Yin.<\/li>\n<\/ul>\n<\/li>\n\n\n\n<li><strong>Milzschw\u00e4che mit Schleimstauung (Ban Xia Xie Xin Xin Tang)<\/strong>\n<ul class=\"wp-block-list\">\n<li><strong>Symptome<\/strong>: kognitive Verwirrung, Schweregef\u00fchl und schlechte Verdauung.<\/li>\n\n\n\n<li><strong>Empfohlene Kr\u00e4uter<\/strong>: Ban Xia Xie Xie Xin Tang zur Beseitigung von Schleim und zur St\u00e4rkung der Milz.<\/li>\n<\/ul>\n<\/li>\n\n\n\n<li><strong>Milz- und Nierenschw\u00e4che (Fu Zi Li Zhong Wan, Si Shen Wan)<\/strong>\n<ul class=\"wp-block-list\">\n<li><strong>Symptome<\/strong>: Schw\u00e4che, Vergesslichkeit, Verdauungsst\u00f6rungen.<\/li>\n\n\n\n<li><strong>Empfohlene Kr\u00e4uter<\/strong>: Fu Zi Li Zhong Wan und Si Shen Wan, um das Yang zu w\u00e4rmen und die Essenz zu stabilisieren.<\/li>\n<\/ul>\n<\/li>\n\n\n\n<li><strong>Milz- und Nieren-Yang-Mangel mit Schleim-Stagnation (Fu Zi Nan Nan Xing Yu Jin Tang)<\/strong>\n<ul class=\"wp-block-list\">\n<li><strong>Symptome<\/strong>: kalte Gliedma\u00dfen, Konzentrationsschwierigkeiten, Schleimansammlungen.<\/li>\n\n\n\n<li><strong>Empfohlene Kr\u00e4uter<\/strong>: Fu Zi Nan Nan Xing Yu Yu Jin Tang f\u00fcr die Erw\u00e4rmung von Yang und die Umwandlung von Schleim.<\/li>\n<\/ul>\n<\/li>\n\n\n\n<li><strong>Das Feuer des Herzens wird st\u00e4rker (Dao Chi San, San Huang Xie Xin Xin Tang)<\/strong>\n<ul class=\"wp-block-list\">\n<li><strong>Die Symptome<\/strong>: Unruhe, Schlaflosigkeit, Ged\u00e4chtnisverlust.<\/li>\n\n\n\n<li><strong>Empfohlene Kr\u00e4uter<\/strong>: Dao Chi San und San Huang Xie Xin Xin Tang zur Reduzierung von Feuer und zur Beruhigung des Geistes.<\/li>\n<\/ul>\n<\/li>\n\n\n\n<li><strong>Schleim und Feuchtigkeit verdunkeln die \u00d6ffnungen des Herzens (Xi Xin Tang)<\/strong>\n<ul class=\"wp-block-list\">\n<li><strong>Symptome<\/strong>: Verwirrung, geistige Verwirrung, Lethargie.<\/li>\n\n\n\n<li><strong>Empfohlene Kr\u00e4uter<\/strong>: Xi Xin Tang, um Schleim zu vertreiben und L\u00f6cher zu \u00f6ffnen.<\/li>\n<\/ul>\n<\/li>\n\n\n\n<li><strong>Herz- und Milzmangel (Yang Xin Tang)<\/strong>\n<ul class=\"wp-block-list\">\n<li><strong>Symptome<\/strong>: Angstzust\u00e4nde, Vergesslichkeit, Appetitlosigkeit.<\/li>\n\n\n\n<li><strong>Empfohlene Kr\u00e4uter<\/strong>: Yang Xin Tang, um das Herz zu n\u00e4hren und die Milz zu st\u00e4rken.<\/li>\n<\/ul>\n<\/li>\n\n\n\n<li><strong>Stagnation von Leber- und Blut-Qi mit Schleim (Wu Shi Gan Wu Shi Gan Yu Fang Jia Wei)<\/strong>\n<ul class=\"wp-block-list\">\n<li><strong>Symptome<\/strong>: Reizbarkeit, emotionale Instabilit\u00e4t, Apathie.<\/li>\n\n\n\n<li><strong>Empfohlene Kr\u00e4uter<\/strong>: Wu Shi Gan Yu Fang Fang Jia Wei zur Stimulierung der Leber und Beseitigung von Stagnation.<\/li>\n<\/ul>\n<\/li>\n\n\n\n<li><strong>Leber- und Nieren-Yin-Schw\u00e4che mit erh\u00f6htem Leber-Yang, das Wind erzeugt (Tian Ma Gou Teng Yin)<\/strong>\n<ul class=\"wp-block-list\">\n<li><strong>Symptome<\/strong>: Schwindelgef\u00fchl, Kopfschmerzen, Ged\u00e4chtnisverlust.<\/li>\n\n\n\n<li><strong>Empfohlene Kr\u00e4uter<\/strong>: Tian Ma Gou Teng Yin, um das Yin zu n\u00e4hren und das Yang der Leber zu beruhigen.<\/li>\n<\/ul>\n<\/li>\n\n\n\n<li><strong>Leber- und Nieren-Yin-Mangel mit Schleim-Stagnation (Liu Wei Di Huang Wan)<\/strong>\n<ul class=\"wp-block-list\">\n<li><strong>Symptome<\/strong>: Nachtschwei\u00df, Schw\u00e4che, geistiger Verfall.<\/li>\n\n\n\n<li><strong>Empfohlene Kr\u00e4uter<\/strong>: Liu Wei Di Huang Wan, um das Yin zu st\u00e4rken und den Schleim zu beseitigen.<\/li>\n<\/ul>\n<\/li>\n\n\n\n<li><strong>Nieren-Yang-Schw\u00e4che (Jing Gui Shen Qi Wan)<\/strong>\n<ul class=\"wp-block-list\">\n<li><strong>Symptome<\/strong>: K\u00e4ltegef\u00fchl, M\u00fcdigkeit, kognitive Beeintr\u00e4chtigung.<\/li>\n\n\n\n<li><strong>Empfohlene Kr\u00e4uter<\/strong>: Jing Gui Shen Shen Qi Wan zur Wiederherstellung von Yang und Nierenfunktion.<\/li>\n<\/ul>\n<\/li>\n\n\n\n<li><strong>Nierenessenzmangel (Zuo Gui Wan, You Gui Wan, Ren Shen Yang Rong Tang)<\/strong>\n<ul class=\"wp-block-list\">\n<li><strong>Symptome<\/strong>: Alterserscheinungen, Ged\u00e4chtnisschw\u00e4che, extreme M\u00fcdigkeit.<\/li>\n\n\n\n<li><strong>Empfohlene Pflanzen<\/strong>:\n<ul class=\"wp-block-list\">\n<li>Zuo Gui Wan und You Gui Wan f\u00fcr die Wiederherstellung der Essenz.<\/li>\n\n\n\n<li>Ren Shen Yang Rong Tang zur St\u00e4rkung von Qi und Blut.<\/li>\n<\/ul>\n<\/li>\n<\/ul>\n<\/li>\n\n\n\n<li><strong>Blut- und Schleimstagnation (Feng Tan &#8211; Windschleim)<\/strong>\n<ul class=\"wp-block-list\">\n<li><strong>Symptome<\/strong>: Zittern, Schwindel, Verwirrung.<\/li>\n\n\n\n<li><strong>Empfohlene Kr\u00e4uter<\/strong>: Wind zerstreuende und schleiml\u00f6sende Formeln.<\/li>\n<\/ul>\n<\/li>\n<\/ol>\n\n<hr class=\"wp-block-separator has-alpha-channel-opacity\"\/>\n\n<p><strong>Fazit<\/strong><\/p>\n\n<p><strong>Bu Zhong Yi Qi Tang<\/strong> und <strong>Huo Luo Xiao Ling Dan Jia Wei<\/strong> bieten zusammen mit personalisierten TCM-Formeln einen ganzheitlichen Ansatz zur Behandlung der Alzheimer-Krankheit, der auf spezifische Syndrome eingeht. Die Kombination von pflanzlichen Arzneimitteln, \u00c4nderungen des Lebensstils, Akupunktur und di\u00e4tetischer Unterst\u00fctzung kann ihre Wirksamkeit erh\u00f6hen. <\/p>\n\n<p><a href=\"https:\/\/biovitalprotect.ro\/de\/produs\/bu-zhong-yi-yi-qi-tang\/\">Bu Zhong Yi Qi Tang<\/a><br\/><span style=\"color: black; background-color: yellow;\">Hauptwirkung:<\/span> Formel auf der Basis von Ginseng und Astragalus, behebt IQ-Mangel und hilft bei der Vorbeugung und Bek\u00e4mpfung von Alzheimer. Die ersten Ergebnisse sind nach 14 Tagen der Behandlung zu sehen.<\/p>\n\n<p><br\/>Huo Luo Xiao Xiao Ling Dan Jia Wei<span style=\"color: black; background-color: yellow;\">Hauptwirkung:<\/span> belebt das Blut, beseitigt Blutstau, beseitigt Kollateralsch\u00e4den, lindert Schmerzen<\/p>\n\n<p><\/p>\n","protected":false},"excerpt":{"rendered":"<p>Einf\u00fchrung Die Alzheimer-Krankheit ist eine fortschreitende neurologische Erkrankung, die h\u00e4ufig mit Defiziten und Ungleichgewichten im K\u00f6rper einhergeht. Die Traditionelle Chinesische Medizin (TCM) bietet einzigartige Ans\u00e4tze zur Behandlung der Symptome von Alzheimer, indem sie die Ursachen mit Kr\u00e4uterrezepturen und syndromaler Differenzierung behandelt. Auf dieser Seite erfahren Sie, wie bestimmte TCM-Produkte &#8211; BuZhong Yi Qi Tang und [&hellip;]<\/p>\n","protected":false},"author":1,"featured_media":0,"parent":0,"menu_order":0,"comment_status":"closed","ping_status":"closed","template":"","meta":{"_acf_changed":false,"jetpack_post_was_ever_published":false,"footnotes":""},"class_list":["post-370","page","type-page","status-publish","hentry"],"acf":[],"yoast_head":"<!-- This site is optimized with the Yoast SEO Premium plugin v26.6 (Yoast SEO v27.6) - https:\/\/yoast.com\/product\/yoast-seo-premium-wordpress\/ -->\n<title>Heilmittel f\u00fcr Alzheimer - Bio Vital Protect +40775351367<\/title>\n<meta name=\"description\" content=\"Heilmittel f\u00fcr Alzheimer Bio Vital Protect +40775351367\" \/>\n<meta name=\"robots\" content=\"index, follow, max-snippet:-1, max-image-preview:large, max-video-preview:-1\" \/>\n<link rel=\"canonical\" href=\"https:\/\/biovitalprotect.ro\/de\/heilmittel-fuer-alzheimer\/\" \/>\n<meta property=\"og:locale\" content=\"de_DE\" \/>\n<meta property=\"og:type\" content=\"article\" \/>\n<meta property=\"og:title\" content=\"Heilmittel f\u00fcr Alzheimer\" \/>\n<meta property=\"og:description\" content=\"Heilmittel f\u00fcr Alzheimer\" \/>\n<meta property=\"og:url\" content=\"https:\/\/biovitalprotect.ro\/de\/heilmittel-fuer-alzheimer\/\" \/>\n<meta property=\"og:site_name\" content=\"Bio Vital Protect +40775351367\" \/>\n<meta property=\"article:publisher\" content=\"https:\/\/www.facebook.com\/people\/Bio-Vital-Protect\/61571520557481\/\" \/>\n<meta property=\"article:modified_time\" content=\"2025-01-12T14:05:04+00:00\" \/>\n<meta property=\"og:image\" content=\"https:\/\/biovitalprotect.ro\/wp-content\/uploads\/2025\/01\/logo_biovital-1.png\" \/>\n\t<meta property=\"og:image:width\" content=\"495\" \/>\n\t<meta property=\"og:image:height\" content=\"418\" \/>\n\t<meta property=\"og:image:type\" content=\"image\/png\" \/>\n<meta name=\"twitter:card\" content=\"summary_large_image\" \/>\n<meta name=\"twitter:label1\" content=\"Gesch\u00e4tzte Lesezeit\" \/>\n\t<meta name=\"twitter:data1\" content=\"4\u00a0Minuten\" \/>\n<script type=\"application\/ld+json\" class=\"yoast-schema-graph\">{\"@context\":\"https:\\\/\\\/schema.org\",\"@graph\":[{\"@type\":[\"Article\",\"BlogPosting\"],\"@id\":\"https:\\\/\\\/biovitalprotect.ro\\\/de\\\/heilmittel-fuer-alzheimer\\\/#article\",\"isPartOf\":{\"@id\":\"https:\\\/\\\/biovitalprotect.ro\\\/de\\\/heilmittel-fuer-alzheimer\\\/\"},\"author\":{\"name\":\"admin\",\"@id\":\"https:\\\/\\\/biovitalprotect.ro\\\/de\\\/#\\\/schema\\\/person\\\/14b2f8ba11f4e22e731111934965a475\"},\"headline\":\"Heilmittel f\u00fcr Alzheimer\",\"datePublished\":\"2025-01-03T06:34:39+00:00\",\"dateModified\":\"2025-01-12T14:05:04+00:00\",\"mainEntityOfPage\":{\"@id\":\"https:\\\/\\\/biovitalprotect.ro\\\/de\\\/heilmittel-fuer-alzheimer\\\/\"},\"wordCount\":748,\"publisher\":{\"@id\":\"https:\\\/\\\/biovitalprotect.ro\\\/de\\\/#organization\"},\"inLanguage\":\"de\"},{\"@type\":\"WebPage\",\"@id\":\"https:\\\/\\\/biovitalprotect.ro\\\/de\\\/heilmittel-fuer-alzheimer\\\/\",\"url\":\"https:\\\/\\\/biovitalprotect.ro\\\/de\\\/heilmittel-fuer-alzheimer\\\/\",\"name\":\"Heilmittel f\u00fcr Alzheimer - Bio Vital Protect +40775351367\",\"isPartOf\":{\"@id\":\"https:\\\/\\\/biovitalprotect.ro\\\/de\\\/#website\"},\"datePublished\":\"2025-01-03T06:34:39+00:00\",\"dateModified\":\"2025-01-12T14:05:04+00:00\",\"description\":\"Heilmittel f\u00fcr Alzheimer Bio Vital Protect +40775351367\",\"breadcrumb\":{\"@id\":\"https:\\\/\\\/biovitalprotect.ro\\\/de\\\/heilmittel-fuer-alzheimer\\\/#breadcrumb\"},\"inLanguage\":\"de\",\"potentialAction\":[{\"@type\":\"ReadAction\",\"target\":[\"https:\\\/\\\/biovitalprotect.ro\\\/de\\\/heilmittel-fuer-alzheimer\\\/\"]}]},{\"@type\":\"BreadcrumbList\",\"@id\":\"https:\\\/\\\/biovitalprotect.ro\\\/de\\\/heilmittel-fuer-alzheimer\\\/#breadcrumb\",\"itemListElement\":[{\"@type\":\"ListItem\",\"position\":1,\"name\":\"Prima pagin\u0103\",\"item\":\"https:\\\/\\\/biovitalprotect.ro\\\/de\\\/\"},{\"@type\":\"ListItem\",\"position\":2,\"name\":\"Heilmittel f\u00fcr Alzheimer\"}]},{\"@type\":\"WebSite\",\"@id\":\"https:\\\/\\\/biovitalprotect.ro\\\/de\\\/#website\",\"url\":\"https:\\\/\\\/biovitalprotect.ro\\\/de\\\/\",\"name\":\"Bio Vital Protect - Suplimente chinezesti\",\"description\":\"Pflanzliche Nahrungserg\u00e4nzungsmittel, die in der chinesischen Medizin zur Behandlung verschiedener Erkrankungen eingesetzt werden\",\"publisher\":{\"@id\":\"https:\\\/\\\/biovitalprotect.ro\\\/de\\\/#organization\"},\"alternateName\":\"Bio Vital Protect\",\"potentialAction\":[{\"@type\":\"SearchAction\",\"target\":{\"@type\":\"EntryPoint\",\"urlTemplate\":\"https:\\\/\\\/biovitalprotect.ro\\\/de\\\/?s={search_term_string}\"},\"query-input\":{\"@type\":\"PropertyValueSpecification\",\"valueRequired\":true,\"valueName\":\"search_term_string\"}}],\"inLanguage\":\"de\"},{\"@type\":\"Organization\",\"@id\":\"https:\\\/\\\/biovitalprotect.ro\\\/de\\\/#organization\",\"name\":\"Bio Vital Protect - Suplimente chinezesti\",\"alternateName\":\"Bio Vital Protect\",\"url\":\"https:\\\/\\\/biovitalprotect.ro\\\/de\\\/\",\"logo\":{\"@type\":\"ImageObject\",\"inLanguage\":\"de\",\"@id\":\"https:\\\/\\\/biovitalprotect.ro\\\/de\\\/#\\\/schema\\\/logo\\\/image\\\/\",\"url\":\"https:\\\/\\\/biovitalprotect.ro\\\/wp-content\\\/uploads\\\/2025\\\/01\\\/logo_biovital-1024x574.png\",\"contentUrl\":\"https:\\\/\\\/biovitalprotect.ro\\\/wp-content\\\/uploads\\\/2025\\\/01\\\/logo_biovital-1024x574.png\",\"width\":1024,\"height\":574,\"caption\":\"Bio Vital Protect - Suplimente chinezesti\"},\"image\":{\"@id\":\"https:\\\/\\\/biovitalprotect.ro\\\/de\\\/#\\\/schema\\\/logo\\\/image\\\/\"},\"sameAs\":[\"https:\\\/\\\/www.facebook.com\\\/people\\\/Bio-Vital-Protect\\\/61571520557481\\\/\"],\"description\":\"Bio Vital Protect - Naturopatie Chinezeasca\",\"email\":\"contact@biovitalprotect.ro\",\"telephone\":\"40775351367\",\"legalName\":\"BIO VITAL PROTECT SRL\",\"foundingDate\":\"2015-05-01\",\"numberOfEmployees\":{\"@type\":\"QuantitativeValue\",\"minValue\":\"1\",\"maxValue\":\"10\"}},{\"@type\":\"Person\",\"@id\":\"https:\\\/\\\/biovitalprotect.ro\\\/de\\\/#\\\/schema\\\/person\\\/14b2f8ba11f4e22e731111934965a475\",\"name\":\"admin\",\"image\":{\"@type\":\"ImageObject\",\"inLanguage\":\"de\",\"@id\":\"https:\\\/\\\/secure.gravatar.com\\\/avatar\\\/4ff49440994f721bd931ade46837ff57eab1d374dd9008422cf3c55c69d5c455?s=96&d=mm&r=g\",\"url\":\"https:\\\/\\\/secure.gravatar.com\\\/avatar\\\/4ff49440994f721bd931ade46837ff57eab1d374dd9008422cf3c55c69d5c455?s=96&d=mm&r=g\",\"contentUrl\":\"https:\\\/\\\/secure.gravatar.com\\\/avatar\\\/4ff49440994f721bd931ade46837ff57eab1d374dd9008422cf3c55c69d5c455?s=96&d=mm&r=g\",\"caption\":\"admin\"},\"sameAs\":[\"https:\\\/\\\/biovitalprotect.ro\"],\"url\":\"https:\\\/\\\/biovitalprotect.ro\\\/de\\\/author\\\/biovitalprotect\\\/\"}]}<\/script>\n<!-- \/ Yoast SEO Premium plugin. -->","yoast_head_json":{"title":"Heilmittel f\u00fcr Alzheimer - Bio Vital Protect +40775351367","description":"Heilmittel f\u00fcr Alzheimer Bio Vital Protect +40775351367","robots":{"index":"index","follow":"follow","max-snippet":"max-snippet:-1","max-image-preview":"max-image-preview:large","max-video-preview":"max-video-preview:-1"},"canonical":"https:\/\/biovitalprotect.ro\/de\/heilmittel-fuer-alzheimer\/","og_locale":"de_DE","og_type":"article","og_title":"Heilmittel f\u00fcr Alzheimer","og_description":"Heilmittel f\u00fcr Alzheimer","og_url":"https:\/\/biovitalprotect.ro\/de\/heilmittel-fuer-alzheimer\/","og_site_name":"Bio Vital Protect +40775351367","article_publisher":"https:\/\/www.facebook.com\/people\/Bio-Vital-Protect\/61571520557481\/","article_modified_time":"2025-01-12T14:05:04+00:00","og_image":[{"width":495,"height":418,"url":"https:\/\/biovitalprotect.ro\/wp-content\/uploads\/2025\/01\/logo_biovital-1.png","type":"image\/png"}],"twitter_card":"summary_large_image","twitter_misc":{"Gesch\u00e4tzte Lesezeit":"4\u00a0Minuten"},"schema":{"@context":"https:\/\/schema.org","@graph":[{"@type":["Article","BlogPosting"],"@id":"https:\/\/biovitalprotect.ro\/de\/heilmittel-fuer-alzheimer\/#article","isPartOf":{"@id":"https:\/\/biovitalprotect.ro\/de\/heilmittel-fuer-alzheimer\/"},"author":{"name":"admin","@id":"https:\/\/biovitalprotect.ro\/de\/#\/schema\/person\/14b2f8ba11f4e22e731111934965a475"},"headline":"Heilmittel f\u00fcr Alzheimer","datePublished":"2025-01-03T06:34:39+00:00","dateModified":"2025-01-12T14:05:04+00:00","mainEntityOfPage":{"@id":"https:\/\/biovitalprotect.ro\/de\/heilmittel-fuer-alzheimer\/"},"wordCount":748,"publisher":{"@id":"https:\/\/biovitalprotect.ro\/de\/#organization"},"inLanguage":"de"},{"@type":"WebPage","@id":"https:\/\/biovitalprotect.ro\/de\/heilmittel-fuer-alzheimer\/","url":"https:\/\/biovitalprotect.ro\/de\/heilmittel-fuer-alzheimer\/","name":"Heilmittel f\u00fcr Alzheimer - Bio Vital Protect +40775351367","isPartOf":{"@id":"https:\/\/biovitalprotect.ro\/de\/#website"},"datePublished":"2025-01-03T06:34:39+00:00","dateModified":"2025-01-12T14:05:04+00:00","description":"Heilmittel f\u00fcr Alzheimer Bio Vital Protect +40775351367","breadcrumb":{"@id":"https:\/\/biovitalprotect.ro\/de\/heilmittel-fuer-alzheimer\/#breadcrumb"},"inLanguage":"de","potentialAction":[{"@type":"ReadAction","target":["https:\/\/biovitalprotect.ro\/de\/heilmittel-fuer-alzheimer\/"]}]},{"@type":"BreadcrumbList","@id":"https:\/\/biovitalprotect.ro\/de\/heilmittel-fuer-alzheimer\/#breadcrumb","itemListElement":[{"@type":"ListItem","position":1,"name":"Prima pagin\u0103","item":"https:\/\/biovitalprotect.ro\/de\/"},{"@type":"ListItem","position":2,"name":"Heilmittel f\u00fcr Alzheimer"}]},{"@type":"WebSite","@id":"https:\/\/biovitalprotect.ro\/de\/#website","url":"https:\/\/biovitalprotect.ro\/de\/","name":"Bio Vital Protect - Suplimente chinezesti","description":"Pflanzliche Nahrungserg\u00e4nzungsmittel, die in der chinesischen Medizin zur Behandlung verschiedener Erkrankungen eingesetzt werden","publisher":{"@id":"https:\/\/biovitalprotect.ro\/de\/#organization"},"alternateName":"Bio Vital Protect","potentialAction":[{"@type":"SearchAction","target":{"@type":"EntryPoint","urlTemplate":"https:\/\/biovitalprotect.ro\/de\/?s={search_term_string}"},"query-input":{"@type":"PropertyValueSpecification","valueRequired":true,"valueName":"search_term_string"}}],"inLanguage":"de"},{"@type":"Organization","@id":"https:\/\/biovitalprotect.ro\/de\/#organization","name":"Bio Vital Protect - Suplimente chinezesti","alternateName":"Bio Vital Protect","url":"https:\/\/biovitalprotect.ro\/de\/","logo":{"@type":"ImageObject","inLanguage":"de","@id":"https:\/\/biovitalprotect.ro\/de\/#\/schema\/logo\/image\/","url":"https:\/\/biovitalprotect.ro\/wp-content\/uploads\/2025\/01\/logo_biovital-1024x574.png","contentUrl":"https:\/\/biovitalprotect.ro\/wp-content\/uploads\/2025\/01\/logo_biovital-1024x574.png","width":1024,"height":574,"caption":"Bio Vital Protect - Suplimente chinezesti"},"image":{"@id":"https:\/\/biovitalprotect.ro\/de\/#\/schema\/logo\/image\/"},"sameAs":["https:\/\/www.facebook.com\/people\/Bio-Vital-Protect\/61571520557481\/"],"description":"Bio Vital Protect - Naturopatie Chinezeasca","email":"contact@biovitalprotect.ro","telephone":"40775351367","legalName":"BIO VITAL PROTECT SRL","foundingDate":"2015-05-01","numberOfEmployees":{"@type":"QuantitativeValue","minValue":"1","maxValue":"10"}},{"@type":"Person","@id":"https:\/\/biovitalprotect.ro\/de\/#\/schema\/person\/14b2f8ba11f4e22e731111934965a475","name":"admin","image":{"@type":"ImageObject","inLanguage":"de","@id":"https:\/\/secure.gravatar.com\/avatar\/4ff49440994f721bd931ade46837ff57eab1d374dd9008422cf3c55c69d5c455?s=96&d=mm&r=g","url":"https:\/\/secure.gravatar.com\/avatar\/4ff49440994f721bd931ade46837ff57eab1d374dd9008422cf3c55c69d5c455?s=96&d=mm&r=g","contentUrl":"https:\/\/secure.gravatar.com\/avatar\/4ff49440994f721bd931ade46837ff57eab1d374dd9008422cf3c55c69d5c455?s=96&d=mm&r=g","caption":"admin"},"sameAs":["https:\/\/biovitalprotect.ro"],"url":"https:\/\/biovitalprotect.ro\/de\/author\/biovitalprotect\/"}]}},"jetpack_sharing_enabled":true,"_links":{"self":[{"href":"https:\/\/biovitalprotect.ro\/de\/wp-json\/wp\/v2\/pages\/370","targetHints":{"allow":["GET"]}}],"collection":[{"href":"https:\/\/biovitalprotect.ro\/de\/wp-json\/wp\/v2\/pages"}],"about":[{"href":"https:\/\/biovitalprotect.ro\/de\/wp-json\/wp\/v2\/types\/page"}],"author":[{"embeddable":true,"href":"https:\/\/biovitalprotect.ro\/de\/wp-json\/wp\/v2\/users\/1"}],"replies":[{"embeddable":true,"href":"https:\/\/biovitalprotect.ro\/de\/wp-json\/wp\/v2\/comments?post=370"}],"version-history":[{"count":4,"href":"https:\/\/biovitalprotect.ro\/de\/wp-json\/wp\/v2\/pages\/370\/revisions"}],"predecessor-version":[{"id":718,"href":"https:\/\/biovitalprotect.ro\/de\/wp-json\/wp\/v2\/pages\/370\/revisions\/718"}],"wp:attachment":[{"href":"https:\/\/biovitalprotect.ro\/de\/wp-json\/wp\/v2\/media?parent=370"}],"curies":[{"name":"wp","href":"https:\/\/api.w.org\/{rel}","templated":true}]}}