{"id":376,"date":"2025-01-02T07:29:40","date_gmt":"2025-01-02T07:29:40","guid":{"rendered":"https:\/\/biovitalprotect.ro\/ueber-uns\/"},"modified":"2025-01-07T21:11:08","modified_gmt":"2025-01-07T21:11:08","slug":"ueber-uns","status":"publish","type":"page","link":"https:\/\/biovitalprotect.ro\/de\/ueber-uns\/","title":{"rendered":"\u00dcber uns"},"content":{"rendered":"\n<h3 class=\"wp-block-heading\"><strong>Wer wir sind<\/strong><\/h3>\n\n<p>Wir sind Bio Vital Protect Romania, Vertreiber von traditionellen chinesischen Formeln mit Sitz in Cluj-Napoca.  <\/p>\n\n<h3 class=\"wp-block-heading\"><strong>Unser Auftrag<\/strong><\/h3>\n\n<p>Unser Ziel ist es, der rum\u00e4nischen Gemeinschaft die Vorteile der Traditionellen Chinesischen Medizin (TCM) n\u00e4her zu bringen. Wir glauben an die heilende Kraft der Natur und haben uns verpflichtet, hochwertige Produkte anzubieten, die Gesundheit und Wohlbefinden f\u00f6rdern.<\/p>\n\n<h3 class=\"wp-block-heading\"><\/h3>\n\n<h3 class=\"wp-block-heading\"><strong>Unser Team<\/strong><\/h3>\n\n<p>Unser Team besteht aus Experten f\u00fcr Traditionelle Chinesische Medizin und engagierten Fachleuten, die Ihnen mit fachkundigem Rat und pers\u00f6nlichen Empfehlungen bei der Auswahl der f\u00fcr Sie am besten geeigneten Produkte zur Seite stehen.<\/p>\n\n<h3 class=\"wp-block-heading\">Kontakt<\/h3>\n\n<p>Wenn Sie Fragen haben oder weitere Informationen w\u00fcnschen, z\u00f6gern Sie bitte nicht, uns zu kontaktieren:<\/p>\n\n<ul class=\"wp-block-list\">\n<li><strong>E-Mail:<\/strong> <a>contact@biovitalprotect.ro<\/a><\/li>\n\n\n\n<li><strong>Telefon:<\/strong> +40775351367<\/li>\n\n\n\n<li><strong>Programm:<\/strong> Montag &#8211; Freitag, 7:00 &#8211; 18:00<\/li>\n<\/ul>\n\n<p>Vielen Dank, dass Sie sich f\u00fcr Bio Vital Protect Romania entschieden haben. Wir sind bestrebt, Ihnen Produkte von h\u00f6chster Qualit\u00e4t f\u00fcr Ihre Gesundheit und Ihr Wohlbefinden zu liefern.<\/p>\n\n<p><\/p>\n","protected":false},"excerpt":{"rendered":"<p>Wer wir sind Wir sind Bio Vital Protect Romania, Vertreiber von traditionellen chinesischen Formeln mit Sitz in Cluj-Napoca. Unser Auftrag Unser Ziel ist es, der rum\u00e4nischen Gemeinschaft die Vorteile der Traditionellen Chinesischen Medizin (TCM) n\u00e4her zu bringen. Wir glauben an die heilende Kraft der Natur und haben uns verpflichtet, hochwertige Produkte anzubieten, die Gesundheit und [&hellip;]<\/p>\n","protected":false},"author":1,"featured_media":0,"parent":0,"menu_order":0,"comment_status":"closed","ping_status":"open","template":"","meta":{"_acf_changed":false,"jetpack_post_was_ever_published":false,"footnotes":""},"class_list":["post-376","page","type-page","status-publish","hentry"],"acf":[],"yoast_head":"<!-- This site is optimized with the Yoast SEO Premium plugin v26.6 (Yoast SEO v27.6) - https:\/\/yoast.com\/product\/yoast-seo-premium-wordpress\/ -->\n<title>\u00dcber uns - Bio Vital Protect +40775351367<\/title>\n<meta name=\"description\" content=\"\u00dcber uns Bio Vital Protect +40775351367\" \/>\n<meta name=\"robots\" content=\"index, follow, max-snippet:-1, max-image-preview:large, max-video-preview:-1\" \/>\n<link rel=\"canonical\" href=\"https:\/\/biovitalprotect.ro\/de\/ueber-uns\/\" \/>\n<meta property=\"og:locale\" content=\"de_DE\" \/>\n<meta property=\"og:type\" content=\"article\" \/>\n<meta property=\"og:title\" content=\"\u00dcber uns\" \/>\n<meta property=\"og:description\" content=\"\u00dcber uns\" \/>\n<meta property=\"og:url\" content=\"https:\/\/biovitalprotect.ro\/de\/ueber-uns\/\" \/>\n<meta property=\"og:site_name\" content=\"Bio Vital Protect +40775351367\" \/>\n<meta property=\"article:publisher\" content=\"https:\/\/www.facebook.com\/people\/Bio-Vital-Protect\/61571520557481\/\" \/>\n<meta property=\"article:modified_time\" content=\"2025-01-07T21:11:08+00:00\" \/>\n<meta property=\"og:image\" content=\"https:\/\/biovitalprotect.ro\/wp-content\/uploads\/2025\/01\/logo_biovital-1.png\" \/>\n\t<meta property=\"og:image:width\" content=\"495\" \/>\n\t<meta property=\"og:image:height\" content=\"418\" \/>\n\t<meta property=\"og:image:type\" content=\"image\/png\" \/>\n<meta name=\"twitter:card\" content=\"summary_large_image\" \/>\n<meta name=\"twitter:label1\" content=\"Gesch\u00e4tzte Lesezeit\" \/>\n\t<meta name=\"twitter:data1\" content=\"1\u00a0Minute\" \/>\n<script type=\"application\/ld+json\" class=\"yoast-schema-graph\">{\"@context\":\"https:\\\/\\\/schema.org\",\"@graph\":[{\"@type\":[\"Article\",\"BlogPosting\"],\"@id\":\"https:\\\/\\\/biovitalprotect.ro\\\/de\\\/ueber-uns\\\/#article\",\"isPartOf\":{\"@id\":\"https:\\\/\\\/biovitalprotect.ro\\\/de\\\/ueber-uns\\\/\"},\"author\":{\"name\":\"admin\",\"@id\":\"https:\\\/\\\/biovitalprotect.ro\\\/de\\\/#\\\/schema\\\/person\\\/14b2f8ba11f4e22e731111934965a475\"},\"headline\":\"\u00dcber uns\",\"datePublished\":\"2025-01-02T07:29:40+00:00\",\"dateModified\":\"2025-01-07T21:11:08+00:00\",\"mainEntityOfPage\":{\"@id\":\"https:\\\/\\\/biovitalprotect.ro\\\/de\\\/ueber-uns\\\/\"},\"wordCount\":160,\"publisher\":{\"@id\":\"https:\\\/\\\/biovitalprotect.ro\\\/de\\\/#organization\"},\"inLanguage\":\"de\"},{\"@type\":\"WebPage\",\"@id\":\"https:\\\/\\\/biovitalprotect.ro\\\/de\\\/ueber-uns\\\/\",\"url\":\"https:\\\/\\\/biovitalprotect.ro\\\/de\\\/ueber-uns\\\/\",\"name\":\"\u00dcber uns - Bio Vital Protect +40775351367\",\"isPartOf\":{\"@id\":\"https:\\\/\\\/biovitalprotect.ro\\\/de\\\/#website\"},\"datePublished\":\"2025-01-02T07:29:40+00:00\",\"dateModified\":\"2025-01-07T21:11:08+00:00\",\"description\":\"\u00dcber uns Bio Vital Protect +40775351367\",\"breadcrumb\":{\"@id\":\"https:\\\/\\\/biovitalprotect.ro\\\/de\\\/ueber-uns\\\/#breadcrumb\"},\"inLanguage\":\"de\",\"potentialAction\":[{\"@type\":\"ReadAction\",\"target\":[\"https:\\\/\\\/biovitalprotect.ro\\\/de\\\/ueber-uns\\\/\"]}]},{\"@type\":\"BreadcrumbList\",\"@id\":\"https:\\\/\\\/biovitalprotect.ro\\\/de\\\/ueber-uns\\\/#breadcrumb\",\"itemListElement\":[{\"@type\":\"ListItem\",\"position\":1,\"name\":\"Prima pagin\u0103\",\"item\":\"https:\\\/\\\/biovitalprotect.ro\\\/de\\\/\"},{\"@type\":\"ListItem\",\"position\":2,\"name\":\"\u00dcber uns\"}]},{\"@type\":\"WebSite\",\"@id\":\"https:\\\/\\\/biovitalprotect.ro\\\/de\\\/#website\",\"url\":\"https:\\\/\\\/biovitalprotect.ro\\\/de\\\/\",\"name\":\"Bio Vital Protect - Suplimente chinezesti\",\"description\":\"Pflanzliche Nahrungserg\u00e4nzungsmittel, die in der chinesischen Medizin zur Behandlung verschiedener Erkrankungen eingesetzt werden\",\"publisher\":{\"@id\":\"https:\\\/\\\/biovitalprotect.ro\\\/de\\\/#organization\"},\"alternateName\":\"Bio Vital Protect\",\"potentialAction\":[{\"@type\":\"SearchAction\",\"target\":{\"@type\":\"EntryPoint\",\"urlTemplate\":\"https:\\\/\\\/biovitalprotect.ro\\\/de\\\/?s={search_term_string}\"},\"query-input\":{\"@type\":\"PropertyValueSpecification\",\"valueRequired\":true,\"valueName\":\"search_term_string\"}}],\"inLanguage\":\"de\"},{\"@type\":\"Organization\",\"@id\":\"https:\\\/\\\/biovitalprotect.ro\\\/de\\\/#organization\",\"name\":\"Bio Vital Protect - Suplimente chinezesti\",\"alternateName\":\"Bio Vital Protect\",\"url\":\"https:\\\/\\\/biovitalprotect.ro\\\/de\\\/\",\"logo\":{\"@type\":\"ImageObject\",\"inLanguage\":\"de\",\"@id\":\"https:\\\/\\\/biovitalprotect.ro\\\/de\\\/#\\\/schema\\\/logo\\\/image\\\/\",\"url\":\"https:\\\/\\\/biovitalprotect.ro\\\/wp-content\\\/uploads\\\/2025\\\/01\\\/logo_biovital-1024x574.png\",\"contentUrl\":\"https:\\\/\\\/biovitalprotect.ro\\\/wp-content\\\/uploads\\\/2025\\\/01\\\/logo_biovital-1024x574.png\",\"width\":1024,\"height\":574,\"caption\":\"Bio Vital Protect - Suplimente chinezesti\"},\"image\":{\"@id\":\"https:\\\/\\\/biovitalprotect.ro\\\/de\\\/#\\\/schema\\\/logo\\\/image\\\/\"},\"sameAs\":[\"https:\\\/\\\/www.facebook.com\\\/people\\\/Bio-Vital-Protect\\\/61571520557481\\\/\"],\"description\":\"Bio Vital Protect - Naturopatie Chinezeasca\",\"email\":\"contact@biovitalprotect.ro\",\"telephone\":\"40775351367\",\"legalName\":\"BIO VITAL PROTECT SRL\",\"foundingDate\":\"2015-05-01\",\"numberOfEmployees\":{\"@type\":\"QuantitativeValue\",\"minValue\":\"1\",\"maxValue\":\"10\"}},{\"@type\":\"Person\",\"@id\":\"https:\\\/\\\/biovitalprotect.ro\\\/de\\\/#\\\/schema\\\/person\\\/14b2f8ba11f4e22e731111934965a475\",\"name\":\"admin\",\"image\":{\"@type\":\"ImageObject\",\"inLanguage\":\"de\",\"@id\":\"https:\\\/\\\/secure.gravatar.com\\\/avatar\\\/4ff49440994f721bd931ade46837ff57eab1d374dd9008422cf3c55c69d5c455?s=96&d=mm&r=g\",\"url\":\"https:\\\/\\\/secure.gravatar.com\\\/avatar\\\/4ff49440994f721bd931ade46837ff57eab1d374dd9008422cf3c55c69d5c455?s=96&d=mm&r=g\",\"contentUrl\":\"https:\\\/\\\/secure.gravatar.com\\\/avatar\\\/4ff49440994f721bd931ade46837ff57eab1d374dd9008422cf3c55c69d5c455?s=96&d=mm&r=g\",\"caption\":\"admin\"},\"sameAs\":[\"https:\\\/\\\/biovitalprotect.ro\"],\"url\":\"https:\\\/\\\/biovitalprotect.ro\\\/de\\\/author\\\/biovitalprotect\\\/\"}]}<\/script>\n<!-- \/ Yoast SEO Premium plugin. -->","yoast_head_json":{"title":"\u00dcber uns - Bio Vital Protect +40775351367","description":"\u00dcber uns Bio Vital Protect +40775351367","robots":{"index":"index","follow":"follow","max-snippet":"max-snippet:-1","max-image-preview":"max-image-preview:large","max-video-preview":"max-video-preview:-1"},"canonical":"https:\/\/biovitalprotect.ro\/de\/ueber-uns\/","og_locale":"de_DE","og_type":"article","og_title":"\u00dcber uns","og_description":"\u00dcber uns","og_url":"https:\/\/biovitalprotect.ro\/de\/ueber-uns\/","og_site_name":"Bio Vital Protect +40775351367","article_publisher":"https:\/\/www.facebook.com\/people\/Bio-Vital-Protect\/61571520557481\/","article_modified_time":"2025-01-07T21:11:08+00:00","og_image":[{"width":495,"height":418,"url":"https:\/\/biovitalprotect.ro\/wp-content\/uploads\/2025\/01\/logo_biovital-1.png","type":"image\/png"}],"twitter_card":"summary_large_image","twitter_misc":{"Gesch\u00e4tzte Lesezeit":"1\u00a0Minute"},"schema":{"@context":"https:\/\/schema.org","@graph":[{"@type":["Article","BlogPosting"],"@id":"https:\/\/biovitalprotect.ro\/de\/ueber-uns\/#article","isPartOf":{"@id":"https:\/\/biovitalprotect.ro\/de\/ueber-uns\/"},"author":{"name":"admin","@id":"https:\/\/biovitalprotect.ro\/de\/#\/schema\/person\/14b2f8ba11f4e22e731111934965a475"},"headline":"\u00dcber uns","datePublished":"2025-01-02T07:29:40+00:00","dateModified":"2025-01-07T21:11:08+00:00","mainEntityOfPage":{"@id":"https:\/\/biovitalprotect.ro\/de\/ueber-uns\/"},"wordCount":160,"publisher":{"@id":"https:\/\/biovitalprotect.ro\/de\/#organization"},"inLanguage":"de"},{"@type":"WebPage","@id":"https:\/\/biovitalprotect.ro\/de\/ueber-uns\/","url":"https:\/\/biovitalprotect.ro\/de\/ueber-uns\/","name":"\u00dcber uns - Bio Vital Protect +40775351367","isPartOf":{"@id":"https:\/\/biovitalprotect.ro\/de\/#website"},"datePublished":"2025-01-02T07:29:40+00:00","dateModified":"2025-01-07T21:11:08+00:00","description":"\u00dcber uns Bio Vital Protect +40775351367","breadcrumb":{"@id":"https:\/\/biovitalprotect.ro\/de\/ueber-uns\/#breadcrumb"},"inLanguage":"de","potentialAction":[{"@type":"ReadAction","target":["https:\/\/biovitalprotect.ro\/de\/ueber-uns\/"]}]},{"@type":"BreadcrumbList","@id":"https:\/\/biovitalprotect.ro\/de\/ueber-uns\/#breadcrumb","itemListElement":[{"@type":"ListItem","position":1,"name":"Prima pagin\u0103","item":"https:\/\/biovitalprotect.ro\/de\/"},{"@type":"ListItem","position":2,"name":"\u00dcber uns"}]},{"@type":"WebSite","@id":"https:\/\/biovitalprotect.ro\/de\/#website","url":"https:\/\/biovitalprotect.ro\/de\/","name":"Bio Vital Protect - Suplimente chinezesti","description":"Pflanzliche Nahrungserg\u00e4nzungsmittel, die in der chinesischen Medizin zur Behandlung verschiedener Erkrankungen eingesetzt werden","publisher":{"@id":"https:\/\/biovitalprotect.ro\/de\/#organization"},"alternateName":"Bio Vital Protect","potentialAction":[{"@type":"SearchAction","target":{"@type":"EntryPoint","urlTemplate":"https:\/\/biovitalprotect.ro\/de\/?s={search_term_string}"},"query-input":{"@type":"PropertyValueSpecification","valueRequired":true,"valueName":"search_term_string"}}],"inLanguage":"de"},{"@type":"Organization","@id":"https:\/\/biovitalprotect.ro\/de\/#organization","name":"Bio Vital Protect - Suplimente chinezesti","alternateName":"Bio Vital Protect","url":"https:\/\/biovitalprotect.ro\/de\/","logo":{"@type":"ImageObject","inLanguage":"de","@id":"https:\/\/biovitalprotect.ro\/de\/#\/schema\/logo\/image\/","url":"https:\/\/biovitalprotect.ro\/wp-content\/uploads\/2025\/01\/logo_biovital-1024x574.png","contentUrl":"https:\/\/biovitalprotect.ro\/wp-content\/uploads\/2025\/01\/logo_biovital-1024x574.png","width":1024,"height":574,"caption":"Bio Vital Protect - Suplimente chinezesti"},"image":{"@id":"https:\/\/biovitalprotect.ro\/de\/#\/schema\/logo\/image\/"},"sameAs":["https:\/\/www.facebook.com\/people\/Bio-Vital-Protect\/61571520557481\/"],"description":"Bio Vital Protect - Naturopatie Chinezeasca","email":"contact@biovitalprotect.ro","telephone":"40775351367","legalName":"BIO VITAL PROTECT SRL","foundingDate":"2015-05-01","numberOfEmployees":{"@type":"QuantitativeValue","minValue":"1","maxValue":"10"}},{"@type":"Person","@id":"https:\/\/biovitalprotect.ro\/de\/#\/schema\/person\/14b2f8ba11f4e22e731111934965a475","name":"admin","image":{"@type":"ImageObject","inLanguage":"de","@id":"https:\/\/secure.gravatar.com\/avatar\/4ff49440994f721bd931ade46837ff57eab1d374dd9008422cf3c55c69d5c455?s=96&d=mm&r=g","url":"https:\/\/secure.gravatar.com\/avatar\/4ff49440994f721bd931ade46837ff57eab1d374dd9008422cf3c55c69d5c455?s=96&d=mm&r=g","contentUrl":"https:\/\/secure.gravatar.com\/avatar\/4ff49440994f721bd931ade46837ff57eab1d374dd9008422cf3c55c69d5c455?s=96&d=mm&r=g","caption":"admin"},"sameAs":["https:\/\/biovitalprotect.ro"],"url":"https:\/\/biovitalprotect.ro\/de\/author\/biovitalprotect\/"}]}},"jetpack_sharing_enabled":true,"_links":{"self":[{"href":"https:\/\/biovitalprotect.ro\/de\/wp-json\/wp\/v2\/pages\/376","targetHints":{"allow":["GET"]}}],"collection":[{"href":"https:\/\/biovitalprotect.ro\/de\/wp-json\/wp\/v2\/pages"}],"about":[{"href":"https:\/\/biovitalprotect.ro\/de\/wp-json\/wp\/v2\/types\/page"}],"author":[{"embeddable":true,"href":"https:\/\/biovitalprotect.ro\/de\/wp-json\/wp\/v2\/users\/1"}],"replies":[{"embeddable":true,"href":"https:\/\/biovitalprotect.ro\/de\/wp-json\/wp\/v2\/comments?post=376"}],"version-history":[{"count":1,"href":"https:\/\/biovitalprotect.ro\/de\/wp-json\/wp\/v2\/pages\/376\/revisions"}],"predecessor-version":[{"id":377,"href":"https:\/\/biovitalprotect.ro\/de\/wp-json\/wp\/v2\/pages\/376\/revisions\/377"}],"wp:attachment":[{"href":"https:\/\/biovitalprotect.ro\/de\/wp-json\/wp\/v2\/media?parent=376"}],"curies":[{"name":"wp","href":"https:\/\/api.w.org\/{rel}","templated":true}]}}