{"id":475,"date":"2025-01-06T20:22:40","date_gmt":"2025-01-06T20:22:40","guid":{"rendered":"https:\/\/biovitalprotect.ro\/nieren-heilmittel\/"},"modified":"2025-01-07T21:11:44","modified_gmt":"2025-01-07T21:11:44","slug":"nieren-heilmittel","status":"publish","type":"page","link":"https:\/\/biovitalprotect.ro\/de\/nieren-heilmittel\/","title":{"rendered":"Nieren-Heilmittel"},"content":{"rendered":"\n<p>Ein paar Worte \u00fcber Nieren:<\/p>\n\n<p>Die Niere ist der Ursprung des <strong>Yin und Yang<\/strong> aller Organe. <br\/><br\/>Sie ist die Quelle des Lebens und die Wurzel des vorderen Himmels (vorgeburtliche Energie wird in der Niere gespeichert). Die Niere ist die grundlegende Reserve des K\u00f6rpers, sie muss gesch\u00fctzt und gepflegt werden. Die Alten rieten, sie immer zu tonisieren und niemals zu zerstreuen! <\/p>\n\n<p>Niere bewahrt Jing und YUAN QI<\/p>\n\n<p>Die Niere ist der Sitz des angeborenen Jing, des vorderen Himmels, also all dessen, was von den Eltern vererbt wird (Vererbung). Dieses angeborene JING wird sich dank des nach der Geburt erworbenen IQ entwickeln, der es n\u00e4hrt und erh\u00e4lt. <\/p>\n\n<p>Yuan Qi beg\u00fcnstigt Wachstum, harmonische Entwicklung und Fortpflanzung. Es reguliert den Stoffwechsel des K\u00f6rpers, indem es die Organe und Eingeweide mit Yin und Yang versorgt. Die Gesamtheit von Yin und Yang in den Organen und Eingeweiden hat ihren Ursprung in den Nieren.  <\/p>\n\n<p>Dennoch k\u00f6nnen wir die Bedeutung der Nieren in der chinesischen Medizin verstehen.  <\/p>\n\n<p>Die folgenden Mittel sind wichtig, um die Nierenfunktion auszugleichen und wieder zu normalisieren:<\/p>\n\n<p><a href=\"https:\/\/biovitalprotect.ro\/de\/produs\/jin-gui-shen-qi-wan\/\"><br\/>Jin Gui Shen Shen Qi Wan<\/a><a href=\"https:\/\/biovitalprotect.ro\/de\/produs\/jin-gui-shen-qi-wan\/\"><span style=\"color: black; background-color: yellow;\">Hauptwirkungen:<\/span> n\u00e4hrt das Yin und Yang der Nieren, tonisiert und stabilisiert die Nieren, n\u00e4hrt das Blut.<br\/>Es ist ein ausgezeichnetes Mittel zur Wiederherstellung der Nierenfunktion und hilft, die Alterungsprozesse in den Organen und Systemen des K\u00f6rpers zu verlangsamen oder sogar aufzuhalten. Es wird f\u00fcr die Behandlung vieler chronischer degenerativer Erkrankungen empfohlen, einschlie\u00dflich solcher, die die Nieren, die Leber, die Bauchspeicheldr\u00fcse, die Knochen, die Muskeln und die endokrinen Dr\u00fcsen wie die Schilddr\u00fcse und die Nebennieren betreffen. Es kann von jedem eingenommen werden, der geschw\u00e4cht ist, sich von einer Krankheit erholt oder beschleunigte Abbauprozesse oder Alterungsprozesse erlebt. Zutaten: FU LING, GUI ZHI, GUI ZHI, MU DAN PI, ROU GUI, SHAN YAO, SHAN ZHU YU, SHU DI HUANG, ZE XIE, ZHI FU ZI<\/a>     <\/p>\n\n<p><\/p>\n\n<p><a href=\"https:\/\/biovitalprotect.ro\/de\/produs\/bai-he-gu-jin-tang\/\">BAI HE GU JIN TANG<\/a> <br\/><span style=\"color: black; background-color: yellow;\">Hauptwirkungen:<\/span> Wirksam bei Nephritis und trockenem Husten. Befeuchtet und n\u00e4hrt die Lunge und die Nieren. Hilft bei Herzklopfen und Schlaflosigkeit. St\u00e4rkt das Leber- und Nieren-Yin. Beseitigt die Hitze, k\u00fchlt das Blut. Er energetisiert das Lungen-Qi.     <\/p>\n\n<p><\/p>\n\n<p><br\/>G<a href=\"https:\/\/biovitalprotect.ro\/de\/produs\/gu-ben-wan\/\">U BEN WAN<\/a><span style=\"color: black; background-color: yellow;\">Hauptwirkungen:<\/span> St\u00e4rkt die Willenskraft, wirksam bei Ged\u00e4chtnis-\/Eiterproblemen, Husten, Diabetes, Nierenentz\u00fcndung, Verstopfung, Schilddr\u00fcsen\u00fcberfunktion, Harnwegsproblemen, n\u00e4hrt das Nieren-Yin, n\u00e4hrt das Blut, beseitigt die Hitze, k\u00fchlt das Blut<\/p>\n\n<p><\/p>\n","protected":false},"excerpt":{"rendered":"<p>Ein paar Worte \u00fcber Nieren: Die Niere ist der Ursprung des Yin und Yang aller Organe. Sie ist die Quelle des Lebens und die Wurzel des vorderen Himmels (vorgeburtliche Energie wird in der Niere gespeichert). Die Niere ist die grundlegende Reserve des K\u00f6rpers, sie muss gesch\u00fctzt und gepflegt werden. Die Alten rieten, sie immer zu [&hellip;]<\/p>\n","protected":false},"author":1,"featured_media":0,"parent":0,"menu_order":0,"comment_status":"closed","ping_status":"closed","template":"","meta":{"_acf_changed":false,"jetpack_post_was_ever_published":false,"footnotes":""},"class_list":["post-475","page","type-page","status-publish","hentry"],"acf":[],"yoast_head":"<!-- This site is optimized with the Yoast SEO Premium plugin v26.6 (Yoast SEO v27.6) - https:\/\/yoast.com\/product\/yoast-seo-premium-wordpress\/ -->\n<title>Nieren-Heilmittel - Bio Vital Protect +40775351367<\/title>\n<meta name=\"description\" content=\"Nieren-Heilmittel Bio Vital Protect +40775351367\" \/>\n<meta name=\"robots\" content=\"index, follow, max-snippet:-1, max-image-preview:large, max-video-preview:-1\" \/>\n<link rel=\"canonical\" href=\"https:\/\/biovitalprotect.ro\/de\/nieren-heilmittel\/\" \/>\n<meta property=\"og:locale\" content=\"de_DE\" \/>\n<meta property=\"og:type\" content=\"article\" \/>\n<meta property=\"og:title\" content=\"Nieren-Heilmittel\" \/>\n<meta property=\"og:description\" content=\"Nieren-Heilmittel\" \/>\n<meta property=\"og:url\" content=\"https:\/\/biovitalprotect.ro\/de\/nieren-heilmittel\/\" \/>\n<meta property=\"og:site_name\" content=\"Bio Vital Protect +40775351367\" \/>\n<meta property=\"article:publisher\" content=\"https:\/\/www.facebook.com\/people\/Bio-Vital-Protect\/61571520557481\/\" \/>\n<meta property=\"article:modified_time\" content=\"2025-01-07T21:11:44+00:00\" \/>\n<meta property=\"og:image\" content=\"https:\/\/biovitalprotect.ro\/wp-content\/uploads\/2025\/01\/logo_biovital-1.png\" \/>\n\t<meta property=\"og:image:width\" content=\"495\" \/>\n\t<meta property=\"og:image:height\" content=\"418\" \/>\n\t<meta property=\"og:image:type\" content=\"image\/png\" \/>\n<meta name=\"twitter:card\" content=\"summary_large_image\" \/>\n<meta name=\"twitter:label1\" content=\"Gesch\u00e4tzte Lesezeit\" \/>\n\t<meta name=\"twitter:data1\" content=\"2\u00a0Minuten\" \/>\n<script type=\"application\/ld+json\" class=\"yoast-schema-graph\">{\"@context\":\"https:\\\/\\\/schema.org\",\"@graph\":[{\"@type\":[\"Article\",\"BlogPosting\"],\"@id\":\"https:\\\/\\\/biovitalprotect.ro\\\/de\\\/nieren-heilmittel\\\/#article\",\"isPartOf\":{\"@id\":\"https:\\\/\\\/biovitalprotect.ro\\\/de\\\/nieren-heilmittel\\\/\"},\"author\":{\"name\":\"admin\",\"@id\":\"https:\\\/\\\/biovitalprotect.ro\\\/de\\\/#\\\/schema\\\/person\\\/14b2f8ba11f4e22e731111934965a475\"},\"headline\":\"Nieren-Heilmittel\",\"datePublished\":\"2025-01-06T20:22:40+00:00\",\"dateModified\":\"2025-01-07T21:11:44+00:00\",\"mainEntityOfPage\":{\"@id\":\"https:\\\/\\\/biovitalprotect.ro\\\/de\\\/nieren-heilmittel\\\/\"},\"wordCount\":395,\"publisher\":{\"@id\":\"https:\\\/\\\/biovitalprotect.ro\\\/de\\\/#organization\"},\"inLanguage\":\"de\"},{\"@type\":\"WebPage\",\"@id\":\"https:\\\/\\\/biovitalprotect.ro\\\/de\\\/nieren-heilmittel\\\/\",\"url\":\"https:\\\/\\\/biovitalprotect.ro\\\/de\\\/nieren-heilmittel\\\/\",\"name\":\"Nieren-Heilmittel - Bio Vital Protect +40775351367\",\"isPartOf\":{\"@id\":\"https:\\\/\\\/biovitalprotect.ro\\\/de\\\/#website\"},\"datePublished\":\"2025-01-06T20:22:40+00:00\",\"dateModified\":\"2025-01-07T21:11:44+00:00\",\"description\":\"Nieren-Heilmittel Bio Vital Protect +40775351367\",\"breadcrumb\":{\"@id\":\"https:\\\/\\\/biovitalprotect.ro\\\/de\\\/nieren-heilmittel\\\/#breadcrumb\"},\"inLanguage\":\"de\",\"potentialAction\":[{\"@type\":\"ReadAction\",\"target\":[\"https:\\\/\\\/biovitalprotect.ro\\\/de\\\/nieren-heilmittel\\\/\"]}]},{\"@type\":\"BreadcrumbList\",\"@id\":\"https:\\\/\\\/biovitalprotect.ro\\\/de\\\/nieren-heilmittel\\\/#breadcrumb\",\"itemListElement\":[{\"@type\":\"ListItem\",\"position\":1,\"name\":\"Prima pagin\u0103\",\"item\":\"https:\\\/\\\/biovitalprotect.ro\\\/de\\\/\"},{\"@type\":\"ListItem\",\"position\":2,\"name\":\"Nieren-Heilmittel\"}]},{\"@type\":\"WebSite\",\"@id\":\"https:\\\/\\\/biovitalprotect.ro\\\/de\\\/#website\",\"url\":\"https:\\\/\\\/biovitalprotect.ro\\\/de\\\/\",\"name\":\"Bio Vital Protect - Suplimente chinezesti\",\"description\":\"Pflanzliche Nahrungserg\u00e4nzungsmittel, die in der chinesischen Medizin zur Behandlung verschiedener Erkrankungen eingesetzt werden\",\"publisher\":{\"@id\":\"https:\\\/\\\/biovitalprotect.ro\\\/de\\\/#organization\"},\"alternateName\":\"Bio Vital Protect\",\"potentialAction\":[{\"@type\":\"SearchAction\",\"target\":{\"@type\":\"EntryPoint\",\"urlTemplate\":\"https:\\\/\\\/biovitalprotect.ro\\\/de\\\/?s={search_term_string}\"},\"query-input\":{\"@type\":\"PropertyValueSpecification\",\"valueRequired\":true,\"valueName\":\"search_term_string\"}}],\"inLanguage\":\"de\"},{\"@type\":\"Organization\",\"@id\":\"https:\\\/\\\/biovitalprotect.ro\\\/de\\\/#organization\",\"name\":\"Bio Vital Protect - Suplimente chinezesti\",\"alternateName\":\"Bio Vital Protect\",\"url\":\"https:\\\/\\\/biovitalprotect.ro\\\/de\\\/\",\"logo\":{\"@type\":\"ImageObject\",\"inLanguage\":\"de\",\"@id\":\"https:\\\/\\\/biovitalprotect.ro\\\/de\\\/#\\\/schema\\\/logo\\\/image\\\/\",\"url\":\"https:\\\/\\\/biovitalprotect.ro\\\/wp-content\\\/uploads\\\/2025\\\/01\\\/logo_biovital-1024x574.png\",\"contentUrl\":\"https:\\\/\\\/biovitalprotect.ro\\\/wp-content\\\/uploads\\\/2025\\\/01\\\/logo_biovital-1024x574.png\",\"width\":1024,\"height\":574,\"caption\":\"Bio Vital Protect - Suplimente chinezesti\"},\"image\":{\"@id\":\"https:\\\/\\\/biovitalprotect.ro\\\/de\\\/#\\\/schema\\\/logo\\\/image\\\/\"},\"sameAs\":[\"https:\\\/\\\/www.facebook.com\\\/people\\\/Bio-Vital-Protect\\\/61571520557481\\\/\"],\"description\":\"Bio Vital Protect - Naturopatie Chinezeasca\",\"email\":\"contact@biovitalprotect.ro\",\"telephone\":\"40775351367\",\"legalName\":\"BIO VITAL PROTECT SRL\",\"foundingDate\":\"2015-05-01\",\"numberOfEmployees\":{\"@type\":\"QuantitativeValue\",\"minValue\":\"1\",\"maxValue\":\"10\"}},{\"@type\":\"Person\",\"@id\":\"https:\\\/\\\/biovitalprotect.ro\\\/de\\\/#\\\/schema\\\/person\\\/14b2f8ba11f4e22e731111934965a475\",\"name\":\"admin\",\"image\":{\"@type\":\"ImageObject\",\"inLanguage\":\"de\",\"@id\":\"https:\\\/\\\/secure.gravatar.com\\\/avatar\\\/4ff49440994f721bd931ade46837ff57eab1d374dd9008422cf3c55c69d5c455?s=96&d=mm&r=g\",\"url\":\"https:\\\/\\\/secure.gravatar.com\\\/avatar\\\/4ff49440994f721bd931ade46837ff57eab1d374dd9008422cf3c55c69d5c455?s=96&d=mm&r=g\",\"contentUrl\":\"https:\\\/\\\/secure.gravatar.com\\\/avatar\\\/4ff49440994f721bd931ade46837ff57eab1d374dd9008422cf3c55c69d5c455?s=96&d=mm&r=g\",\"caption\":\"admin\"},\"sameAs\":[\"https:\\\/\\\/biovitalprotect.ro\"],\"url\":\"https:\\\/\\\/biovitalprotect.ro\\\/de\\\/author\\\/biovitalprotect\\\/\"}]}<\/script>\n<!-- \/ Yoast SEO Premium plugin. -->","yoast_head_json":{"title":"Nieren-Heilmittel - Bio Vital Protect +40775351367","description":"Nieren-Heilmittel Bio Vital Protect +40775351367","robots":{"index":"index","follow":"follow","max-snippet":"max-snippet:-1","max-image-preview":"max-image-preview:large","max-video-preview":"max-video-preview:-1"},"canonical":"https:\/\/biovitalprotect.ro\/de\/nieren-heilmittel\/","og_locale":"de_DE","og_type":"article","og_title":"Nieren-Heilmittel","og_description":"Nieren-Heilmittel","og_url":"https:\/\/biovitalprotect.ro\/de\/nieren-heilmittel\/","og_site_name":"Bio Vital Protect +40775351367","article_publisher":"https:\/\/www.facebook.com\/people\/Bio-Vital-Protect\/61571520557481\/","article_modified_time":"2025-01-07T21:11:44+00:00","og_image":[{"width":495,"height":418,"url":"https:\/\/biovitalprotect.ro\/wp-content\/uploads\/2025\/01\/logo_biovital-1.png","type":"image\/png"}],"twitter_card":"summary_large_image","twitter_misc":{"Gesch\u00e4tzte Lesezeit":"2\u00a0Minuten"},"schema":{"@context":"https:\/\/schema.org","@graph":[{"@type":["Article","BlogPosting"],"@id":"https:\/\/biovitalprotect.ro\/de\/nieren-heilmittel\/#article","isPartOf":{"@id":"https:\/\/biovitalprotect.ro\/de\/nieren-heilmittel\/"},"author":{"name":"admin","@id":"https:\/\/biovitalprotect.ro\/de\/#\/schema\/person\/14b2f8ba11f4e22e731111934965a475"},"headline":"Nieren-Heilmittel","datePublished":"2025-01-06T20:22:40+00:00","dateModified":"2025-01-07T21:11:44+00:00","mainEntityOfPage":{"@id":"https:\/\/biovitalprotect.ro\/de\/nieren-heilmittel\/"},"wordCount":395,"publisher":{"@id":"https:\/\/biovitalprotect.ro\/de\/#organization"},"inLanguage":"de"},{"@type":"WebPage","@id":"https:\/\/biovitalprotect.ro\/de\/nieren-heilmittel\/","url":"https:\/\/biovitalprotect.ro\/de\/nieren-heilmittel\/","name":"Nieren-Heilmittel - Bio Vital Protect +40775351367","isPartOf":{"@id":"https:\/\/biovitalprotect.ro\/de\/#website"},"datePublished":"2025-01-06T20:22:40+00:00","dateModified":"2025-01-07T21:11:44+00:00","description":"Nieren-Heilmittel Bio Vital Protect +40775351367","breadcrumb":{"@id":"https:\/\/biovitalprotect.ro\/de\/nieren-heilmittel\/#breadcrumb"},"inLanguage":"de","potentialAction":[{"@type":"ReadAction","target":["https:\/\/biovitalprotect.ro\/de\/nieren-heilmittel\/"]}]},{"@type":"BreadcrumbList","@id":"https:\/\/biovitalprotect.ro\/de\/nieren-heilmittel\/#breadcrumb","itemListElement":[{"@type":"ListItem","position":1,"name":"Prima pagin\u0103","item":"https:\/\/biovitalprotect.ro\/de\/"},{"@type":"ListItem","position":2,"name":"Nieren-Heilmittel"}]},{"@type":"WebSite","@id":"https:\/\/biovitalprotect.ro\/de\/#website","url":"https:\/\/biovitalprotect.ro\/de\/","name":"Bio Vital Protect - Suplimente chinezesti","description":"Pflanzliche Nahrungserg\u00e4nzungsmittel, die in der chinesischen Medizin zur Behandlung verschiedener Erkrankungen eingesetzt werden","publisher":{"@id":"https:\/\/biovitalprotect.ro\/de\/#organization"},"alternateName":"Bio Vital Protect","potentialAction":[{"@type":"SearchAction","target":{"@type":"EntryPoint","urlTemplate":"https:\/\/biovitalprotect.ro\/de\/?s={search_term_string}"},"query-input":{"@type":"PropertyValueSpecification","valueRequired":true,"valueName":"search_term_string"}}],"inLanguage":"de"},{"@type":"Organization","@id":"https:\/\/biovitalprotect.ro\/de\/#organization","name":"Bio Vital Protect - Suplimente chinezesti","alternateName":"Bio Vital Protect","url":"https:\/\/biovitalprotect.ro\/de\/","logo":{"@type":"ImageObject","inLanguage":"de","@id":"https:\/\/biovitalprotect.ro\/de\/#\/schema\/logo\/image\/","url":"https:\/\/biovitalprotect.ro\/wp-content\/uploads\/2025\/01\/logo_biovital-1024x574.png","contentUrl":"https:\/\/biovitalprotect.ro\/wp-content\/uploads\/2025\/01\/logo_biovital-1024x574.png","width":1024,"height":574,"caption":"Bio Vital Protect - Suplimente chinezesti"},"image":{"@id":"https:\/\/biovitalprotect.ro\/de\/#\/schema\/logo\/image\/"},"sameAs":["https:\/\/www.facebook.com\/people\/Bio-Vital-Protect\/61571520557481\/"],"description":"Bio Vital Protect - Naturopatie Chinezeasca","email":"contact@biovitalprotect.ro","telephone":"40775351367","legalName":"BIO VITAL PROTECT SRL","foundingDate":"2015-05-01","numberOfEmployees":{"@type":"QuantitativeValue","minValue":"1","maxValue":"10"}},{"@type":"Person","@id":"https:\/\/biovitalprotect.ro\/de\/#\/schema\/person\/14b2f8ba11f4e22e731111934965a475","name":"admin","image":{"@type":"ImageObject","inLanguage":"de","@id":"https:\/\/secure.gravatar.com\/avatar\/4ff49440994f721bd931ade46837ff57eab1d374dd9008422cf3c55c69d5c455?s=96&d=mm&r=g","url":"https:\/\/secure.gravatar.com\/avatar\/4ff49440994f721bd931ade46837ff57eab1d374dd9008422cf3c55c69d5c455?s=96&d=mm&r=g","contentUrl":"https:\/\/secure.gravatar.com\/avatar\/4ff49440994f721bd931ade46837ff57eab1d374dd9008422cf3c55c69d5c455?s=96&d=mm&r=g","caption":"admin"},"sameAs":["https:\/\/biovitalprotect.ro"],"url":"https:\/\/biovitalprotect.ro\/de\/author\/biovitalprotect\/"}]}},"jetpack_sharing_enabled":true,"_links":{"self":[{"href":"https:\/\/biovitalprotect.ro\/de\/wp-json\/wp\/v2\/pages\/475","targetHints":{"allow":["GET"]}}],"collection":[{"href":"https:\/\/biovitalprotect.ro\/de\/wp-json\/wp\/v2\/pages"}],"about":[{"href":"https:\/\/biovitalprotect.ro\/de\/wp-json\/wp\/v2\/types\/page"}],"author":[{"embeddable":true,"href":"https:\/\/biovitalprotect.ro\/de\/wp-json\/wp\/v2\/users\/1"}],"replies":[{"embeddable":true,"href":"https:\/\/biovitalprotect.ro\/de\/wp-json\/wp\/v2\/comments?post=475"}],"version-history":[{"count":1,"href":"https:\/\/biovitalprotect.ro\/de\/wp-json\/wp\/v2\/pages\/475\/revisions"}],"predecessor-version":[{"id":476,"href":"https:\/\/biovitalprotect.ro\/de\/wp-json\/wp\/v2\/pages\/475\/revisions\/476"}],"wp:attachment":[{"href":"https:\/\/biovitalprotect.ro\/de\/wp-json\/wp\/v2\/media?parent=475"}],"curies":[{"name":"wp","href":"https:\/\/api.w.org\/{rel}","templated":true}]}}