{"id":478,"date":"2025-01-03T12:54:51","date_gmt":"2025-01-03T12:54:51","guid":{"rendered":"https:\/\/biovitalprotect.ro\/heilmittel-fuer-geistiges-gleichgewicht\/"},"modified":"2025-01-07T21:11:44","modified_gmt":"2025-01-07T21:11:44","slug":"heilmittel-fuer-geistiges-gleichgewicht","status":"publish","type":"page","link":"https:\/\/biovitalprotect.ro\/de\/heilmittel-fuer-geistiges-gleichgewicht\/","title":{"rendered":"Heilmittel f\u00fcr geistiges Gleichgewicht"},"content":{"rendered":"\n<p><a href=\"https:\/\/biovitalprotect.ro\/de\/produs\/chai-hu-long-gu-mu\/\"><br\/>CHAI HU LONG GU GU MU<\/a><a href=\"https:\/\/biovitalprotect.ro\/de\/produs\/chai-hu-long-gu-mu\/\"><span style=\"color: black; background-color: yellow;\">Hauptwirkungen:<\/span> Dieses Mittel wird auch der gro\u00dfe Stabilisator genannt. Es ist f\u00fcr Menschen gedacht, die unter energetischen Angriffen leiden, indem es das rebellische Qi senkt.<\/a> Es ist sehr gut f\u00fcr Menschen, die an Schizophrenie (die auch eine Form von Energieanfall ist), Depressionen, bipolaren St\u00f6rungen, Morbus Meni\u00e8re usw. leiden. Es verankert Shenul und bringt Frieden und Ruhe.<\/p>\n\n<p>CHAI HU SHU SHU GAN SAN  <\/p>\n\n<p><span style=\"color: black; background-color: yellow;\">Hauptwirkung:<\/span> Eine \u00e4hnliche Formel wie die obige, aber viel leichter. Es wirkt sehr gut bei Depressionen.<\/p>\n","protected":false},"excerpt":{"rendered":"<p>CHAI HU LONG GU GU MUHauptwirkungen: Dieses Mittel wird auch der gro\u00dfe Stabilisator genannt. Es ist f\u00fcr Menschen gedacht, die unter energetischen Angriffen leiden, indem es das rebellische Qi senkt. Es ist sehr gut f\u00fcr Menschen, die an Schizophrenie (die auch eine Form von Energieanfall ist), Depressionen, bipolaren St\u00f6rungen, Morbus Meni\u00e8re usw. leiden. Es verankert [&hellip;]<\/p>\n","protected":false},"author":1,"featured_media":0,"parent":0,"menu_order":0,"comment_status":"closed","ping_status":"closed","template":"","meta":{"_acf_changed":false,"jetpack_post_was_ever_published":false,"footnotes":""},"class_list":["post-478","page","type-page","status-publish","hentry"],"acf":[],"yoast_head":"<!-- This site is optimized with the Yoast SEO Premium plugin v26.6 (Yoast SEO v27.6) - https:\/\/yoast.com\/product\/yoast-seo-premium-wordpress\/ -->\n<title>Heilmittel f\u00fcr geistiges Gleichgewicht - Bio Vital Protect +40775351367<\/title>\n<meta name=\"description\" content=\"Heilmittel f\u00fcr geistiges Gleichgewicht Bio Vital Protect +40775351367\" \/>\n<meta name=\"robots\" content=\"index, follow, max-snippet:-1, max-image-preview:large, max-video-preview:-1\" \/>\n<link rel=\"canonical\" href=\"https:\/\/biovitalprotect.ro\/de\/heilmittel-fuer-geistiges-gleichgewicht\/\" \/>\n<meta property=\"og:locale\" content=\"de_DE\" \/>\n<meta property=\"og:type\" content=\"article\" \/>\n<meta property=\"og:title\" content=\"Heilmittel f\u00fcr geistiges Gleichgewicht\" \/>\n<meta property=\"og:description\" content=\"Heilmittel f\u00fcr geistiges Gleichgewicht\" \/>\n<meta property=\"og:url\" content=\"https:\/\/biovitalprotect.ro\/de\/heilmittel-fuer-geistiges-gleichgewicht\/\" \/>\n<meta property=\"og:site_name\" content=\"Bio Vital Protect +40775351367\" \/>\n<meta property=\"article:publisher\" content=\"https:\/\/www.facebook.com\/people\/Bio-Vital-Protect\/61571520557481\/\" \/>\n<meta property=\"article:modified_time\" content=\"2025-01-07T21:11:44+00:00\" \/>\n<meta property=\"og:image\" content=\"https:\/\/biovitalprotect.ro\/wp-content\/uploads\/2025\/01\/logo_biovital-1.png\" \/>\n\t<meta property=\"og:image:width\" content=\"495\" \/>\n\t<meta property=\"og:image:height\" content=\"418\" \/>\n\t<meta property=\"og:image:type\" content=\"image\/png\" \/>\n<meta name=\"twitter:card\" content=\"summary_large_image\" \/>\n<script type=\"application\/ld+json\" class=\"yoast-schema-graph\">{\"@context\":\"https:\\\/\\\/schema.org\",\"@graph\":[{\"@type\":[\"Article\",\"BlogPosting\"],\"@id\":\"https:\\\/\\\/biovitalprotect.ro\\\/de\\\/heilmittel-fuer-geistiges-gleichgewicht\\\/#article\",\"isPartOf\":{\"@id\":\"https:\\\/\\\/biovitalprotect.ro\\\/de\\\/heilmittel-fuer-geistiges-gleichgewicht\\\/\"},\"author\":{\"name\":\"admin\",\"@id\":\"https:\\\/\\\/biovitalprotect.ro\\\/de\\\/#\\\/schema\\\/person\\\/14b2f8ba11f4e22e731111934965a475\"},\"headline\":\"Heilmittel f\u00fcr geistiges Gleichgewicht\",\"datePublished\":\"2025-01-03T12:54:51+00:00\",\"dateModified\":\"2025-01-07T21:11:44+00:00\",\"mainEntityOfPage\":{\"@id\":\"https:\\\/\\\/biovitalprotect.ro\\\/de\\\/heilmittel-fuer-geistiges-gleichgewicht\\\/\"},\"wordCount\":94,\"publisher\":{\"@id\":\"https:\\\/\\\/biovitalprotect.ro\\\/de\\\/#organization\"},\"inLanguage\":\"de\"},{\"@type\":\"WebPage\",\"@id\":\"https:\\\/\\\/biovitalprotect.ro\\\/de\\\/heilmittel-fuer-geistiges-gleichgewicht\\\/\",\"url\":\"https:\\\/\\\/biovitalprotect.ro\\\/de\\\/heilmittel-fuer-geistiges-gleichgewicht\\\/\",\"name\":\"Heilmittel f\u00fcr geistiges Gleichgewicht - Bio Vital Protect +40775351367\",\"isPartOf\":{\"@id\":\"https:\\\/\\\/biovitalprotect.ro\\\/de\\\/#website\"},\"datePublished\":\"2025-01-03T12:54:51+00:00\",\"dateModified\":\"2025-01-07T21:11:44+00:00\",\"description\":\"Heilmittel f\u00fcr geistiges Gleichgewicht Bio Vital Protect +40775351367\",\"breadcrumb\":{\"@id\":\"https:\\\/\\\/biovitalprotect.ro\\\/de\\\/heilmittel-fuer-geistiges-gleichgewicht\\\/#breadcrumb\"},\"inLanguage\":\"de\",\"potentialAction\":[{\"@type\":\"ReadAction\",\"target\":[\"https:\\\/\\\/biovitalprotect.ro\\\/de\\\/heilmittel-fuer-geistiges-gleichgewicht\\\/\"]}]},{\"@type\":\"BreadcrumbList\",\"@id\":\"https:\\\/\\\/biovitalprotect.ro\\\/de\\\/heilmittel-fuer-geistiges-gleichgewicht\\\/#breadcrumb\",\"itemListElement\":[{\"@type\":\"ListItem\",\"position\":1,\"name\":\"Prima pagin\u0103\",\"item\":\"https:\\\/\\\/biovitalprotect.ro\\\/de\\\/\"},{\"@type\":\"ListItem\",\"position\":2,\"name\":\"Heilmittel f\u00fcr geistiges Gleichgewicht\"}]},{\"@type\":\"WebSite\",\"@id\":\"https:\\\/\\\/biovitalprotect.ro\\\/de\\\/#website\",\"url\":\"https:\\\/\\\/biovitalprotect.ro\\\/de\\\/\",\"name\":\"Bio Vital Protect - Suplimente chinezesti\",\"description\":\"Pflanzliche Nahrungserg\u00e4nzungsmittel, die in der chinesischen Medizin zur Behandlung verschiedener Erkrankungen eingesetzt werden\",\"publisher\":{\"@id\":\"https:\\\/\\\/biovitalprotect.ro\\\/de\\\/#organization\"},\"alternateName\":\"Bio Vital Protect\",\"potentialAction\":[{\"@type\":\"SearchAction\",\"target\":{\"@type\":\"EntryPoint\",\"urlTemplate\":\"https:\\\/\\\/biovitalprotect.ro\\\/de\\\/?s={search_term_string}\"},\"query-input\":{\"@type\":\"PropertyValueSpecification\",\"valueRequired\":true,\"valueName\":\"search_term_string\"}}],\"inLanguage\":\"de\"},{\"@type\":\"Organization\",\"@id\":\"https:\\\/\\\/biovitalprotect.ro\\\/de\\\/#organization\",\"name\":\"Bio Vital Protect - Suplimente chinezesti\",\"alternateName\":\"Bio Vital Protect\",\"url\":\"https:\\\/\\\/biovitalprotect.ro\\\/de\\\/\",\"logo\":{\"@type\":\"ImageObject\",\"inLanguage\":\"de\",\"@id\":\"https:\\\/\\\/biovitalprotect.ro\\\/de\\\/#\\\/schema\\\/logo\\\/image\\\/\",\"url\":\"https:\\\/\\\/biovitalprotect.ro\\\/wp-content\\\/uploads\\\/2025\\\/01\\\/logo_biovital-1024x574.png\",\"contentUrl\":\"https:\\\/\\\/biovitalprotect.ro\\\/wp-content\\\/uploads\\\/2025\\\/01\\\/logo_biovital-1024x574.png\",\"width\":1024,\"height\":574,\"caption\":\"Bio Vital Protect - Suplimente chinezesti\"},\"image\":{\"@id\":\"https:\\\/\\\/biovitalprotect.ro\\\/de\\\/#\\\/schema\\\/logo\\\/image\\\/\"},\"sameAs\":[\"https:\\\/\\\/www.facebook.com\\\/people\\\/Bio-Vital-Protect\\\/61571520557481\\\/\"],\"description\":\"Bio Vital Protect - Naturopatie Chinezeasca\",\"email\":\"contact@biovitalprotect.ro\",\"telephone\":\"40775351367\",\"legalName\":\"BIO VITAL PROTECT SRL\",\"foundingDate\":\"2015-05-01\",\"numberOfEmployees\":{\"@type\":\"QuantitativeValue\",\"minValue\":\"1\",\"maxValue\":\"10\"}},{\"@type\":\"Person\",\"@id\":\"https:\\\/\\\/biovitalprotect.ro\\\/de\\\/#\\\/schema\\\/person\\\/14b2f8ba11f4e22e731111934965a475\",\"name\":\"admin\",\"image\":{\"@type\":\"ImageObject\",\"inLanguage\":\"de\",\"@id\":\"https:\\\/\\\/secure.gravatar.com\\\/avatar\\\/4ff49440994f721bd931ade46837ff57eab1d374dd9008422cf3c55c69d5c455?s=96&d=mm&r=g\",\"url\":\"https:\\\/\\\/secure.gravatar.com\\\/avatar\\\/4ff49440994f721bd931ade46837ff57eab1d374dd9008422cf3c55c69d5c455?s=96&d=mm&r=g\",\"contentUrl\":\"https:\\\/\\\/secure.gravatar.com\\\/avatar\\\/4ff49440994f721bd931ade46837ff57eab1d374dd9008422cf3c55c69d5c455?s=96&d=mm&r=g\",\"caption\":\"admin\"},\"sameAs\":[\"https:\\\/\\\/biovitalprotect.ro\"],\"url\":\"https:\\\/\\\/biovitalprotect.ro\\\/de\\\/author\\\/biovitalprotect\\\/\"}]}<\/script>\n<!-- \/ Yoast SEO Premium plugin. -->","yoast_head_json":{"title":"Heilmittel f\u00fcr geistiges Gleichgewicht - Bio Vital Protect +40775351367","description":"Heilmittel f\u00fcr geistiges Gleichgewicht Bio Vital Protect +40775351367","robots":{"index":"index","follow":"follow","max-snippet":"max-snippet:-1","max-image-preview":"max-image-preview:large","max-video-preview":"max-video-preview:-1"},"canonical":"https:\/\/biovitalprotect.ro\/de\/heilmittel-fuer-geistiges-gleichgewicht\/","og_locale":"de_DE","og_type":"article","og_title":"Heilmittel f\u00fcr geistiges Gleichgewicht","og_description":"Heilmittel f\u00fcr geistiges Gleichgewicht","og_url":"https:\/\/biovitalprotect.ro\/de\/heilmittel-fuer-geistiges-gleichgewicht\/","og_site_name":"Bio Vital Protect +40775351367","article_publisher":"https:\/\/www.facebook.com\/people\/Bio-Vital-Protect\/61571520557481\/","article_modified_time":"2025-01-07T21:11:44+00:00","og_image":[{"width":495,"height":418,"url":"https:\/\/biovitalprotect.ro\/wp-content\/uploads\/2025\/01\/logo_biovital-1.png","type":"image\/png"}],"twitter_card":"summary_large_image","schema":{"@context":"https:\/\/schema.org","@graph":[{"@type":["Article","BlogPosting"],"@id":"https:\/\/biovitalprotect.ro\/de\/heilmittel-fuer-geistiges-gleichgewicht\/#article","isPartOf":{"@id":"https:\/\/biovitalprotect.ro\/de\/heilmittel-fuer-geistiges-gleichgewicht\/"},"author":{"name":"admin","@id":"https:\/\/biovitalprotect.ro\/de\/#\/schema\/person\/14b2f8ba11f4e22e731111934965a475"},"headline":"Heilmittel f\u00fcr geistiges Gleichgewicht","datePublished":"2025-01-03T12:54:51+00:00","dateModified":"2025-01-07T21:11:44+00:00","mainEntityOfPage":{"@id":"https:\/\/biovitalprotect.ro\/de\/heilmittel-fuer-geistiges-gleichgewicht\/"},"wordCount":94,"publisher":{"@id":"https:\/\/biovitalprotect.ro\/de\/#organization"},"inLanguage":"de"},{"@type":"WebPage","@id":"https:\/\/biovitalprotect.ro\/de\/heilmittel-fuer-geistiges-gleichgewicht\/","url":"https:\/\/biovitalprotect.ro\/de\/heilmittel-fuer-geistiges-gleichgewicht\/","name":"Heilmittel f\u00fcr geistiges Gleichgewicht - Bio Vital Protect +40775351367","isPartOf":{"@id":"https:\/\/biovitalprotect.ro\/de\/#website"},"datePublished":"2025-01-03T12:54:51+00:00","dateModified":"2025-01-07T21:11:44+00:00","description":"Heilmittel f\u00fcr geistiges Gleichgewicht Bio Vital Protect +40775351367","breadcrumb":{"@id":"https:\/\/biovitalprotect.ro\/de\/heilmittel-fuer-geistiges-gleichgewicht\/#breadcrumb"},"inLanguage":"de","potentialAction":[{"@type":"ReadAction","target":["https:\/\/biovitalprotect.ro\/de\/heilmittel-fuer-geistiges-gleichgewicht\/"]}]},{"@type":"BreadcrumbList","@id":"https:\/\/biovitalprotect.ro\/de\/heilmittel-fuer-geistiges-gleichgewicht\/#breadcrumb","itemListElement":[{"@type":"ListItem","position":1,"name":"Prima pagin\u0103","item":"https:\/\/biovitalprotect.ro\/de\/"},{"@type":"ListItem","position":2,"name":"Heilmittel f\u00fcr geistiges Gleichgewicht"}]},{"@type":"WebSite","@id":"https:\/\/biovitalprotect.ro\/de\/#website","url":"https:\/\/biovitalprotect.ro\/de\/","name":"Bio Vital Protect - Suplimente chinezesti","description":"Pflanzliche Nahrungserg\u00e4nzungsmittel, die in der chinesischen Medizin zur Behandlung verschiedener Erkrankungen eingesetzt werden","publisher":{"@id":"https:\/\/biovitalprotect.ro\/de\/#organization"},"alternateName":"Bio Vital Protect","potentialAction":[{"@type":"SearchAction","target":{"@type":"EntryPoint","urlTemplate":"https:\/\/biovitalprotect.ro\/de\/?s={search_term_string}"},"query-input":{"@type":"PropertyValueSpecification","valueRequired":true,"valueName":"search_term_string"}}],"inLanguage":"de"},{"@type":"Organization","@id":"https:\/\/biovitalprotect.ro\/de\/#organization","name":"Bio Vital Protect - Suplimente chinezesti","alternateName":"Bio Vital Protect","url":"https:\/\/biovitalprotect.ro\/de\/","logo":{"@type":"ImageObject","inLanguage":"de","@id":"https:\/\/biovitalprotect.ro\/de\/#\/schema\/logo\/image\/","url":"https:\/\/biovitalprotect.ro\/wp-content\/uploads\/2025\/01\/logo_biovital-1024x574.png","contentUrl":"https:\/\/biovitalprotect.ro\/wp-content\/uploads\/2025\/01\/logo_biovital-1024x574.png","width":1024,"height":574,"caption":"Bio Vital Protect - Suplimente chinezesti"},"image":{"@id":"https:\/\/biovitalprotect.ro\/de\/#\/schema\/logo\/image\/"},"sameAs":["https:\/\/www.facebook.com\/people\/Bio-Vital-Protect\/61571520557481\/"],"description":"Bio Vital Protect - Naturopatie Chinezeasca","email":"contact@biovitalprotect.ro","telephone":"40775351367","legalName":"BIO VITAL PROTECT SRL","foundingDate":"2015-05-01","numberOfEmployees":{"@type":"QuantitativeValue","minValue":"1","maxValue":"10"}},{"@type":"Person","@id":"https:\/\/biovitalprotect.ro\/de\/#\/schema\/person\/14b2f8ba11f4e22e731111934965a475","name":"admin","image":{"@type":"ImageObject","inLanguage":"de","@id":"https:\/\/secure.gravatar.com\/avatar\/4ff49440994f721bd931ade46837ff57eab1d374dd9008422cf3c55c69d5c455?s=96&d=mm&r=g","url":"https:\/\/secure.gravatar.com\/avatar\/4ff49440994f721bd931ade46837ff57eab1d374dd9008422cf3c55c69d5c455?s=96&d=mm&r=g","contentUrl":"https:\/\/secure.gravatar.com\/avatar\/4ff49440994f721bd931ade46837ff57eab1d374dd9008422cf3c55c69d5c455?s=96&d=mm&r=g","caption":"admin"},"sameAs":["https:\/\/biovitalprotect.ro"],"url":"https:\/\/biovitalprotect.ro\/de\/author\/biovitalprotect\/"}]}},"jetpack_sharing_enabled":true,"_links":{"self":[{"href":"https:\/\/biovitalprotect.ro\/de\/wp-json\/wp\/v2\/pages\/478","targetHints":{"allow":["GET"]}}],"collection":[{"href":"https:\/\/biovitalprotect.ro\/de\/wp-json\/wp\/v2\/pages"}],"about":[{"href":"https:\/\/biovitalprotect.ro\/de\/wp-json\/wp\/v2\/types\/page"}],"author":[{"embeddable":true,"href":"https:\/\/biovitalprotect.ro\/de\/wp-json\/wp\/v2\/users\/1"}],"replies":[{"embeddable":true,"href":"https:\/\/biovitalprotect.ro\/de\/wp-json\/wp\/v2\/comments?post=478"}],"version-history":[{"count":1,"href":"https:\/\/biovitalprotect.ro\/de\/wp-json\/wp\/v2\/pages\/478\/revisions"}],"predecessor-version":[{"id":480,"href":"https:\/\/biovitalprotect.ro\/de\/wp-json\/wp\/v2\/pages\/478\/revisions\/480"}],"wp:attachment":[{"href":"https:\/\/biovitalprotect.ro\/de\/wp-json\/wp\/v2\/media?parent=478"}],"curies":[{"name":"wp","href":"https:\/\/api.w.org\/{rel}","templated":true}]}}