{"id":590,"date":"2025-01-06T20:42:31","date_gmt":"2025-01-06T20:42:31","guid":{"rendered":"https:\/\/biovitalprotect.ro\/produs\/bao-he-wan\/"},"modified":"2025-01-12T20:39:57","modified_gmt":"2025-01-12T20:39:57","slug":"bao-he-wan","status":"publish","type":"product","link":"https:\/\/biovitalprotect.ro\/de\/produs\/bao-he-wan\/","title":{"rendered":"BAO HE WAN"},"content":{"rendered":"<h3><strong>Pathologien, bei denen Bao He Wan wirksam ist:<\/strong><\/h3>\n<ul>\n<li><strong>Verdauungsst\u00f6rungen:<\/strong> Verdauungsst\u00f6rungen, Bl\u00e4hungen, Bl\u00e4hungen des Bauches, Stagnation der Nahrung, \u00dcbelkeit, Erbrechen.<\/li>\n<li><strong>Gastrointestinal:<\/strong> Verstopfung, Durchfall, Koliken, Darmbeschwerden.<\/li>\n<li><strong>Leberst\u00f6rungen:<\/strong> Stagnation des Leber-Qi, Appetitlosigkeit, Aufsto\u00dfen, saures Aufsto\u00dfen, Dyspepsie.<\/li>\n<li><strong>Sodbrennen:<\/strong> Lindert die Symptome von saurem Reflux, Sodbrennen und saurem Aufsto\u00dfen.<\/li>\n<li><strong>Metabolische St\u00f6rungen:<\/strong> Fettleibigkeit, metabolisches Syndrom, Bl\u00e4hungen nach den Mahlzeiten.<\/li>\n<li><strong>Allgemeiner Gesundheitszustand:<\/strong> M\u00fcdigkeit aufgrund von schlechter Verdauung, langsamem Stoffwechsel und schlechter Aufnahme.<\/li>\n<\/ul>\n<hr>\n<h3><strong>Einzigartige Merkmale von Bao He Wan:<\/strong><\/h3>\n<ul>\n<li><strong>Reguliert die Verdauung:<\/strong> Unterst\u00fctzt die fl\u00fcssige Bewegung des Qi, um eine gesunde Verdauung zu f\u00f6rdern und Nahrungsstagnation zu l\u00f6sen.<\/li>\n<li><strong>Reinigt die Hitze und vertreibt die Feuchtigkeit:<\/strong> Reduziert \u00fcbersch\u00fcssige Hitze und Feuchtigkeit im Verdauungssystem und beugt Bl\u00e4hungen und Verdauungsst\u00f6rungen vor.<\/li>\n<li><strong>Unterst\u00fctzt die Milz und den Magen:<\/strong> St\u00e4rkt die Verdauungsorgane, indem es die Milz tonisiert und den Magen harmonisiert.<\/li>\n<li><strong>Entgiftet und transformiert Stagnation:<\/strong> hilft, im K\u00f6rper zur\u00fcckgehaltene Nahrung und Gifte auszuscheiden, verbessert die Verdauung und den gesamten Stoffwechsel.<\/li>\n<\/ul>\n<hr>\n<h3><strong>Kontraindikationen:<\/strong><\/h3>\n<ul>\n<li>Vermeiden Sie es bei einer schlechten Verdauungsfunktion oder einem Mangel mit Erk\u00e4ltungssymptomen.<\/li>\n<li>Nicht empfohlen bei akuten Magen-Darm-Infektionen oder unter Bedingungen mit hoher Luftfeuchtigkeit.<\/li>\n<\/ul>\n<hr>\n<h3><strong>Interaktionen:<\/strong><\/h3>\n<ul>\n<li>Oft in Kombination mit Kr\u00e4utern, die die Milz und den Magen tonisieren, um die Gesundheit der Verdauung zu unterst\u00fctzen.<\/li>\n<li>Wird h\u00e4ufig in Kombination mit Formeln zur Verringerung von Bl\u00e4hungen und Bauchbeschwerden nach den Mahlzeiten verwendet.<\/li>\n<\/ul>\n<p>&nbsp;<\/p>\n<h3>Vorteile und behandelte Krankheiten:<\/h3>\n<ul>\n<li><strong>Verdauungssystem:<\/strong>\n<ul>\n<li>Akute Gastroenteritis<\/li>\n<li>Aufflackern einer chronischen Gastroenteritis<\/li>\n<li>Chronische und akute Hepatitis<\/li>\n<li>Akute und chronische Bauchspeicheldr\u00fcsenentz\u00fcndung<\/li>\n<li>Atrophische Gastritis<\/li>\n<li>Fettleibigkeit<\/li>\n<li>\u00dcbelkeit \/ Erbrechen<\/li>\n<li>Hyperazidit\u00e4t des Magens<\/li>\n<li>Diaree<\/li>\n<li>Cholezystitis (akut und chronisch)<\/li>\n<li>Verdauungsst\u00f6rungen<\/li>\n<li>Gastralgie<\/li>\n<li>Enteroviroroze<\/li>\n<li>Gastrolitis<\/li>\n<li>Anorexie<\/li>\n<li>Saurer Reflux<\/li>\n<li>Sughit<\/li>\n<li>Magenkrebs<\/li>\n<li>Verstopfung<\/li>\n<li>V\u00f6llegef\u00fchl und Bl\u00e4hungen im Bauchraum<\/li>\n<li>H\u00e4matemesis<\/li>\n<li>Halene<\/li>\n<\/ul>\n<\/li>\n<li><strong>Atemschutzger\u00e4t:<\/strong>\n<ul>\n<li>Asthma<\/li>\n<li>Husten und Keuchhusten<\/li>\n<li>Bronchitis<\/li>\n<li>Lungenentz\u00fcndung<\/li>\n<\/ul>\n<\/li>\n<li><strong>Schlafst\u00f6rungen:<\/strong>\n<ul>\n<li>Schlaflosigkeit<\/li>\n<\/ul>\n<\/li>\n<li><strong>Schmerzen:<\/strong>\n<ul>\n<li>Unterleibsschmerzen<\/li>\n<\/ul>\n<\/li>\n<li>\n<h3><strong>Kontraindikationen:<\/strong><\/h3>\n<ul>\n<li>Kontraindiziert bei Patienten mit Milzmangel.<\/li>\n<li>Verwenden Sie es mit Vorsicht w\u00e4hrend der Schwangerschaft.<\/li>\n<\/ul>\n<\/li>\n<li>\n<h3><strong>Interaktionen:<\/strong><\/h3>\n<ul>\n<li>Die Formel kann die durch die Chemotherapie verursachten Symptome wie \u00dcbelkeit und Erbrechen lindern.<\/li>\n<\/ul>\n<\/li>\n<\/ul>\n","protected":false},"excerpt":{"rendered":"<p>Inhaltsstoffe:<a href=\"https:\/\/biovitalprotect.ro\/categorie-produs\/chen-pi\/\" rel=\"tag\">CHEN PI<\/a><span class=\"wp-block-post-terms__separator\">, <\/span><a href=\"https:\/\/biovitalprotect.ro\/categorie-produs\/fu-ling\/\" rel=\"tag\">FU LING<\/a><span class=\"wp-block-post-terms__separator\">, <\/span><a href=\"https:\/\/biovitalprotect.ro\/categorie-produs\/lai-fu-zi\/\" rel=\"tag\">LAI FU ZI<\/a><span class=\"wp-block-post-terms__separator\">, <\/span><a href=\"https:\/\/biovitalprotect.ro\/categorie-produs\/lian-qiao\/\" rel=\"tag\">LIAN QIAO<\/a><span class=\"wp-block-post-terms__separator\">, <\/span><a href=\"https:\/\/biovitalprotect.ro\/categorie-produs\/shan-zha\/\" rel=\"tag\">SHAN ZHA<\/a><span class=\"wp-block-post-terms__separator\">, <\/span><a href=\"https:\/\/biovitalprotect.ro\/categorie-produs\/shen-qu\/\" rel=\"tag\">SHEN QU<\/a><span class=\"wp-block-post-terms__separator\">, <\/span><a href=\"https:\/\/biovitalprotect.ro\/categorie-produs\/zhi-ban-xia\/\" rel=\"tag\">ZHI BAN XIA<\/a><\/p>\n<p>&nbsp;<\/p>\n<p>&nbsp;<\/p>\n","protected":false},"featured_media":753,"comment_status":"open","ping_status":"closed","template":"","meta":{"_acf_changed":false,"jetpack_post_was_ever_published":false},"product_brand":[],"product_cat":[641,402,445,764,305,329,310,761,708,763],"product_tag":[774,457,767,458,771,462,775,768,765,776,766,334,319,769,772,773,770],"class_list":{"0":"post-590","1":"product","2":"type-product","3":"status-publish","4":"has-post-thumbnail","6":"product_cat-chen-pi-de","7":"product_cat-digestive-de","8":"product_cat-fu-ling-de","9":"product_cat-lai-fu-zi-de","10":"product_cat-lian-qiao-de","11":"product_cat-magen-darm","12":"product_cat-metabolice-de","13":"product_cat-mr-shan-zha","14":"product_cat-mr-zhi-ban-xia","15":"product_cat-shen-qu-de","16":"product_tag-anorexie-de","17":"product_tag-astm-de","18":"product_tag-bauchspeicheldrusenentzundung","19":"product_tag-bronsita-de","20":"product_tag-diarrhoe","21":"product_tag-fettleibigkeit","22":"product_tag-gastrischer-reflux","23":"product_tag-gastritis","24":"product_tag-gastroenteritis","25":"product_tag-halena-de","26":"product_tag-hepatitis","27":"product_tag-lungenentzundung","28":"product_tag-schlaflosigkeit","29":"product_tag-ubelkeit","30":"product_tag-ubersauert","31":"product_tag-verdauungsstorungen","32":"product_tag-voma-de","34":"first","35":"instock","36":"shipping-taxable","37":"purchasable","38":"product-type-variable"},"acf":[],"yoast_head":"<!-- This site is optimized with the Yoast SEO Premium plugin v26.6 (Yoast SEO v27.6) - https:\/\/yoast.com\/product\/yoast-seo-premium-wordpress\/ -->\n<title>BAO HE WAN - Bio Vital Protect +40775351367<\/title>\n<meta name=\"description\" content=\"N\u00e4hrt das Yin und Yang der Nieren, tonisiert und stabilisiert die Nieren, n\u00e4hrt das Blut. St\u00e4rkt das Ming Men, beseitigt K\u00e4lte,\" \/>\n<meta name=\"robots\" content=\"index, follow, max-snippet:-1, max-image-preview:large, max-video-preview:-1\" \/>\n<link rel=\"canonical\" href=\"https:\/\/biovitalprotect.ro\/de\/produs\/bao-he-wan\/\" \/>\n<meta property=\"og:locale\" content=\"de_DE\" \/>\n<meta property=\"og:type\" content=\"article\" \/>\n<meta property=\"og:title\" content=\"BAO HE WAN\" \/>\n<meta property=\"og:description\" content=\"BAO HE WAN\" \/>\n<meta property=\"og:url\" content=\"https:\/\/biovitalprotect.ro\/de\/produs\/bao-he-wan\/\" \/>\n<meta property=\"og:site_name\" content=\"Bio Vital Protect +40775351367\" \/>\n<meta property=\"article:publisher\" content=\"https:\/\/www.facebook.com\/people\/Bio-Vital-Protect\/61571520557481\/\" \/>\n<meta property=\"article:modified_time\" content=\"2025-01-12T20:39:57+00:00\" \/>\n<meta property=\"og:image\" content=\"https:\/\/biovitalprotect.ro\/wp-content\/uploads\/2025\/01\/product_logo-1010x1024.png\" \/>\n\t<meta property=\"og:image:width\" content=\"1010\" \/>\n\t<meta property=\"og:image:height\" content=\"1024\" \/>\n\t<meta property=\"og:image:type\" content=\"image\/png\" \/>\n<meta name=\"twitter:card\" content=\"summary_large_image\" \/>\n<meta name=\"twitter:label1\" content=\"Gesch\u00e4tzte Lesezeit\" \/>\n\t<meta name=\"twitter:data1\" content=\"2\u00a0Minuten\" \/>\n<script type=\"application\/ld+json\" class=\"yoast-schema-graph\">{\"@context\":\"https:\\\/\\\/schema.org\",\"@graph\":[{\"@type\":\"WebPage\",\"@id\":\"https:\\\/\\\/biovitalprotect.ro\\\/de\\\/produs\\\/bao-he-wan\\\/\",\"url\":\"https:\\\/\\\/biovitalprotect.ro\\\/de\\\/produs\\\/bao-he-wan\\\/\",\"name\":\"BAO HE WAN - Bio Vital Protect +40775351367\",\"isPartOf\":{\"@id\":\"https:\\\/\\\/biovitalprotect.ro\\\/de\\\/#website\"},\"primaryImageOfPage\":{\"@id\":\"https:\\\/\\\/biovitalprotect.ro\\\/de\\\/produs\\\/bao-he-wan\\\/#primaryimage\"},\"image\":{\"@id\":\"https:\\\/\\\/biovitalprotect.ro\\\/de\\\/produs\\\/bao-he-wan\\\/#primaryimage\"},\"thumbnailUrl\":\"https:\\\/\\\/biovitalprotect.ro\\\/wp-content\\\/uploads\\\/2025\\\/01\\\/product_logo.png\",\"datePublished\":\"2025-01-06T20:42:31+00:00\",\"dateModified\":\"2025-01-12T20:39:57+00:00\",\"description\":\"N\u00e4hrt das Yin und Yang der Nieren, tonisiert und stabilisiert die Nieren, n\u00e4hrt das Blut. St\u00e4rkt das Ming Men, beseitigt K\u00e4lte,\",\"breadcrumb\":{\"@id\":\"https:\\\/\\\/biovitalprotect.ro\\\/de\\\/produs\\\/bao-he-wan\\\/#breadcrumb\"},\"inLanguage\":\"de\",\"potentialAction\":[{\"@type\":\"ReadAction\",\"target\":[\"https:\\\/\\\/biovitalprotect.ro\\\/de\\\/produs\\\/bao-he-wan\\\/\"]}]},{\"@type\":\"ImageObject\",\"inLanguage\":\"de\",\"@id\":\"https:\\\/\\\/biovitalprotect.ro\\\/de\\\/produs\\\/bao-he-wan\\\/#primaryimage\",\"url\":\"https:\\\/\\\/biovitalprotect.ro\\\/wp-content\\\/uploads\\\/2025\\\/01\\\/product_logo.png\",\"contentUrl\":\"https:\\\/\\\/biovitalprotect.ro\\\/wp-content\\\/uploads\\\/2025\\\/01\\\/product_logo.png\",\"width\":1418,\"height\":1437,\"caption\":\"HUO LUO XIAO LING DAN JIA WEI\"},{\"@type\":\"BreadcrumbList\",\"@id\":\"https:\\\/\\\/biovitalprotect.ro\\\/de\\\/produs\\\/bao-he-wan\\\/#breadcrumb\",\"itemListElement\":[{\"@type\":\"ListItem\",\"position\":1,\"name\":\"Prima pagin\u0103\",\"item\":\"https:\\\/\\\/biovitalprotect.ro\\\/de\\\/\"},{\"@type\":\"ListItem\",\"position\":2,\"name\":\"Shop\",\"item\":\"https:\\\/\\\/biovitalprotect.ro\\\/de\\\/shop\\\/\"},{\"@type\":\"ListItem\",\"position\":3,\"name\":\"BAO HE WAN\"}]},{\"@type\":\"WebSite\",\"@id\":\"https:\\\/\\\/biovitalprotect.ro\\\/de\\\/#website\",\"url\":\"https:\\\/\\\/biovitalprotect.ro\\\/de\\\/\",\"name\":\"Bio Vital Protect - Suplimente chinezesti\",\"description\":\"Pflanzliche Nahrungserg\u00e4nzungsmittel, die in der chinesischen Medizin zur Behandlung verschiedener Erkrankungen eingesetzt werden\",\"publisher\":{\"@id\":\"https:\\\/\\\/biovitalprotect.ro\\\/de\\\/#organization\"},\"alternateName\":\"Bio Vital Protect\",\"potentialAction\":[{\"@type\":\"SearchAction\",\"target\":{\"@type\":\"EntryPoint\",\"urlTemplate\":\"https:\\\/\\\/biovitalprotect.ro\\\/de\\\/?s={search_term_string}\"},\"query-input\":{\"@type\":\"PropertyValueSpecification\",\"valueRequired\":true,\"valueName\":\"search_term_string\"}}],\"inLanguage\":\"de\"},{\"@type\":\"Organization\",\"@id\":\"https:\\\/\\\/biovitalprotect.ro\\\/de\\\/#organization\",\"name\":\"Bio Vital Protect - Suplimente chinezesti\",\"alternateName\":\"Bio Vital Protect\",\"url\":\"https:\\\/\\\/biovitalprotect.ro\\\/de\\\/\",\"logo\":{\"@type\":\"ImageObject\",\"inLanguage\":\"de\",\"@id\":\"https:\\\/\\\/biovitalprotect.ro\\\/de\\\/#\\\/schema\\\/logo\\\/image\\\/\",\"url\":\"https:\\\/\\\/biovitalprotect.ro\\\/wp-content\\\/uploads\\\/2025\\\/01\\\/logo_biovital-1024x574.png\",\"contentUrl\":\"https:\\\/\\\/biovitalprotect.ro\\\/wp-content\\\/uploads\\\/2025\\\/01\\\/logo_biovital-1024x574.png\",\"width\":1024,\"height\":574,\"caption\":\"Bio Vital Protect - Suplimente chinezesti\"},\"image\":{\"@id\":\"https:\\\/\\\/biovitalprotect.ro\\\/de\\\/#\\\/schema\\\/logo\\\/image\\\/\"},\"sameAs\":[\"https:\\\/\\\/www.facebook.com\\\/people\\\/Bio-Vital-Protect\\\/61571520557481\\\/\"],\"description\":\"Bio Vital Protect - Naturopatie Chinezeasca\",\"email\":\"contact@biovitalprotect.ro\",\"telephone\":\"40775351367\",\"legalName\":\"BIO VITAL PROTECT SRL\",\"foundingDate\":\"2015-05-01\",\"numberOfEmployees\":{\"@type\":\"QuantitativeValue\",\"minValue\":\"1\",\"maxValue\":\"10\"}}]}<\/script>\n<!-- \/ Yoast SEO Premium plugin. -->","yoast_head_json":{"title":"BAO HE WAN - Bio Vital Protect +40775351367","description":"N\u00e4hrt das Yin und Yang der Nieren, tonisiert und stabilisiert die Nieren, n\u00e4hrt das Blut. St\u00e4rkt das Ming Men, beseitigt K\u00e4lte,","robots":{"index":"index","follow":"follow","max-snippet":"max-snippet:-1","max-image-preview":"max-image-preview:large","max-video-preview":"max-video-preview:-1"},"canonical":"https:\/\/biovitalprotect.ro\/de\/produs\/bao-he-wan\/","og_locale":"de_DE","og_type":"article","og_title":"BAO HE WAN","og_description":"BAO HE WAN","og_url":"https:\/\/biovitalprotect.ro\/de\/produs\/bao-he-wan\/","og_site_name":"Bio Vital Protect +40775351367","article_publisher":"https:\/\/www.facebook.com\/people\/Bio-Vital-Protect\/61571520557481\/","article_modified_time":"2025-01-12T20:39:57+00:00","og_image":[{"width":1010,"height":1024,"url":"https:\/\/biovitalprotect.ro\/wp-content\/uploads\/2025\/01\/product_logo-1010x1024.png","type":"image\/png"}],"twitter_card":"summary_large_image","twitter_misc":{"Gesch\u00e4tzte Lesezeit":"2\u00a0Minuten"},"schema":{"@context":"https:\/\/schema.org","@graph":[{"@type":"WebPage","@id":"https:\/\/biovitalprotect.ro\/de\/produs\/bao-he-wan\/","url":"https:\/\/biovitalprotect.ro\/de\/produs\/bao-he-wan\/","name":"BAO HE WAN - Bio Vital Protect +40775351367","isPartOf":{"@id":"https:\/\/biovitalprotect.ro\/de\/#website"},"primaryImageOfPage":{"@id":"https:\/\/biovitalprotect.ro\/de\/produs\/bao-he-wan\/#primaryimage"},"image":{"@id":"https:\/\/biovitalprotect.ro\/de\/produs\/bao-he-wan\/#primaryimage"},"thumbnailUrl":"https:\/\/biovitalprotect.ro\/wp-content\/uploads\/2025\/01\/product_logo.png","datePublished":"2025-01-06T20:42:31+00:00","dateModified":"2025-01-12T20:39:57+00:00","description":"N\u00e4hrt das Yin und Yang der Nieren, tonisiert und stabilisiert die Nieren, n\u00e4hrt das Blut. St\u00e4rkt das Ming Men, beseitigt K\u00e4lte,","breadcrumb":{"@id":"https:\/\/biovitalprotect.ro\/de\/produs\/bao-he-wan\/#breadcrumb"},"inLanguage":"de","potentialAction":[{"@type":"ReadAction","target":["https:\/\/biovitalprotect.ro\/de\/produs\/bao-he-wan\/"]}]},{"@type":"ImageObject","inLanguage":"de","@id":"https:\/\/biovitalprotect.ro\/de\/produs\/bao-he-wan\/#primaryimage","url":"https:\/\/biovitalprotect.ro\/wp-content\/uploads\/2025\/01\/product_logo.png","contentUrl":"https:\/\/biovitalprotect.ro\/wp-content\/uploads\/2025\/01\/product_logo.png","width":1418,"height":1437,"caption":"HUO LUO XIAO LING DAN JIA WEI"},{"@type":"BreadcrumbList","@id":"https:\/\/biovitalprotect.ro\/de\/produs\/bao-he-wan\/#breadcrumb","itemListElement":[{"@type":"ListItem","position":1,"name":"Prima pagin\u0103","item":"https:\/\/biovitalprotect.ro\/de\/"},{"@type":"ListItem","position":2,"name":"Shop","item":"https:\/\/biovitalprotect.ro\/de\/shop\/"},{"@type":"ListItem","position":3,"name":"BAO HE WAN"}]},{"@type":"WebSite","@id":"https:\/\/biovitalprotect.ro\/de\/#website","url":"https:\/\/biovitalprotect.ro\/de\/","name":"Bio Vital Protect - Suplimente chinezesti","description":"Pflanzliche Nahrungserg\u00e4nzungsmittel, die in der chinesischen Medizin zur Behandlung verschiedener Erkrankungen eingesetzt werden","publisher":{"@id":"https:\/\/biovitalprotect.ro\/de\/#organization"},"alternateName":"Bio Vital Protect","potentialAction":[{"@type":"SearchAction","target":{"@type":"EntryPoint","urlTemplate":"https:\/\/biovitalprotect.ro\/de\/?s={search_term_string}"},"query-input":{"@type":"PropertyValueSpecification","valueRequired":true,"valueName":"search_term_string"}}],"inLanguage":"de"},{"@type":"Organization","@id":"https:\/\/biovitalprotect.ro\/de\/#organization","name":"Bio Vital Protect - Suplimente chinezesti","alternateName":"Bio Vital Protect","url":"https:\/\/biovitalprotect.ro\/de\/","logo":{"@type":"ImageObject","inLanguage":"de","@id":"https:\/\/biovitalprotect.ro\/de\/#\/schema\/logo\/image\/","url":"https:\/\/biovitalprotect.ro\/wp-content\/uploads\/2025\/01\/logo_biovital-1024x574.png","contentUrl":"https:\/\/biovitalprotect.ro\/wp-content\/uploads\/2025\/01\/logo_biovital-1024x574.png","width":1024,"height":574,"caption":"Bio Vital Protect - Suplimente chinezesti"},"image":{"@id":"https:\/\/biovitalprotect.ro\/de\/#\/schema\/logo\/image\/"},"sameAs":["https:\/\/www.facebook.com\/people\/Bio-Vital-Protect\/61571520557481\/"],"description":"Bio Vital Protect - Naturopatie Chinezeasca","email":"contact@biovitalprotect.ro","telephone":"40775351367","legalName":"BIO VITAL PROTECT SRL","foundingDate":"2015-05-01","numberOfEmployees":{"@type":"QuantitativeValue","minValue":"1","maxValue":"10"}}]}},"jetpack_sharing_enabled":true,"_links":{"self":[{"href":"https:\/\/biovitalprotect.ro\/de\/wp-json\/wp\/v2\/product\/590","targetHints":{"allow":["GET"]}}],"collection":[{"href":"https:\/\/biovitalprotect.ro\/de\/wp-json\/wp\/v2\/product"}],"about":[{"href":"https:\/\/biovitalprotect.ro\/de\/wp-json\/wp\/v2\/types\/product"}],"replies":[{"embeddable":true,"href":"https:\/\/biovitalprotect.ro\/de\/wp-json\/wp\/v2\/comments?post=590"}],"wp:featuredmedia":[{"embeddable":true,"href":"https:\/\/biovitalprotect.ro\/de\/wp-json\/wp\/v2\/media\/753"}],"wp:attachment":[{"href":"https:\/\/biovitalprotect.ro\/de\/wp-json\/wp\/v2\/media?parent=590"}],"wp:term":[{"taxonomy":"product_brand","embeddable":true,"href":"https:\/\/biovitalprotect.ro\/de\/wp-json\/wp\/v2\/product_brand?post=590"},{"taxonomy":"product_cat","embeddable":true,"href":"https:\/\/biovitalprotect.ro\/de\/wp-json\/wp\/v2\/product_cat?post=590"},{"taxonomy":"product_tag","embeddable":true,"href":"https:\/\/biovitalprotect.ro\/de\/wp-json\/wp\/v2\/product_tag?post=590"}],"curies":[{"name":"wp","href":"https:\/\/api.w.org\/{rel}","templated":true}]}}