{"id":371,"date":"2025-01-03T12:54:51","date_gmt":"2025-01-03T12:54:51","guid":{"rendered":"https:\/\/biovitalprotect.ro\/remedes-pour-lequilibre-mental\/"},"modified":"2025-01-07T21:11:07","modified_gmt":"2025-01-07T21:11:07","slug":"remedes-pour-lequilibre-mental","status":"publish","type":"page","link":"https:\/\/biovitalprotect.ro\/fr\/remedes-pour-lequilibre-mental\/","title":{"rendered":"Rem\u00e8des pour l&rsquo;\u00e9quilibre mental"},"content":{"rendered":"\n<p><a href=\"https:\/\/biovitalprotect.ro\/fr\/produs\/chai-hu-long-gu-mu\/\"><br\/>CHAI HU LONG GU GU MU<\/a><a href=\"https:\/\/biovitalprotect.ro\/fr\/produs\/chai-hu-long-gu-mu\/\"><span style=\"color: black; background-color: yellow;\">Principaux effets :<\/span> \u00e9galement appel\u00e9 le grand stabilisateur, ce rem\u00e8de s&rsquo;adresse aux personnes souffrant de crises \u00e9nerg\u00e9tiques, en abaissant le Qi rebelle.<\/a> Il est tr\u00e8s bon pour les personnes souffrant de schizophr\u00e9nie (qui est aussi une forme de crise \u00e9nerg\u00e9tique), de d\u00e9pression, de bipolarit\u00e9, de la maladie de M\u00e9ni\u00e8re, etc. Il ancre Shenul et lui apporte paix et tranquillit\u00e9.<\/p>\n\n<p>CHAI HU SHU SHU GAN SAN  <\/p>\n\n<p><span style=\"color: black; background-color: yellow;\">Principaux effets :<\/span> une formule similaire \u00e0 la pr\u00e9c\u00e9dente mais beaucoup plus l\u00e9g\u00e8re. Il traite tr\u00e8s bien la d\u00e9pression.<\/p>\n","protected":false},"excerpt":{"rendered":"<p>CHAI HU LONG GU GU MUPrincipaux effets : \u00e9galement appel\u00e9 le grand stabilisateur, ce rem\u00e8de s&rsquo;adresse aux personnes souffrant de crises \u00e9nerg\u00e9tiques, en abaissant le Qi rebelle. Il est tr\u00e8s bon pour les personnes souffrant de schizophr\u00e9nie (qui est aussi une forme de crise \u00e9nerg\u00e9tique), de d\u00e9pression, de bipolarit\u00e9, de la maladie de M\u00e9ni\u00e8re, etc. [&hellip;]<\/p>\n","protected":false},"author":1,"featured_media":0,"parent":0,"menu_order":0,"comment_status":"closed","ping_status":"closed","template":"","meta":{"_acf_changed":false,"jetpack_post_was_ever_published":false,"footnotes":""},"class_list":["post-371","page","type-page","status-publish","hentry"],"acf":[],"yoast_head":"<!-- This site is optimized with the Yoast SEO Premium plugin v26.6 (Yoast SEO v27.6) - https:\/\/yoast.com\/product\/yoast-seo-premium-wordpress\/ -->\n<title>Rem\u00e8des pour l&#039;\u00e9quilibre mental - Bio Vital Protect +40775351367<\/title>\n<meta name=\"description\" content=\"Rem\u00e8des pour l&#039;\u00e9quilibre mental Bio Vital Protect +40775351367\" \/>\n<meta name=\"robots\" content=\"index, follow, max-snippet:-1, max-image-preview:large, max-video-preview:-1\" \/>\n<link rel=\"canonical\" href=\"https:\/\/biovitalprotect.ro\/fr\/remedes-pour-lequilibre-mental\/\" \/>\n<meta property=\"og:locale\" content=\"fr_FR\" \/>\n<meta property=\"og:type\" content=\"article\" \/>\n<meta property=\"og:title\" content=\"Rem\u00e8des pour l&#039;\u00e9quilibre mental\" \/>\n<meta property=\"og:description\" content=\"Rem\u00e8des pour l&#039;\u00e9quilibre mental\" \/>\n<meta property=\"og:url\" content=\"https:\/\/biovitalprotect.ro\/fr\/remedes-pour-lequilibre-mental\/\" \/>\n<meta property=\"og:site_name\" content=\"Bio Vital Protect +40775351367\" \/>\n<meta property=\"article:publisher\" content=\"https:\/\/www.facebook.com\/people\/Bio-Vital-Protect\/61571520557481\/\" \/>\n<meta property=\"article:modified_time\" content=\"2025-01-07T21:11:07+00:00\" \/>\n<meta property=\"og:image\" content=\"https:\/\/biovitalprotect.ro\/wp-content\/uploads\/2025\/01\/logo_biovital-1.png\" \/>\n\t<meta property=\"og:image:width\" content=\"495\" \/>\n\t<meta property=\"og:image:height\" content=\"418\" \/>\n\t<meta property=\"og:image:type\" content=\"image\/png\" \/>\n<meta name=\"twitter:card\" content=\"summary_large_image\" \/>\n<meta name=\"twitter:label1\" content=\"Dur\u00e9e de lecture estim\u00e9e\" \/>\n\t<meta name=\"twitter:data1\" content=\"1 minute\" \/>\n<script type=\"application\/ld+json\" class=\"yoast-schema-graph\">{\"@context\":\"https:\\\/\\\/schema.org\",\"@graph\":[{\"@type\":[\"Article\",\"BlogPosting\"],\"@id\":\"https:\\\/\\\/biovitalprotect.ro\\\/fr\\\/remedes-pour-lequilibre-mental\\\/#article\",\"isPartOf\":{\"@id\":\"https:\\\/\\\/biovitalprotect.ro\\\/fr\\\/remedes-pour-lequilibre-mental\\\/\"},\"author\":{\"name\":\"admin\",\"@id\":\"https:\\\/\\\/biovitalprotect.ro\\\/fr\\\/#\\\/schema\\\/person\\\/14b2f8ba11f4e22e731111934965a475\"},\"headline\":\"Rem\u00e8des pour l&rsquo;\u00e9quilibre mental\",\"datePublished\":\"2025-01-03T12:54:51+00:00\",\"dateModified\":\"2025-01-07T21:11:07+00:00\",\"mainEntityOfPage\":{\"@id\":\"https:\\\/\\\/biovitalprotect.ro\\\/fr\\\/remedes-pour-lequilibre-mental\\\/\"},\"wordCount\":108,\"publisher\":{\"@id\":\"https:\\\/\\\/biovitalprotect.ro\\\/fr\\\/#organization\"},\"inLanguage\":\"fr-FR\"},{\"@type\":\"WebPage\",\"@id\":\"https:\\\/\\\/biovitalprotect.ro\\\/fr\\\/remedes-pour-lequilibre-mental\\\/\",\"url\":\"https:\\\/\\\/biovitalprotect.ro\\\/fr\\\/remedes-pour-lequilibre-mental\\\/\",\"name\":\"Rem\u00e8des pour l'\u00e9quilibre mental - Bio Vital Protect +40775351367\",\"isPartOf\":{\"@id\":\"https:\\\/\\\/biovitalprotect.ro\\\/fr\\\/#website\"},\"datePublished\":\"2025-01-03T12:54:51+00:00\",\"dateModified\":\"2025-01-07T21:11:07+00:00\",\"description\":\"Rem\u00e8des pour l'\u00e9quilibre mental Bio Vital Protect +40775351367\",\"breadcrumb\":{\"@id\":\"https:\\\/\\\/biovitalprotect.ro\\\/fr\\\/remedes-pour-lequilibre-mental\\\/#breadcrumb\"},\"inLanguage\":\"fr-FR\",\"potentialAction\":[{\"@type\":\"ReadAction\",\"target\":[\"https:\\\/\\\/biovitalprotect.ro\\\/fr\\\/remedes-pour-lequilibre-mental\\\/\"]}]},{\"@type\":\"BreadcrumbList\",\"@id\":\"https:\\\/\\\/biovitalprotect.ro\\\/fr\\\/remedes-pour-lequilibre-mental\\\/#breadcrumb\",\"itemListElement\":[{\"@type\":\"ListItem\",\"position\":1,\"name\":\"Prima pagin\u0103\",\"item\":\"https:\\\/\\\/biovitalprotect.ro\\\/fr\\\/\"},{\"@type\":\"ListItem\",\"position\":2,\"name\":\"Rem\u00e8des pour l&#8217;\u00e9quilibre mental\"}]},{\"@type\":\"WebSite\",\"@id\":\"https:\\\/\\\/biovitalprotect.ro\\\/fr\\\/#website\",\"url\":\"https:\\\/\\\/biovitalprotect.ro\\\/fr\\\/\",\"name\":\"Bio Vital Protect - Suplimente chinezesti\",\"description\":\"Compl\u00e9ments alimentaires utilis\u00e9s en m\u00e9decine chinoise pour traiter diverses affections\",\"publisher\":{\"@id\":\"https:\\\/\\\/biovitalprotect.ro\\\/fr\\\/#organization\"},\"alternateName\":\"Bio Vital Protect\",\"potentialAction\":[{\"@type\":\"SearchAction\",\"target\":{\"@type\":\"EntryPoint\",\"urlTemplate\":\"https:\\\/\\\/biovitalprotect.ro\\\/fr\\\/?s={search_term_string}\"},\"query-input\":{\"@type\":\"PropertyValueSpecification\",\"valueRequired\":true,\"valueName\":\"search_term_string\"}}],\"inLanguage\":\"fr-FR\"},{\"@type\":\"Organization\",\"@id\":\"https:\\\/\\\/biovitalprotect.ro\\\/fr\\\/#organization\",\"name\":\"Bio Vital Protect - Suplimente chinezesti\",\"alternateName\":\"Bio Vital Protect\",\"url\":\"https:\\\/\\\/biovitalprotect.ro\\\/fr\\\/\",\"logo\":{\"@type\":\"ImageObject\",\"inLanguage\":\"fr-FR\",\"@id\":\"https:\\\/\\\/biovitalprotect.ro\\\/fr\\\/#\\\/schema\\\/logo\\\/image\\\/\",\"url\":\"https:\\\/\\\/biovitalprotect.ro\\\/wp-content\\\/uploads\\\/2025\\\/01\\\/logo_biovital-1024x574.png\",\"contentUrl\":\"https:\\\/\\\/biovitalprotect.ro\\\/wp-content\\\/uploads\\\/2025\\\/01\\\/logo_biovital-1024x574.png\",\"width\":1024,\"height\":574,\"caption\":\"Bio Vital Protect - Suplimente chinezesti\"},\"image\":{\"@id\":\"https:\\\/\\\/biovitalprotect.ro\\\/fr\\\/#\\\/schema\\\/logo\\\/image\\\/\"},\"sameAs\":[\"https:\\\/\\\/www.facebook.com\\\/people\\\/Bio-Vital-Protect\\\/61571520557481\\\/\"],\"description\":\"Bio Vital Protect - Naturopatie Chinezeasca\",\"email\":\"contact@biovitalprotect.ro\",\"telephone\":\"40775351367\",\"legalName\":\"BIO VITAL PROTECT SRL\",\"foundingDate\":\"2015-05-01\",\"numberOfEmployees\":{\"@type\":\"QuantitativeValue\",\"minValue\":\"1\",\"maxValue\":\"10\"}},{\"@type\":\"Person\",\"@id\":\"https:\\\/\\\/biovitalprotect.ro\\\/fr\\\/#\\\/schema\\\/person\\\/14b2f8ba11f4e22e731111934965a475\",\"name\":\"admin\",\"image\":{\"@type\":\"ImageObject\",\"inLanguage\":\"fr-FR\",\"@id\":\"https:\\\/\\\/secure.gravatar.com\\\/avatar\\\/4ff49440994f721bd931ade46837ff57eab1d374dd9008422cf3c55c69d5c455?s=96&d=mm&r=g\",\"url\":\"https:\\\/\\\/secure.gravatar.com\\\/avatar\\\/4ff49440994f721bd931ade46837ff57eab1d374dd9008422cf3c55c69d5c455?s=96&d=mm&r=g\",\"contentUrl\":\"https:\\\/\\\/secure.gravatar.com\\\/avatar\\\/4ff49440994f721bd931ade46837ff57eab1d374dd9008422cf3c55c69d5c455?s=96&d=mm&r=g\",\"caption\":\"admin\"},\"sameAs\":[\"https:\\\/\\\/biovitalprotect.ro\"],\"url\":\"https:\\\/\\\/biovitalprotect.ro\\\/fr\\\/author\\\/biovitalprotect\\\/\"}]}<\/script>\n<!-- \/ Yoast SEO Premium plugin. -->","yoast_head_json":{"title":"Rem\u00e8des pour l'\u00e9quilibre mental - Bio Vital Protect +40775351367","description":"Rem\u00e8des pour l'\u00e9quilibre mental Bio Vital Protect +40775351367","robots":{"index":"index","follow":"follow","max-snippet":"max-snippet:-1","max-image-preview":"max-image-preview:large","max-video-preview":"max-video-preview:-1"},"canonical":"https:\/\/biovitalprotect.ro\/fr\/remedes-pour-lequilibre-mental\/","og_locale":"fr_FR","og_type":"article","og_title":"Rem\u00e8des pour l'\u00e9quilibre mental","og_description":"Rem\u00e8des pour l'\u00e9quilibre mental","og_url":"https:\/\/biovitalprotect.ro\/fr\/remedes-pour-lequilibre-mental\/","og_site_name":"Bio Vital Protect +40775351367","article_publisher":"https:\/\/www.facebook.com\/people\/Bio-Vital-Protect\/61571520557481\/","article_modified_time":"2025-01-07T21:11:07+00:00","og_image":[{"width":495,"height":418,"url":"https:\/\/biovitalprotect.ro\/wp-content\/uploads\/2025\/01\/logo_biovital-1.png","type":"image\/png"}],"twitter_card":"summary_large_image","twitter_misc":{"Dur\u00e9e de lecture estim\u00e9e":"1 minute"},"schema":{"@context":"https:\/\/schema.org","@graph":[{"@type":["Article","BlogPosting"],"@id":"https:\/\/biovitalprotect.ro\/fr\/remedes-pour-lequilibre-mental\/#article","isPartOf":{"@id":"https:\/\/biovitalprotect.ro\/fr\/remedes-pour-lequilibre-mental\/"},"author":{"name":"admin","@id":"https:\/\/biovitalprotect.ro\/fr\/#\/schema\/person\/14b2f8ba11f4e22e731111934965a475"},"headline":"Rem\u00e8des pour l&rsquo;\u00e9quilibre mental","datePublished":"2025-01-03T12:54:51+00:00","dateModified":"2025-01-07T21:11:07+00:00","mainEntityOfPage":{"@id":"https:\/\/biovitalprotect.ro\/fr\/remedes-pour-lequilibre-mental\/"},"wordCount":108,"publisher":{"@id":"https:\/\/biovitalprotect.ro\/fr\/#organization"},"inLanguage":"fr-FR"},{"@type":"WebPage","@id":"https:\/\/biovitalprotect.ro\/fr\/remedes-pour-lequilibre-mental\/","url":"https:\/\/biovitalprotect.ro\/fr\/remedes-pour-lequilibre-mental\/","name":"Rem\u00e8des pour l'\u00e9quilibre mental - Bio Vital Protect +40775351367","isPartOf":{"@id":"https:\/\/biovitalprotect.ro\/fr\/#website"},"datePublished":"2025-01-03T12:54:51+00:00","dateModified":"2025-01-07T21:11:07+00:00","description":"Rem\u00e8des pour l'\u00e9quilibre mental Bio Vital Protect +40775351367","breadcrumb":{"@id":"https:\/\/biovitalprotect.ro\/fr\/remedes-pour-lequilibre-mental\/#breadcrumb"},"inLanguage":"fr-FR","potentialAction":[{"@type":"ReadAction","target":["https:\/\/biovitalprotect.ro\/fr\/remedes-pour-lequilibre-mental\/"]}]},{"@type":"BreadcrumbList","@id":"https:\/\/biovitalprotect.ro\/fr\/remedes-pour-lequilibre-mental\/#breadcrumb","itemListElement":[{"@type":"ListItem","position":1,"name":"Prima pagin\u0103","item":"https:\/\/biovitalprotect.ro\/fr\/"},{"@type":"ListItem","position":2,"name":"Rem\u00e8des pour l&#8217;\u00e9quilibre mental"}]},{"@type":"WebSite","@id":"https:\/\/biovitalprotect.ro\/fr\/#website","url":"https:\/\/biovitalprotect.ro\/fr\/","name":"Bio Vital Protect - Suplimente chinezesti","description":"Compl\u00e9ments alimentaires utilis\u00e9s en m\u00e9decine chinoise pour traiter diverses affections","publisher":{"@id":"https:\/\/biovitalprotect.ro\/fr\/#organization"},"alternateName":"Bio Vital Protect","potentialAction":[{"@type":"SearchAction","target":{"@type":"EntryPoint","urlTemplate":"https:\/\/biovitalprotect.ro\/fr\/?s={search_term_string}"},"query-input":{"@type":"PropertyValueSpecification","valueRequired":true,"valueName":"search_term_string"}}],"inLanguage":"fr-FR"},{"@type":"Organization","@id":"https:\/\/biovitalprotect.ro\/fr\/#organization","name":"Bio Vital Protect - Suplimente chinezesti","alternateName":"Bio Vital Protect","url":"https:\/\/biovitalprotect.ro\/fr\/","logo":{"@type":"ImageObject","inLanguage":"fr-FR","@id":"https:\/\/biovitalprotect.ro\/fr\/#\/schema\/logo\/image\/","url":"https:\/\/biovitalprotect.ro\/wp-content\/uploads\/2025\/01\/logo_biovital-1024x574.png","contentUrl":"https:\/\/biovitalprotect.ro\/wp-content\/uploads\/2025\/01\/logo_biovital-1024x574.png","width":1024,"height":574,"caption":"Bio Vital Protect - Suplimente chinezesti"},"image":{"@id":"https:\/\/biovitalprotect.ro\/fr\/#\/schema\/logo\/image\/"},"sameAs":["https:\/\/www.facebook.com\/people\/Bio-Vital-Protect\/61571520557481\/"],"description":"Bio Vital Protect - Naturopatie Chinezeasca","email":"contact@biovitalprotect.ro","telephone":"40775351367","legalName":"BIO VITAL PROTECT SRL","foundingDate":"2015-05-01","numberOfEmployees":{"@type":"QuantitativeValue","minValue":"1","maxValue":"10"}},{"@type":"Person","@id":"https:\/\/biovitalprotect.ro\/fr\/#\/schema\/person\/14b2f8ba11f4e22e731111934965a475","name":"admin","image":{"@type":"ImageObject","inLanguage":"fr-FR","@id":"https:\/\/secure.gravatar.com\/avatar\/4ff49440994f721bd931ade46837ff57eab1d374dd9008422cf3c55c69d5c455?s=96&d=mm&r=g","url":"https:\/\/secure.gravatar.com\/avatar\/4ff49440994f721bd931ade46837ff57eab1d374dd9008422cf3c55c69d5c455?s=96&d=mm&r=g","contentUrl":"https:\/\/secure.gravatar.com\/avatar\/4ff49440994f721bd931ade46837ff57eab1d374dd9008422cf3c55c69d5c455?s=96&d=mm&r=g","caption":"admin"},"sameAs":["https:\/\/biovitalprotect.ro"],"url":"https:\/\/biovitalprotect.ro\/fr\/author\/biovitalprotect\/"}]}},"jetpack_sharing_enabled":true,"_links":{"self":[{"href":"https:\/\/biovitalprotect.ro\/fr\/wp-json\/wp\/v2\/pages\/371","targetHints":{"allow":["GET"]}}],"collection":[{"href":"https:\/\/biovitalprotect.ro\/fr\/wp-json\/wp\/v2\/pages"}],"about":[{"href":"https:\/\/biovitalprotect.ro\/fr\/wp-json\/wp\/v2\/types\/page"}],"author":[{"embeddable":true,"href":"https:\/\/biovitalprotect.ro\/fr\/wp-json\/wp\/v2\/users\/1"}],"replies":[{"embeddable":true,"href":"https:\/\/biovitalprotect.ro\/fr\/wp-json\/wp\/v2\/comments?post=371"}],"version-history":[{"count":1,"href":"https:\/\/biovitalprotect.ro\/fr\/wp-json\/wp\/v2\/pages\/371\/revisions"}],"predecessor-version":[{"id":373,"href":"https:\/\/biovitalprotect.ro\/fr\/wp-json\/wp\/v2\/pages\/371\/revisions\/373"}],"wp:attachment":[{"href":"https:\/\/biovitalprotect.ro\/fr\/wp-json\/wp\/v2\/media?parent=371"}],"curies":[{"name":"wp","href":"https:\/\/api.w.org\/{rel}","templated":true}]}}