{"id":467,"date":"2025-01-06T20:22:40","date_gmt":"2025-01-06T20:22:40","guid":{"rendered":"https:\/\/biovitalprotect.ro\/remedes-pour-les-reins\/"},"modified":"2025-01-07T21:11:44","modified_gmt":"2025-01-07T21:11:44","slug":"remedes-pour-les-reins","status":"publish","type":"page","link":"https:\/\/biovitalprotect.ro\/fr\/remedes-pour-les-reins\/","title":{"rendered":"Rem\u00e8des pour les reins"},"content":{"rendered":"\n<p>Quelques mots sur les reins :<\/p>\n\n<p>Le rein est \u00e0 l&rsquo;origine du <strong>Yin et du Yang<\/strong> de tous les organes. <br\/><br\/>Il est la source de la vie et la racine du Ciel ant\u00e9rieur (l&rsquo;\u00e9nergie pr\u00e9natale est stock\u00e9e dans le rein). Le rein est la r\u00e9serve fondamentale du corps, il doit \u00eatre prot\u00e9g\u00e9 et entretenu. Les anciens conseillaient de le tonifier toujours et de ne jamais le disperser ! <\/p>\n\n<p>Les reins pr\u00e9servent le Jing et le YUAN QI<\/p>\n\n<p>Le Rein est le si\u00e8ge du Jing inn\u00e9, du Ciel ant\u00e9rieur, c&rsquo;est-\u00e0-dire de tout ce qui est transmis par les parents (h\u00e9r\u00e9dit\u00e9). Ce JING inn\u00e9 va se d\u00e9velopper gr\u00e2ce au QI acquis apr\u00e8s la naissance, qui va le nourrir et le soutenir. <\/p>\n\n<p>Le Yuan Qi favorise la croissance, le d\u00e9veloppement harmonieux, la reproduction. Il r\u00e9gule le m\u00e9tabolisme du corps en alimentant les organes et les visc\u00e8res en Yin-Yang. La totalit\u00e9 du Yin et du Yang des organes et des visc\u00e8res prend sa source dans les reins.  <\/p>\n\n<p>Cela dit, on peut comprendre l&rsquo;importance des reins dans la m\u00e9decine chinoise.  <\/p>\n\n<p>Les rem\u00e8des suivants sont essentiels pour \u00e9quilibrer la fonction r\u00e9nale et la ramener \u00e0 la normale :<\/p>\n\n<p><a href=\"https:\/\/biovitalprotect.ro\/fr\/produs\/jin-gui-shen-qi-wan\/\"><br\/>Jin Gui Shen Shen Qi Wan<\/a><a href=\"https:\/\/biovitalprotect.ro\/fr\/produs\/jin-gui-shen-qi-wan\/\"><span style=\"color: black; background-color: yellow;\">Principaux effets :<\/span> nourrit le Yin et le Yang des reins, tonifie et stabilise les reins, nourrit le sang.<br\/>Renforce le Ming Men, \u00e9limine le froid, c&rsquo;est un excellent rem\u00e8de pour restaurer la fonction r\u00e9nale, aide \u00e0 ralentir ou m\u00eame \u00e0 arr\u00eater les processus de vieillissement des organes et des syst\u00e8mes du corps. Il est recommand\u00e9 dans le traitement de nombreuses affections chroniques d\u00e9g\u00e9n\u00e9ratives, notamment celles qui touchent les reins, le foie, le pancr\u00e9as, les os, les muscles et les glandes endocrines telles que la thyro\u00efde et les glandes surr\u00e9nales. Il peut \u00eatre consomm\u00e9 par toute personne affaiblie, se remettant d&rsquo;une maladie ou subissant des processus acc\u00e9l\u00e9r\u00e9s de d\u00e9t\u00e9rioration ou de vieillissement. Ingr\u00e9dients : FU LING, GUI ZHI, GUI ZHI, MU DAN PI, ROU GUI, SHAN YAO, SHAN ZHU YU, SHU DI HUANG, ZE XIE, ZHI FU ZI.<\/a>     <\/p>\n\n<p><\/p>\n\n<p><a href=\"https:\/\/biovitalprotect.ro\/fr\/produs\/bai-he-gu-jin-tang\/\">BAI HE GU JIN TANG<\/a> <br\/><span style=\"color: black; background-color: yellow;\">Principaux effets :<\/span> Efficace en cas de n\u00e9phrite et de toux s\u00e8che. Hydrate et nourrit les poumons et les reins. Rem\u00e8de contre les palpitations et l&rsquo;insomnie. Tonifie le Yin du foie et des reins. \u00c9limine la chaleur, refroidit le sang. Il dynamise le Qi des poumons.     <\/p>\n\n<p><\/p>\n\n<p><br\/>G<a href=\"https:\/\/biovitalprotect.ro\/fr\/produs\/gu-ben-wan\/\">U BEN WAN<\/a><span style=\"color: black; background-color: yellow;\">Principaux effets :<\/span> Renforce la volont\u00e9, efficace pour les probl\u00e8mes de m\u00e9moire\/itare, la toux, le diab\u00e8te, la n\u00e9phrite, la constipation, l&rsquo;hyperthyro\u00efdie, les probl\u00e8mes urinaires, nourrit le Yin des reins, nourrit le sang, \u00e9limine la chaleur, refroidit le sang.<\/p>\n\n<p><\/p>\n","protected":false},"excerpt":{"rendered":"<p>Quelques mots sur les reins : Le rein est \u00e0 l&rsquo;origine du Yin et du Yang de tous les organes. Il est la source de la vie et la racine du Ciel ant\u00e9rieur (l&rsquo;\u00e9nergie pr\u00e9natale est stock\u00e9e dans le rein). Le rein est la r\u00e9serve fondamentale du corps, il doit \u00eatre prot\u00e9g\u00e9 et entretenu. Les [&hellip;]<\/p>\n","protected":false},"author":1,"featured_media":0,"parent":0,"menu_order":0,"comment_status":"closed","ping_status":"closed","template":"","meta":{"_acf_changed":false,"jetpack_post_was_ever_published":false,"footnotes":""},"class_list":["post-467","page","type-page","status-publish","hentry"],"acf":[],"yoast_head":"<!-- This site is optimized with the Yoast SEO Premium plugin v26.6 (Yoast SEO v27.6) - https:\/\/yoast.com\/product\/yoast-seo-premium-wordpress\/ -->\n<title>Rem\u00e8des pour les reins - Bio Vital Protect +40775351367<\/title>\n<meta name=\"description\" content=\"Rem\u00e8des pour les reins Bio Vital Protect +40775351367\" \/>\n<meta name=\"robots\" content=\"index, follow, max-snippet:-1, max-image-preview:large, max-video-preview:-1\" \/>\n<link rel=\"canonical\" href=\"https:\/\/biovitalprotect.ro\/fr\/remedes-pour-les-reins\/\" \/>\n<meta property=\"og:locale\" content=\"fr_FR\" \/>\n<meta property=\"og:type\" content=\"article\" \/>\n<meta property=\"og:title\" content=\"Rem\u00e8des pour les reins\" \/>\n<meta property=\"og:description\" content=\"Rem\u00e8des pour les reins\" \/>\n<meta property=\"og:url\" content=\"https:\/\/biovitalprotect.ro\/fr\/remedes-pour-les-reins\/\" \/>\n<meta property=\"og:site_name\" content=\"Bio Vital Protect +40775351367\" \/>\n<meta property=\"article:publisher\" content=\"https:\/\/www.facebook.com\/people\/Bio-Vital-Protect\/61571520557481\/\" \/>\n<meta property=\"article:modified_time\" content=\"2025-01-07T21:11:44+00:00\" \/>\n<meta property=\"og:image\" content=\"https:\/\/biovitalprotect.ro\/wp-content\/uploads\/2025\/01\/logo_biovital-1.png\" \/>\n\t<meta property=\"og:image:width\" content=\"495\" \/>\n\t<meta property=\"og:image:height\" content=\"418\" \/>\n\t<meta property=\"og:image:type\" content=\"image\/png\" \/>\n<meta name=\"twitter:card\" content=\"summary_large_image\" \/>\n<meta name=\"twitter:label1\" content=\"Dur\u00e9e de lecture estim\u00e9e\" \/>\n\t<meta name=\"twitter:data1\" content=\"2 minutes\" \/>\n<script type=\"application\/ld+json\" class=\"yoast-schema-graph\">{\"@context\":\"https:\\\/\\\/schema.org\",\"@graph\":[{\"@type\":[\"Article\",\"BlogPosting\"],\"@id\":\"https:\\\/\\\/biovitalprotect.ro\\\/fr\\\/remedes-pour-les-reins\\\/#article\",\"isPartOf\":{\"@id\":\"https:\\\/\\\/biovitalprotect.ro\\\/fr\\\/remedes-pour-les-reins\\\/\"},\"author\":{\"name\":\"admin\",\"@id\":\"https:\\\/\\\/biovitalprotect.ro\\\/fr\\\/#\\\/schema\\\/person\\\/14b2f8ba11f4e22e731111934965a475\"},\"headline\":\"Rem\u00e8des pour les reins\",\"datePublished\":\"2025-01-06T20:22:40+00:00\",\"dateModified\":\"2025-01-07T21:11:44+00:00\",\"mainEntityOfPage\":{\"@id\":\"https:\\\/\\\/biovitalprotect.ro\\\/fr\\\/remedes-pour-les-reins\\\/\"},\"wordCount\":479,\"publisher\":{\"@id\":\"https:\\\/\\\/biovitalprotect.ro\\\/fr\\\/#organization\"},\"inLanguage\":\"fr-FR\"},{\"@type\":\"WebPage\",\"@id\":\"https:\\\/\\\/biovitalprotect.ro\\\/fr\\\/remedes-pour-les-reins\\\/\",\"url\":\"https:\\\/\\\/biovitalprotect.ro\\\/fr\\\/remedes-pour-les-reins\\\/\",\"name\":\"Rem\u00e8des pour les reins - Bio Vital Protect +40775351367\",\"isPartOf\":{\"@id\":\"https:\\\/\\\/biovitalprotect.ro\\\/fr\\\/#website\"},\"datePublished\":\"2025-01-06T20:22:40+00:00\",\"dateModified\":\"2025-01-07T21:11:44+00:00\",\"description\":\"Rem\u00e8des pour les reins Bio Vital Protect +40775351367\",\"breadcrumb\":{\"@id\":\"https:\\\/\\\/biovitalprotect.ro\\\/fr\\\/remedes-pour-les-reins\\\/#breadcrumb\"},\"inLanguage\":\"fr-FR\",\"potentialAction\":[{\"@type\":\"ReadAction\",\"target\":[\"https:\\\/\\\/biovitalprotect.ro\\\/fr\\\/remedes-pour-les-reins\\\/\"]}]},{\"@type\":\"BreadcrumbList\",\"@id\":\"https:\\\/\\\/biovitalprotect.ro\\\/fr\\\/remedes-pour-les-reins\\\/#breadcrumb\",\"itemListElement\":[{\"@type\":\"ListItem\",\"position\":1,\"name\":\"Prima pagin\u0103\",\"item\":\"https:\\\/\\\/biovitalprotect.ro\\\/fr\\\/\"},{\"@type\":\"ListItem\",\"position\":2,\"name\":\"Rem\u00e8des pour les reins\"}]},{\"@type\":\"WebSite\",\"@id\":\"https:\\\/\\\/biovitalprotect.ro\\\/fr\\\/#website\",\"url\":\"https:\\\/\\\/biovitalprotect.ro\\\/fr\\\/\",\"name\":\"Bio Vital Protect - Suplimente chinezesti\",\"description\":\"Compl\u00e9ments alimentaires utilis\u00e9s en m\u00e9decine chinoise pour traiter diverses affections\",\"publisher\":{\"@id\":\"https:\\\/\\\/biovitalprotect.ro\\\/fr\\\/#organization\"},\"alternateName\":\"Bio Vital Protect\",\"potentialAction\":[{\"@type\":\"SearchAction\",\"target\":{\"@type\":\"EntryPoint\",\"urlTemplate\":\"https:\\\/\\\/biovitalprotect.ro\\\/fr\\\/?s={search_term_string}\"},\"query-input\":{\"@type\":\"PropertyValueSpecification\",\"valueRequired\":true,\"valueName\":\"search_term_string\"}}],\"inLanguage\":\"fr-FR\"},{\"@type\":\"Organization\",\"@id\":\"https:\\\/\\\/biovitalprotect.ro\\\/fr\\\/#organization\",\"name\":\"Bio Vital Protect - Suplimente chinezesti\",\"alternateName\":\"Bio Vital Protect\",\"url\":\"https:\\\/\\\/biovitalprotect.ro\\\/fr\\\/\",\"logo\":{\"@type\":\"ImageObject\",\"inLanguage\":\"fr-FR\",\"@id\":\"https:\\\/\\\/biovitalprotect.ro\\\/fr\\\/#\\\/schema\\\/logo\\\/image\\\/\",\"url\":\"https:\\\/\\\/biovitalprotect.ro\\\/wp-content\\\/uploads\\\/2025\\\/01\\\/logo_biovital-1024x574.png\",\"contentUrl\":\"https:\\\/\\\/biovitalprotect.ro\\\/wp-content\\\/uploads\\\/2025\\\/01\\\/logo_biovital-1024x574.png\",\"width\":1024,\"height\":574,\"caption\":\"Bio Vital Protect - Suplimente chinezesti\"},\"image\":{\"@id\":\"https:\\\/\\\/biovitalprotect.ro\\\/fr\\\/#\\\/schema\\\/logo\\\/image\\\/\"},\"sameAs\":[\"https:\\\/\\\/www.facebook.com\\\/people\\\/Bio-Vital-Protect\\\/61571520557481\\\/\"],\"description\":\"Bio Vital Protect - Naturopatie Chinezeasca\",\"email\":\"contact@biovitalprotect.ro\",\"telephone\":\"40775351367\",\"legalName\":\"BIO VITAL PROTECT SRL\",\"foundingDate\":\"2015-05-01\",\"numberOfEmployees\":{\"@type\":\"QuantitativeValue\",\"minValue\":\"1\",\"maxValue\":\"10\"}},{\"@type\":\"Person\",\"@id\":\"https:\\\/\\\/biovitalprotect.ro\\\/fr\\\/#\\\/schema\\\/person\\\/14b2f8ba11f4e22e731111934965a475\",\"name\":\"admin\",\"image\":{\"@type\":\"ImageObject\",\"inLanguage\":\"fr-FR\",\"@id\":\"https:\\\/\\\/secure.gravatar.com\\\/avatar\\\/4ff49440994f721bd931ade46837ff57eab1d374dd9008422cf3c55c69d5c455?s=96&d=mm&r=g\",\"url\":\"https:\\\/\\\/secure.gravatar.com\\\/avatar\\\/4ff49440994f721bd931ade46837ff57eab1d374dd9008422cf3c55c69d5c455?s=96&d=mm&r=g\",\"contentUrl\":\"https:\\\/\\\/secure.gravatar.com\\\/avatar\\\/4ff49440994f721bd931ade46837ff57eab1d374dd9008422cf3c55c69d5c455?s=96&d=mm&r=g\",\"caption\":\"admin\"},\"sameAs\":[\"https:\\\/\\\/biovitalprotect.ro\"],\"url\":\"https:\\\/\\\/biovitalprotect.ro\\\/fr\\\/author\\\/biovitalprotect\\\/\"}]}<\/script>\n<!-- \/ Yoast SEO Premium plugin. -->","yoast_head_json":{"title":"Rem\u00e8des pour les reins - Bio Vital Protect +40775351367","description":"Rem\u00e8des pour les reins Bio Vital Protect +40775351367","robots":{"index":"index","follow":"follow","max-snippet":"max-snippet:-1","max-image-preview":"max-image-preview:large","max-video-preview":"max-video-preview:-1"},"canonical":"https:\/\/biovitalprotect.ro\/fr\/remedes-pour-les-reins\/","og_locale":"fr_FR","og_type":"article","og_title":"Rem\u00e8des pour les reins","og_description":"Rem\u00e8des pour les reins","og_url":"https:\/\/biovitalprotect.ro\/fr\/remedes-pour-les-reins\/","og_site_name":"Bio Vital Protect +40775351367","article_publisher":"https:\/\/www.facebook.com\/people\/Bio-Vital-Protect\/61571520557481\/","article_modified_time":"2025-01-07T21:11:44+00:00","og_image":[{"width":495,"height":418,"url":"https:\/\/biovitalprotect.ro\/wp-content\/uploads\/2025\/01\/logo_biovital-1.png","type":"image\/png"}],"twitter_card":"summary_large_image","twitter_misc":{"Dur\u00e9e de lecture estim\u00e9e":"2 minutes"},"schema":{"@context":"https:\/\/schema.org","@graph":[{"@type":["Article","BlogPosting"],"@id":"https:\/\/biovitalprotect.ro\/fr\/remedes-pour-les-reins\/#article","isPartOf":{"@id":"https:\/\/biovitalprotect.ro\/fr\/remedes-pour-les-reins\/"},"author":{"name":"admin","@id":"https:\/\/biovitalprotect.ro\/fr\/#\/schema\/person\/14b2f8ba11f4e22e731111934965a475"},"headline":"Rem\u00e8des pour les reins","datePublished":"2025-01-06T20:22:40+00:00","dateModified":"2025-01-07T21:11:44+00:00","mainEntityOfPage":{"@id":"https:\/\/biovitalprotect.ro\/fr\/remedes-pour-les-reins\/"},"wordCount":479,"publisher":{"@id":"https:\/\/biovitalprotect.ro\/fr\/#organization"},"inLanguage":"fr-FR"},{"@type":"WebPage","@id":"https:\/\/biovitalprotect.ro\/fr\/remedes-pour-les-reins\/","url":"https:\/\/biovitalprotect.ro\/fr\/remedes-pour-les-reins\/","name":"Rem\u00e8des pour les reins - Bio Vital Protect +40775351367","isPartOf":{"@id":"https:\/\/biovitalprotect.ro\/fr\/#website"},"datePublished":"2025-01-06T20:22:40+00:00","dateModified":"2025-01-07T21:11:44+00:00","description":"Rem\u00e8des pour les reins Bio Vital Protect +40775351367","breadcrumb":{"@id":"https:\/\/biovitalprotect.ro\/fr\/remedes-pour-les-reins\/#breadcrumb"},"inLanguage":"fr-FR","potentialAction":[{"@type":"ReadAction","target":["https:\/\/biovitalprotect.ro\/fr\/remedes-pour-les-reins\/"]}]},{"@type":"BreadcrumbList","@id":"https:\/\/biovitalprotect.ro\/fr\/remedes-pour-les-reins\/#breadcrumb","itemListElement":[{"@type":"ListItem","position":1,"name":"Prima pagin\u0103","item":"https:\/\/biovitalprotect.ro\/fr\/"},{"@type":"ListItem","position":2,"name":"Rem\u00e8des pour les reins"}]},{"@type":"WebSite","@id":"https:\/\/biovitalprotect.ro\/fr\/#website","url":"https:\/\/biovitalprotect.ro\/fr\/","name":"Bio Vital Protect - Suplimente chinezesti","description":"Compl\u00e9ments alimentaires utilis\u00e9s en m\u00e9decine chinoise pour traiter diverses affections","publisher":{"@id":"https:\/\/biovitalprotect.ro\/fr\/#organization"},"alternateName":"Bio Vital Protect","potentialAction":[{"@type":"SearchAction","target":{"@type":"EntryPoint","urlTemplate":"https:\/\/biovitalprotect.ro\/fr\/?s={search_term_string}"},"query-input":{"@type":"PropertyValueSpecification","valueRequired":true,"valueName":"search_term_string"}}],"inLanguage":"fr-FR"},{"@type":"Organization","@id":"https:\/\/biovitalprotect.ro\/fr\/#organization","name":"Bio Vital Protect - Suplimente chinezesti","alternateName":"Bio Vital Protect","url":"https:\/\/biovitalprotect.ro\/fr\/","logo":{"@type":"ImageObject","inLanguage":"fr-FR","@id":"https:\/\/biovitalprotect.ro\/fr\/#\/schema\/logo\/image\/","url":"https:\/\/biovitalprotect.ro\/wp-content\/uploads\/2025\/01\/logo_biovital-1024x574.png","contentUrl":"https:\/\/biovitalprotect.ro\/wp-content\/uploads\/2025\/01\/logo_biovital-1024x574.png","width":1024,"height":574,"caption":"Bio Vital Protect - Suplimente chinezesti"},"image":{"@id":"https:\/\/biovitalprotect.ro\/fr\/#\/schema\/logo\/image\/"},"sameAs":["https:\/\/www.facebook.com\/people\/Bio-Vital-Protect\/61571520557481\/"],"description":"Bio Vital Protect - Naturopatie Chinezeasca","email":"contact@biovitalprotect.ro","telephone":"40775351367","legalName":"BIO VITAL PROTECT SRL","foundingDate":"2015-05-01","numberOfEmployees":{"@type":"QuantitativeValue","minValue":"1","maxValue":"10"}},{"@type":"Person","@id":"https:\/\/biovitalprotect.ro\/fr\/#\/schema\/person\/14b2f8ba11f4e22e731111934965a475","name":"admin","image":{"@type":"ImageObject","inLanguage":"fr-FR","@id":"https:\/\/secure.gravatar.com\/avatar\/4ff49440994f721bd931ade46837ff57eab1d374dd9008422cf3c55c69d5c455?s=96&d=mm&r=g","url":"https:\/\/secure.gravatar.com\/avatar\/4ff49440994f721bd931ade46837ff57eab1d374dd9008422cf3c55c69d5c455?s=96&d=mm&r=g","contentUrl":"https:\/\/secure.gravatar.com\/avatar\/4ff49440994f721bd931ade46837ff57eab1d374dd9008422cf3c55c69d5c455?s=96&d=mm&r=g","caption":"admin"},"sameAs":["https:\/\/biovitalprotect.ro"],"url":"https:\/\/biovitalprotect.ro\/fr\/author\/biovitalprotect\/"}]}},"jetpack_sharing_enabled":true,"_links":{"self":[{"href":"https:\/\/biovitalprotect.ro\/fr\/wp-json\/wp\/v2\/pages\/467","targetHints":{"allow":["GET"]}}],"collection":[{"href":"https:\/\/biovitalprotect.ro\/fr\/wp-json\/wp\/v2\/pages"}],"about":[{"href":"https:\/\/biovitalprotect.ro\/fr\/wp-json\/wp\/v2\/types\/page"}],"author":[{"embeddable":true,"href":"https:\/\/biovitalprotect.ro\/fr\/wp-json\/wp\/v2\/users\/1"}],"replies":[{"embeddable":true,"href":"https:\/\/biovitalprotect.ro\/fr\/wp-json\/wp\/v2\/comments?post=467"}],"version-history":[{"count":1,"href":"https:\/\/biovitalprotect.ro\/fr\/wp-json\/wp\/v2\/pages\/467\/revisions"}],"predecessor-version":[{"id":468,"href":"https:\/\/biovitalprotect.ro\/fr\/wp-json\/wp\/v2\/pages\/467\/revisions\/468"}],"wp:attachment":[{"href":"https:\/\/biovitalprotect.ro\/fr\/wp-json\/wp\/v2\/media?parent=467"}],"curies":[{"name":"wp","href":"https:\/\/api.w.org\/{rel}","templated":true}]}}