{"id":582,"date":"2025-01-06T20:42:31","date_gmt":"2025-01-06T20:42:31","guid":{"rendered":"https:\/\/biovitalprotect.ro\/produs\/bao-he-wan\/"},"modified":"2025-02-02T13:30:01","modified_gmt":"2025-02-02T13:30:01","slug":"bao-he-wan","status":"publish","type":"product","link":"https:\/\/biovitalprotect.ro\/fr\/produs\/bao-he-wan\/","title":{"rendered":"BAO HE WAN"},"content":{"rendered":"<h3><strong>Pathologies o\u00f9 le Bao He Wan est efficace :<\/strong><\/h3>\n<ul>\n<li><strong>Troubles digestifs :<\/strong> indigestion, ballonnements, distension abdominale, stagnation alimentaire, naus\u00e9es, vomissements.<\/li>\n<li><strong>Gastro-intestinal :<\/strong> constipation, diarrh\u00e9e, coliques, g\u00eane intestinale.<\/li>\n<li><strong>Troubles du foie :<\/strong> stagnation du Qi du foie, manque d&rsquo;app\u00e9tit, \u00e9ructations, r\u00e9gurgitations acides, dyspepsie.<\/li>\n<li><strong>Br\u00fblures d&rsquo;estomac :<\/strong> Soulage les sympt\u00f4mes du reflux acide, des br\u00fblures d&rsquo;estomac et des r\u00e9gurgitations acides.<\/li>\n<li><strong>Troubles du m\u00e9tabolisme :<\/strong> Ob\u00e9sit\u00e9, syndrome m\u00e9tabolique, ballonnements apr\u00e8s les repas.<\/li>\n<li><strong>Sant\u00e9 g\u00e9n\u00e9rale :<\/strong> fatigue due \u00e0 une mauvaise digestion, \u00e0 un m\u00e9tabolisme lent et \u00e0 une mauvaise absorption.<\/li>\n<\/ul>\n<hr>\n<h3><strong>Caract\u00e9ristiques uniques du Bao He Wan :<\/strong><\/h3>\n<ul>\n<li><strong>R\u00e9gule la digestion :<\/strong> Favorise le mouvement fluide du Qi afin de promouvoir une digestion saine et d&rsquo;att\u00e9nuer la stagnation des aliments.<\/li>\n<li><strong>Nettoie la chaleur et \u00e9vacue l&rsquo;humidit\u00e9 :<\/strong> r\u00e9duit l&rsquo;exc\u00e8s de chaleur et d&rsquo;humidit\u00e9 dans le syst\u00e8me digestif, \u00e9vitant ainsi les ballonnements et les indigestions.<\/li>\n<li><strong>Soutient la rate et l&rsquo;estomac :<\/strong> Renforce les organes digestifs en tonifiant la rate et en harmonisant l&rsquo;estomac.<\/li>\n<li><strong>D\u00e9toxifie et transforme les stagnations :<\/strong> aide \u00e0 \u00e9liminer les aliments et les toxines retenus dans le corps, am\u00e9liorant ainsi la digestion et le m\u00e9tabolisme g\u00e9n\u00e9ral.<\/li>\n<\/ul>\n<hr>\n<h3><strong>Contre-indications :<\/strong><\/h3>\n<ul>\n<li>\u00c0 \u00e9viter en cas de mauvaise fonction digestive ou de carence avec sympt\u00f4mes de rhume.<\/li>\n<li>D\u00e9conseill\u00e9 en cas d&rsquo;infections gastro-intestinales aigu\u00ebs ou d&rsquo;humidit\u00e9 importante.<\/li>\n<\/ul>\n<hr>\n<h3><strong>Interactions :<\/strong><\/h3>\n<ul>\n<li>Souvent associ\u00e9 \u00e0 des plantes qui tonifient la rate et l&rsquo;estomac pour favoriser la sant\u00e9 digestive.<\/li>\n<li>Fr\u00e9quemment utilis\u00e9 en association avec des formules pour r\u00e9duire les ballonnements et l&rsquo;inconfort abdominal apr\u00e8s les repas.<\/li>\n<\/ul>\n<p>&nbsp;<\/p>\n<h3>Avantages et conditions trait\u00e9s :<\/h3>\n<ul>\n<li><strong>Syst\u00e8me digestif :<\/strong>\n<ul>\n<li>Gastro-ent\u00e9rite aigu\u00eb<\/li>\n<li>Pouss\u00e9es de gastro-ent\u00e9rite chronique<\/li>\n<li>H\u00e9patite chronique et aigu\u00eb<\/li>\n<li>Pancr\u00e9atite aigu\u00eb et chronique<\/li>\n<li>Gastrite atrophique<\/li>\n<li>Ob\u00e9sit\u00e9<\/li>\n<li>Naus\u00e9es \/ Vomissements<\/li>\n<li>Hyperacidit\u00e9 gastrique<\/li>\n<li>Diaree<\/li>\n<li>Chol\u00e9cystite (aigu\u00eb et chronique)<\/li>\n<li>Indigestion<\/li>\n<li>Gastralgie<\/li>\n<li>Ent\u00e9rovirus<\/li>\n<li>Gastro-ent\u00e9rite<\/li>\n<li>Anorexie<\/li>\n<li>Reflux acide<\/li>\n<li>Sughit<\/li>\n<li>Cancer gastrique<\/li>\n<li>Constipation<\/li>\n<li>Pl\u00e9nitude et distension abdominale<\/li>\n<li>H\u00e9mat\u00e9m\u00e8se<\/li>\n<li>Hal\u00e8ne<\/li>\n<\/ul>\n<\/li>\n<li><strong>Appareil respiratoire :<\/strong>\n<ul>\n<li>Asthme<\/li>\n<li>Toux et coqueluche<\/li>\n<li>Bronchite<\/li>\n<li>Pneumonie<\/li>\n<\/ul>\n<\/li>\n<li><strong>Troubles du sommeil :<\/strong>\n<ul>\n<li>Insomnie<\/li>\n<\/ul>\n<\/li>\n<li><strong>Douleurs :<\/strong>\n<ul>\n<li>Douleur abdominale<\/li>\n<\/ul>\n<\/li>\n<li>\n<h3><strong>Contre-indications :<\/strong><\/h3>\n<ul>\n<li>Contre-indiqu\u00e9 chez les patients souffrant d&rsquo;une d\u00e9ficience de la rate.<\/li>\n<li>A utiliser avec pr\u00e9caution pendant la grossesse.<\/li>\n<\/ul>\n<\/li>\n<li>\n<h3><strong>Interactions :<\/strong><\/h3>\n<ul>\n<li>La formule peut soulager les sympt\u00f4mes caus\u00e9s par la chimioth\u00e9rapie, tels que les naus\u00e9es et les vomissements.<\/li>\n<\/ul>\n<\/li>\n<\/ul>\n","protected":false},"excerpt":{"rendered":"<p>Ingr\u00e9dient :<a href=\"https:\/\/biovitalprotect.ro\/categorie-produs\/chen-pi\/\" rel=\"tag\">CHEN PI<\/a><span class=\"wp-block-post-terms__separator\">, <\/span><a href=\"https:\/\/biovitalprotect.ro\/categorie-produs\/fu-ling\/\" rel=\"tag\">FU LING<\/a><span class=\"wp-block-post-terms__separator\">, <\/span><a href=\"https:\/\/biovitalprotect.ro\/categorie-produs\/lai-fu-zi\/\" rel=\"tag\">LAI FU ZI<\/a><span class=\"wp-block-post-terms__separator\">, <\/span><a href=\"https:\/\/biovitalprotect.ro\/categorie-produs\/lian-qiao\/\" rel=\"tag\">LIAN QIAO<\/a><span class=\"wp-block-post-terms__separator\">, <\/span><a href=\"https:\/\/biovitalprotect.ro\/categorie-produs\/shan-zha\/\" rel=\"tag\">SHAN ZHA<\/a><span class=\"wp-block-post-terms__separator\">, <\/span><a href=\"https:\/\/biovitalprotect.ro\/categorie-produs\/shen-qu\/\" rel=\"tag\">SHEN QU<\/a><span class=\"wp-block-post-terms__separator\">, <\/span><a href=\"https:\/\/biovitalprotect.ro\/categorie-produs\/zhi-ban-xia\/\" rel=\"tag\">ZHI BAN XIA<\/a><\/p>\n<p>&nbsp;<\/p>\n<p>&nbsp;<\/p>\n","protected":false},"featured_media":752,"comment_status":"open","ping_status":"closed","template":"","meta":{"_acf_changed":false,"jetpack_post_was_ever_published":false},"product_brand":[],"product_cat":[420,348,421,260,737,359,735,423,346,736],"product_tag":[750,738,739,747,744,741,752,742,748,749,682,740,745,743,270,751,746],"class_list":{"0":"post-582","1":"product","2":"type-product","3":"status-publish","4":"has-post-thumbnail","6":"product_cat-chen-pi-fr","7":"product_cat-digestif","8":"product_cat-fu-ling-fr","9":"product_cat-gastro-intestinal","10":"product_cat-lai-fu-zi-fr","11":"product_cat-lian-qiao-fr","12":"product_cat-m-shan-zha","13":"product_cat-m-zhi-ban-xia","14":"product_cat-metabolice-fr","15":"product_cat-shen-qu-fr","16":"product_tag-anorexie-fr","17":"product_tag-astm-fr","18":"product_tag-bronsita-fr","19":"product_tag-diarrhee","20":"product_tag-gastrite","21":"product_tag-gastro-enterite","22":"product_tag-halene","23":"product_tag-hepatite","24":"product_tag-hyperacidifie","25":"product_tag-indigestion","26":"product_tag-insomnie-fr","27":"product_tag-lobesite","28":"product_tag-nausees","29":"product_tag-pancreatite","30":"product_tag-pneumonie-fr","31":"product_tag-reflux-gastrique","32":"product_tag-voma-fr","34":"first","35":"instock","36":"shipping-taxable","37":"purchasable","38":"product-type-variable"},"acf":[],"yoast_head":"<!-- This site is optimized with the Yoast SEO Premium plugin v26.6 (Yoast SEO v27.6) - https:\/\/yoast.com\/product\/yoast-seo-premium-wordpress\/ -->\n<title>BAO HE WAN - Bio Vital Protect +40775351367<\/title>\n<meta name=\"description\" content=\"Nourrit le Yin et le Yang des reins, tonifie et stabilise les reins, nourrit le sang. Renforce le Ming Men, \u00e9limine le froid,\" \/>\n<meta name=\"robots\" content=\"index, follow, max-snippet:-1, max-image-preview:large, max-video-preview:-1\" \/>\n<link rel=\"canonical\" href=\"https:\/\/biovitalprotect.ro\/fr\/produs\/bao-he-wan\/\" \/>\n<meta property=\"og:locale\" content=\"fr_FR\" \/>\n<meta property=\"og:type\" content=\"article\" \/>\n<meta property=\"og:title\" content=\"BAO HE WAN\" \/>\n<meta property=\"og:description\" content=\"BAO HE WAN\" \/>\n<meta property=\"og:url\" content=\"https:\/\/biovitalprotect.ro\/fr\/produs\/bao-he-wan\/\" \/>\n<meta property=\"og:site_name\" content=\"Bio Vital Protect +40775351367\" \/>\n<meta property=\"article:publisher\" content=\"https:\/\/www.facebook.com\/people\/Bio-Vital-Protect\/61571520557481\/\" \/>\n<meta property=\"article:modified_time\" content=\"2025-02-02T13:30:01+00:00\" \/>\n<meta property=\"og:image\" content=\"https:\/\/biovitalprotect.ro\/wp-content\/uploads\/2025\/01\/product_logo-1010x1024.png\" \/>\n\t<meta property=\"og:image:width\" content=\"1010\" \/>\n\t<meta property=\"og:image:height\" content=\"1024\" \/>\n\t<meta property=\"og:image:type\" content=\"image\/png\" \/>\n<meta name=\"twitter:card\" content=\"summary_large_image\" \/>\n<meta name=\"twitter:label1\" content=\"Dur\u00e9e de lecture estim\u00e9e\" \/>\n\t<meta name=\"twitter:data1\" content=\"2 minutes\" \/>\n<script type=\"application\/ld+json\" class=\"yoast-schema-graph\">{\"@context\":\"https:\\\/\\\/schema.org\",\"@graph\":[{\"@type\":\"WebPage\",\"@id\":\"https:\\\/\\\/biovitalprotect.ro\\\/fr\\\/produs\\\/bao-he-wan\\\/\",\"url\":\"https:\\\/\\\/biovitalprotect.ro\\\/fr\\\/produs\\\/bao-he-wan\\\/\",\"name\":\"BAO HE WAN - Bio Vital Protect +40775351367\",\"isPartOf\":{\"@id\":\"https:\\\/\\\/biovitalprotect.ro\\\/fr\\\/#website\"},\"primaryImageOfPage\":{\"@id\":\"https:\\\/\\\/biovitalprotect.ro\\\/fr\\\/produs\\\/bao-he-wan\\\/#primaryimage\"},\"image\":{\"@id\":\"https:\\\/\\\/biovitalprotect.ro\\\/fr\\\/produs\\\/bao-he-wan\\\/#primaryimage\"},\"thumbnailUrl\":\"https:\\\/\\\/biovitalprotect.ro\\\/wp-content\\\/uploads\\\/2025\\\/01\\\/product_logo.png\",\"datePublished\":\"2025-01-06T20:42:31+00:00\",\"dateModified\":\"2025-02-02T13:30:01+00:00\",\"description\":\"Nourrit le Yin et le Yang des reins, tonifie et stabilise les reins, nourrit le sang. Renforce le Ming Men, \u00e9limine le froid,\",\"breadcrumb\":{\"@id\":\"https:\\\/\\\/biovitalprotect.ro\\\/fr\\\/produs\\\/bao-he-wan\\\/#breadcrumb\"},\"inLanguage\":\"fr-FR\",\"potentialAction\":[{\"@type\":\"ReadAction\",\"target\":[\"https:\\\/\\\/biovitalprotect.ro\\\/fr\\\/produs\\\/bao-he-wan\\\/\"]}]},{\"@type\":\"ImageObject\",\"inLanguage\":\"fr-FR\",\"@id\":\"https:\\\/\\\/biovitalprotect.ro\\\/fr\\\/produs\\\/bao-he-wan\\\/#primaryimage\",\"url\":\"https:\\\/\\\/biovitalprotect.ro\\\/wp-content\\\/uploads\\\/2025\\\/01\\\/product_logo.png\",\"contentUrl\":\"https:\\\/\\\/biovitalprotect.ro\\\/wp-content\\\/uploads\\\/2025\\\/01\\\/product_logo.png\",\"width\":1418,\"height\":1437,\"caption\":\"HUO LUO XIAO LING DAN JIA WEI\"},{\"@type\":\"BreadcrumbList\",\"@id\":\"https:\\\/\\\/biovitalprotect.ro\\\/fr\\\/produs\\\/bao-he-wan\\\/#breadcrumb\",\"itemListElement\":[{\"@type\":\"ListItem\",\"position\":1,\"name\":\"Prima pagin\u0103\",\"item\":\"https:\\\/\\\/biovitalprotect.ro\\\/fr\\\/\"},{\"@type\":\"ListItem\",\"position\":2,\"name\":\"Boutique\",\"item\":\"https:\\\/\\\/biovitalprotect.ro\\\/fr\\\/boutique\\\/\"},{\"@type\":\"ListItem\",\"position\":3,\"name\":\"BAO HE WAN\"}]},{\"@type\":\"WebSite\",\"@id\":\"https:\\\/\\\/biovitalprotect.ro\\\/fr\\\/#website\",\"url\":\"https:\\\/\\\/biovitalprotect.ro\\\/fr\\\/\",\"name\":\"Bio Vital Protect - Suplimente chinezesti\",\"description\":\"Compl\u00e9ments alimentaires utilis\u00e9s en m\u00e9decine chinoise pour traiter diverses affections\",\"publisher\":{\"@id\":\"https:\\\/\\\/biovitalprotect.ro\\\/fr\\\/#organization\"},\"alternateName\":\"Bio Vital Protect\",\"potentialAction\":[{\"@type\":\"SearchAction\",\"target\":{\"@type\":\"EntryPoint\",\"urlTemplate\":\"https:\\\/\\\/biovitalprotect.ro\\\/fr\\\/?s={search_term_string}\"},\"query-input\":{\"@type\":\"PropertyValueSpecification\",\"valueRequired\":true,\"valueName\":\"search_term_string\"}}],\"inLanguage\":\"fr-FR\"},{\"@type\":\"Organization\",\"@id\":\"https:\\\/\\\/biovitalprotect.ro\\\/fr\\\/#organization\",\"name\":\"Bio Vital Protect - Suplimente chinezesti\",\"alternateName\":\"Bio Vital Protect\",\"url\":\"https:\\\/\\\/biovitalprotect.ro\\\/fr\\\/\",\"logo\":{\"@type\":\"ImageObject\",\"inLanguage\":\"fr-FR\",\"@id\":\"https:\\\/\\\/biovitalprotect.ro\\\/fr\\\/#\\\/schema\\\/logo\\\/image\\\/\",\"url\":\"https:\\\/\\\/biovitalprotect.ro\\\/wp-content\\\/uploads\\\/2025\\\/01\\\/logo_biovital-1024x574.png\",\"contentUrl\":\"https:\\\/\\\/biovitalprotect.ro\\\/wp-content\\\/uploads\\\/2025\\\/01\\\/logo_biovital-1024x574.png\",\"width\":1024,\"height\":574,\"caption\":\"Bio Vital Protect - Suplimente chinezesti\"},\"image\":{\"@id\":\"https:\\\/\\\/biovitalprotect.ro\\\/fr\\\/#\\\/schema\\\/logo\\\/image\\\/\"},\"sameAs\":[\"https:\\\/\\\/www.facebook.com\\\/people\\\/Bio-Vital-Protect\\\/61571520557481\\\/\"],\"description\":\"Bio Vital Protect - Naturopatie Chinezeasca\",\"email\":\"contact@biovitalprotect.ro\",\"telephone\":\"40775351367\",\"legalName\":\"BIO VITAL PROTECT SRL\",\"foundingDate\":\"2015-05-01\",\"numberOfEmployees\":{\"@type\":\"QuantitativeValue\",\"minValue\":\"1\",\"maxValue\":\"10\"}}]}<\/script>\n<!-- \/ Yoast SEO Premium plugin. -->","yoast_head_json":{"title":"BAO HE WAN - Bio Vital Protect +40775351367","description":"Nourrit le Yin et le Yang des reins, tonifie et stabilise les reins, nourrit le sang. Renforce le Ming Men, \u00e9limine le froid,","robots":{"index":"index","follow":"follow","max-snippet":"max-snippet:-1","max-image-preview":"max-image-preview:large","max-video-preview":"max-video-preview:-1"},"canonical":"https:\/\/biovitalprotect.ro\/fr\/produs\/bao-he-wan\/","og_locale":"fr_FR","og_type":"article","og_title":"BAO HE WAN","og_description":"BAO HE WAN","og_url":"https:\/\/biovitalprotect.ro\/fr\/produs\/bao-he-wan\/","og_site_name":"Bio Vital Protect +40775351367","article_publisher":"https:\/\/www.facebook.com\/people\/Bio-Vital-Protect\/61571520557481\/","article_modified_time":"2025-02-02T13:30:01+00:00","og_image":[{"width":1010,"height":1024,"url":"https:\/\/biovitalprotect.ro\/wp-content\/uploads\/2025\/01\/product_logo-1010x1024.png","type":"image\/png"}],"twitter_card":"summary_large_image","twitter_misc":{"Dur\u00e9e de lecture estim\u00e9e":"2 minutes"},"schema":{"@context":"https:\/\/schema.org","@graph":[{"@type":"WebPage","@id":"https:\/\/biovitalprotect.ro\/fr\/produs\/bao-he-wan\/","url":"https:\/\/biovitalprotect.ro\/fr\/produs\/bao-he-wan\/","name":"BAO HE WAN - Bio Vital Protect +40775351367","isPartOf":{"@id":"https:\/\/biovitalprotect.ro\/fr\/#website"},"primaryImageOfPage":{"@id":"https:\/\/biovitalprotect.ro\/fr\/produs\/bao-he-wan\/#primaryimage"},"image":{"@id":"https:\/\/biovitalprotect.ro\/fr\/produs\/bao-he-wan\/#primaryimage"},"thumbnailUrl":"https:\/\/biovitalprotect.ro\/wp-content\/uploads\/2025\/01\/product_logo.png","datePublished":"2025-01-06T20:42:31+00:00","dateModified":"2025-02-02T13:30:01+00:00","description":"Nourrit le Yin et le Yang des reins, tonifie et stabilise les reins, nourrit le sang. Renforce le Ming Men, \u00e9limine le froid,","breadcrumb":{"@id":"https:\/\/biovitalprotect.ro\/fr\/produs\/bao-he-wan\/#breadcrumb"},"inLanguage":"fr-FR","potentialAction":[{"@type":"ReadAction","target":["https:\/\/biovitalprotect.ro\/fr\/produs\/bao-he-wan\/"]}]},{"@type":"ImageObject","inLanguage":"fr-FR","@id":"https:\/\/biovitalprotect.ro\/fr\/produs\/bao-he-wan\/#primaryimage","url":"https:\/\/biovitalprotect.ro\/wp-content\/uploads\/2025\/01\/product_logo.png","contentUrl":"https:\/\/biovitalprotect.ro\/wp-content\/uploads\/2025\/01\/product_logo.png","width":1418,"height":1437,"caption":"HUO LUO XIAO LING DAN JIA WEI"},{"@type":"BreadcrumbList","@id":"https:\/\/biovitalprotect.ro\/fr\/produs\/bao-he-wan\/#breadcrumb","itemListElement":[{"@type":"ListItem","position":1,"name":"Prima pagin\u0103","item":"https:\/\/biovitalprotect.ro\/fr\/"},{"@type":"ListItem","position":2,"name":"Boutique","item":"https:\/\/biovitalprotect.ro\/fr\/boutique\/"},{"@type":"ListItem","position":3,"name":"BAO HE WAN"}]},{"@type":"WebSite","@id":"https:\/\/biovitalprotect.ro\/fr\/#website","url":"https:\/\/biovitalprotect.ro\/fr\/","name":"Bio Vital Protect - Suplimente chinezesti","description":"Compl\u00e9ments alimentaires utilis\u00e9s en m\u00e9decine chinoise pour traiter diverses affections","publisher":{"@id":"https:\/\/biovitalprotect.ro\/fr\/#organization"},"alternateName":"Bio Vital Protect","potentialAction":[{"@type":"SearchAction","target":{"@type":"EntryPoint","urlTemplate":"https:\/\/biovitalprotect.ro\/fr\/?s={search_term_string}"},"query-input":{"@type":"PropertyValueSpecification","valueRequired":true,"valueName":"search_term_string"}}],"inLanguage":"fr-FR"},{"@type":"Organization","@id":"https:\/\/biovitalprotect.ro\/fr\/#organization","name":"Bio Vital Protect - Suplimente chinezesti","alternateName":"Bio Vital Protect","url":"https:\/\/biovitalprotect.ro\/fr\/","logo":{"@type":"ImageObject","inLanguage":"fr-FR","@id":"https:\/\/biovitalprotect.ro\/fr\/#\/schema\/logo\/image\/","url":"https:\/\/biovitalprotect.ro\/wp-content\/uploads\/2025\/01\/logo_biovital-1024x574.png","contentUrl":"https:\/\/biovitalprotect.ro\/wp-content\/uploads\/2025\/01\/logo_biovital-1024x574.png","width":1024,"height":574,"caption":"Bio Vital Protect - Suplimente chinezesti"},"image":{"@id":"https:\/\/biovitalprotect.ro\/fr\/#\/schema\/logo\/image\/"},"sameAs":["https:\/\/www.facebook.com\/people\/Bio-Vital-Protect\/61571520557481\/"],"description":"Bio Vital Protect - Naturopatie Chinezeasca","email":"contact@biovitalprotect.ro","telephone":"40775351367","legalName":"BIO VITAL PROTECT SRL","foundingDate":"2015-05-01","numberOfEmployees":{"@type":"QuantitativeValue","minValue":"1","maxValue":"10"}}]}},"jetpack_sharing_enabled":true,"_links":{"self":[{"href":"https:\/\/biovitalprotect.ro\/fr\/wp-json\/wp\/v2\/product\/582","targetHints":{"allow":["GET"]}}],"collection":[{"href":"https:\/\/biovitalprotect.ro\/fr\/wp-json\/wp\/v2\/product"}],"about":[{"href":"https:\/\/biovitalprotect.ro\/fr\/wp-json\/wp\/v2\/types\/product"}],"replies":[{"embeddable":true,"href":"https:\/\/biovitalprotect.ro\/fr\/wp-json\/wp\/v2\/comments?post=582"}],"wp:featuredmedia":[{"embeddable":true,"href":"https:\/\/biovitalprotect.ro\/fr\/wp-json\/wp\/v2\/media\/752"}],"wp:attachment":[{"href":"https:\/\/biovitalprotect.ro\/fr\/wp-json\/wp\/v2\/media?parent=582"}],"wp:term":[{"taxonomy":"product_brand","embeddable":true,"href":"https:\/\/biovitalprotect.ro\/fr\/wp-json\/wp\/v2\/product_brand?post=582"},{"taxonomy":"product_cat","embeddable":true,"href":"https:\/\/biovitalprotect.ro\/fr\/wp-json\/wp\/v2\/product_cat?post=582"},{"taxonomy":"product_tag","embeddable":true,"href":"https:\/\/biovitalprotect.ro\/fr\/wp-json\/wp\/v2\/product_tag?post=582"}],"curies":[{"name":"wp","href":"https:\/\/api.w.org\/{rel}","templated":true}]}}