{"id":770,"date":"2025-01-13T06:57:45","date_gmt":"2025-01-13T06:57:45","guid":{"rendered":"https:\/\/biovitalprotect.ro\/?post_type=product&#038;p=770"},"modified":"2025-02-02T13:30:13","modified_gmt":"2025-02-02T13:30:13","slug":"dang-gui-shao-yao-san","status":"publish","type":"product","link":"https:\/\/biovitalprotect.ro\/fr\/produs\/dang-gui-shao-yao-san\/","title":{"rendered":"DANG GUI SHAO YAO SAN"},"content":{"rendered":"<p><strong>Dang Gui Shao Yao San<\/strong> est un suppl\u00e9ment \u00e0 base de plantes inspir\u00e9 de la m\u00e9decine traditionnelle chinoise, formul\u00e9 pour soutenir la sant\u00e9 g\u00e9n\u00e9rale et le bien-\u00eatre. Il aide \u00e0 promouvoir un flux \u00e9quilibr\u00e9 d&rsquo;\u00e9nergie et soutient les processus naturels du corps, en particulier pendant les p\u00e9riodes de stress, de changements hormonaux ou de fatigue.<\/p>\n<h4><strong>B\u00e9n\u00e9fices possibles<\/strong> :<\/h4>\n<ul>\n<li><strong>Soutien pour la sant\u00e9 reproductive<\/strong> : Peut aider \u00e0 maintenir un cycle menstruel \u00e9quilibr\u00e9 et sain.<\/li>\n<li><strong>Soutien circulatoire<\/strong> : Peut aider \u00e0 promouvoir une circulation saine et am\u00e9liorer le flux d&rsquo;\u00e9nergie dans le corps.<\/li>\n<li><strong>Soutien pendant la grossesse<\/strong> : Peut aider \u00e0 maintenir l&rsquo;\u00e9quilibre pendant la grossesse, favorisant le bien-\u00eatre g\u00e9n\u00e9ral.<\/li>\n<li><strong>Aide \u00e0 la gestion de la r\u00e9tention d&rsquo;eau<\/strong> : Peut aider \u00e0 la r\u00e9tention d&rsquo;eau l\u00e9g\u00e8re, en particulier dans les extr\u00e9mit\u00e9s ou l&rsquo;abdomen.<\/li>\n<li><strong>Soutien pour les niveaux d&rsquo;\u00e9nergie<\/strong> : Peut aider \u00e0 maintenir des niveaux d&rsquo;\u00e9nergie sains et r\u00e9duire la fatigue.<\/li>\n<li><strong>Aide \u00e0 l&rsquo;\u00e9quilibre de l&rsquo;humeur<\/strong> : Peut favoriser le bien-\u00eatre \u00e9motionnel et soutenir une humeur calme et \u00e9quilibr\u00e9e.<\/li>\n<li><strong>R\u00e9cup\u00e9ration postnatale<\/strong> : Peut soutenir la r\u00e9cup\u00e9ration apr\u00e8s l&rsquo;accouchement en favorisant l&rsquo;\u00e9quilibre des fluides et de l&rsquo;\u00e9nergie corporelle.<\/li>\n<\/ul>\n<h4><strong>Recommandations d&rsquo;utilisation<\/strong> :<\/h4>\n<ul>\n<li>Consultez un professionnel de la sant\u00e9 avant utilisation, surtout si vous \u00eates enceinte, allaitez ou avez des probl\u00e8mes de sant\u00e9 existants.<\/li>\n<li>Non recommand\u00e9 pour les enfants ou les personnes ayant des troubles digestifs ou d&rsquo;autres conditions.<\/li>\n<\/ul>\n<h4><strong>Contre-indications<\/strong> :<\/h4>\n<ul>\n<li>Non recommand\u00e9 pour les personnes ayant une chaleur excessive ou des infections actives.<\/li>\n<li>\u00c0 \u00e9viter en cas de troubles de saignement aigus.<\/li>\n<li>\u00c0 utiliser avec pr\u00e9caution en cas de d\u00e9ficience grave en Qi de la Rate avec selles molles.<\/li>\n<\/ul>\n<hr \/>\n<h3><\/h3>\n","protected":false},"excerpt":{"rendered":"<p>Nourrit le sang du foie &#8211; Apaise le foie &#8211; Diffuse le Qi du foie &#8211; Renforce la rate &#8211; R\u00e9sout les probl\u00e8mes d&rsquo;humidit\u00e9 &#8211; Renforce la rate et les reins Ingr\u00e9dients : Ingr\u00e9dients :<a href=\"https:\/\/biovitalprotect.ro\/categorie-produs\/bai-shao-yao\/\" rel=\"tag\">BAI SHAO YAO<\/a><span class=\"wp-block-post-terms__separator\">, <\/span><a href=\"https:\/\/biovitalprotect.ro\/categorie-produs\/bai-zhu\/\" rel=\"tag\">BAI ZHU<\/a><span class=\"wp-block-post-terms__separator\">, <\/span><a href=\"https:\/\/biovitalprotect.ro\/categorie-produs\/chuan-xiong\/\" rel=\"tag\">CHUAN XIONG<\/a><span class=\"wp-block-post-terms__separator\">,<\/span> DANG<a href=\"https:\/\/biovitalprotect.ro\/categorie-produs\/dang-gui-shen\/\" rel=\"tag\">GUI SHEN<\/a><span class=\"wp-block-post-terms__separator\">, <\/span><a href=\"https:\/\/biovitalprotect.ro\/categorie-produs\/fu-ling\/\" rel=\"tag\">FU LING<\/a><span class=\"wp-block-post-terms__separator\">,<\/span><a href=\"https:\/\/biovitalprotect.ro\/categorie-produs\/ze-xie\/\" rel=\"tag\">ZE XIE<\/a><\/p>\n","protected":false},"featured_media":789,"comment_status":"open","ping_status":"closed","template":"","meta":{"_acf_changed":false,"jetpack_post_was_ever_published":false},"product_brand":[],"product_cat":[924,602,889,421,525,523,599,365],"product_tag":[605,908,906,909,907],"class_list":{"0":"post-770","1":"product","2":"type-product","3":"status-publish","4":"has-post-thumbnail","6":"product_cat-bai-shao-yao-fr","7":"product_cat-bai-zhu-fr","8":"product_cat-circulation-fr","9":"product_cat-fu-ling-fr","10":"product_cat-gynaecologistes","11":"product_cat-m-chuan-xiong","12":"product_cat-m-dang-gui-shen","13":"product_cat-ze-xie-fr","14":"product_tag-alzheimer-fr","15":"product_tag-anti-inflammatoire","16":"product_tag-chagrin","17":"product_tag-circulation","18":"product_tag-recuperation-postoperatoire","20":"first","21":"instock","22":"shipping-taxable","23":"purchasable","24":"product-type-variable"},"acf":[],"yoast_head":"<!-- This site is optimized with the Yoast SEO Premium plugin v26.6 (Yoast SEO v27.6) - https:\/\/yoast.com\/product\/yoast-seo-premium-wordpress\/ -->\n<title>DANG GUI SHAO YAO SAN - Bio Vital Protect +40775351367<\/title>\n<meta name=\"description\" content=\"Nourrit le sang du foie - Apaise le foie - Diffuse le Qi du foie - Renforce la rate - R\u00e9sout les probl\u00e8mes d&#039;humidit\u00e9 - Renforce la rate et les reins\" \/>\n<meta name=\"robots\" content=\"index, follow, max-snippet:-1, max-image-preview:large, max-video-preview:-1\" \/>\n<link rel=\"canonical\" href=\"https:\/\/biovitalprotect.ro\/fr\/produs\/dang-gui-shao-yao-san\/\" \/>\n<meta property=\"og:locale\" content=\"fr_FR\" \/>\n<meta property=\"og:type\" content=\"article\" \/>\n<meta property=\"og:title\" content=\"DANG GUI SHAO YAO SAN\" \/>\n<meta property=\"og:description\" content=\"DANG GUI SHAO YAO SAN\" \/>\n<meta property=\"og:url\" content=\"https:\/\/biovitalprotect.ro\/fr\/produs\/dang-gui-shao-yao-san\/\" \/>\n<meta property=\"og:site_name\" content=\"Bio Vital Protect +40775351367\" \/>\n<meta property=\"article:publisher\" content=\"https:\/\/www.facebook.com\/people\/Bio-Vital-Protect\/61571520557481\/\" \/>\n<meta property=\"article:modified_time\" content=\"2025-02-02T13:30:13+00:00\" \/>\n<meta property=\"og:image\" content=\"https:\/\/biovitalprotect.ro\/wp-content\/uploads\/2025\/01\/IMG_5803-scaled.jpeg\" \/>\n\t<meta property=\"og:image:width\" content=\"1920\" \/>\n\t<meta property=\"og:image:height\" content=\"2560\" \/>\n\t<meta property=\"og:image:type\" content=\"image\/jpeg\" \/>\n<meta name=\"twitter:card\" content=\"summary_large_image\" \/>\n<meta name=\"twitter:label1\" content=\"Dur\u00e9e de lecture estim\u00e9e\" \/>\n\t<meta name=\"twitter:data1\" content=\"2 minutes\" \/>\n<script type=\"application\/ld+json\" class=\"yoast-schema-graph\">{\"@context\":\"https:\\\/\\\/schema.org\",\"@graph\":[{\"@type\":\"WebPage\",\"@id\":\"https:\\\/\\\/biovitalprotect.ro\\\/fr\\\/produs\\\/dang-gui-shao-yao-san\\\/\",\"url\":\"https:\\\/\\\/biovitalprotect.ro\\\/fr\\\/produs\\\/dang-gui-shao-yao-san\\\/\",\"name\":\"DANG GUI SHAO YAO SAN - Bio Vital Protect +40775351367\",\"isPartOf\":{\"@id\":\"https:\\\/\\\/biovitalprotect.ro\\\/fr\\\/#website\"},\"primaryImageOfPage\":{\"@id\":\"https:\\\/\\\/biovitalprotect.ro\\\/fr\\\/produs\\\/dang-gui-shao-yao-san\\\/#primaryimage\"},\"image\":{\"@id\":\"https:\\\/\\\/biovitalprotect.ro\\\/fr\\\/produs\\\/dang-gui-shao-yao-san\\\/#primaryimage\"},\"thumbnailUrl\":\"https:\\\/\\\/biovitalprotect.ro\\\/wp-content\\\/uploads\\\/2025\\\/01\\\/IMG_5803-scaled.jpeg\",\"datePublished\":\"2025-01-13T06:57:45+00:00\",\"dateModified\":\"2025-02-02T13:30:13+00:00\",\"description\":\"Nourrit le sang du foie - Apaise le foie - Diffuse le Qi du foie - Renforce la rate - R\u00e9sout les probl\u00e8mes d'humidit\u00e9 - Renforce la rate et les reins\",\"breadcrumb\":{\"@id\":\"https:\\\/\\\/biovitalprotect.ro\\\/fr\\\/produs\\\/dang-gui-shao-yao-san\\\/#breadcrumb\"},\"inLanguage\":\"fr-FR\",\"potentialAction\":[{\"@type\":\"ReadAction\",\"target\":[\"https:\\\/\\\/biovitalprotect.ro\\\/fr\\\/produs\\\/dang-gui-shao-yao-san\\\/\"]}]},{\"@type\":\"ImageObject\",\"inLanguage\":\"fr-FR\",\"@id\":\"https:\\\/\\\/biovitalprotect.ro\\\/fr\\\/produs\\\/dang-gui-shao-yao-san\\\/#primaryimage\",\"url\":\"https:\\\/\\\/biovitalprotect.ro\\\/wp-content\\\/uploads\\\/2025\\\/01\\\/IMG_5803-scaled.jpeg\",\"contentUrl\":\"https:\\\/\\\/biovitalprotect.ro\\\/wp-content\\\/uploads\\\/2025\\\/01\\\/IMG_5803-scaled.jpeg\",\"width\":1920,\"height\":2560},{\"@type\":\"BreadcrumbList\",\"@id\":\"https:\\\/\\\/biovitalprotect.ro\\\/fr\\\/produs\\\/dang-gui-shao-yao-san\\\/#breadcrumb\",\"itemListElement\":[{\"@type\":\"ListItem\",\"position\":1,\"name\":\"Prima pagin\u0103\",\"item\":\"https:\\\/\\\/biovitalprotect.ro\\\/fr\\\/\"},{\"@type\":\"ListItem\",\"position\":2,\"name\":\"Boutique\",\"item\":\"https:\\\/\\\/biovitalprotect.ro\\\/fr\\\/boutique\\\/\"},{\"@type\":\"ListItem\",\"position\":3,\"name\":\"DANG GUI SHAO YAO SAN\"}]},{\"@type\":\"WebSite\",\"@id\":\"https:\\\/\\\/biovitalprotect.ro\\\/fr\\\/#website\",\"url\":\"https:\\\/\\\/biovitalprotect.ro\\\/fr\\\/\",\"name\":\"Bio Vital Protect - Suplimente chinezesti\",\"description\":\"Compl\u00e9ments alimentaires utilis\u00e9s en m\u00e9decine chinoise pour traiter diverses affections\",\"publisher\":{\"@id\":\"https:\\\/\\\/biovitalprotect.ro\\\/fr\\\/#organization\"},\"alternateName\":\"Bio Vital Protect\",\"potentialAction\":[{\"@type\":\"SearchAction\",\"target\":{\"@type\":\"EntryPoint\",\"urlTemplate\":\"https:\\\/\\\/biovitalprotect.ro\\\/fr\\\/?s={search_term_string}\"},\"query-input\":{\"@type\":\"PropertyValueSpecification\",\"valueRequired\":true,\"valueName\":\"search_term_string\"}}],\"inLanguage\":\"fr-FR\"},{\"@type\":\"Organization\",\"@id\":\"https:\\\/\\\/biovitalprotect.ro\\\/fr\\\/#organization\",\"name\":\"Bio Vital Protect - Suplimente chinezesti\",\"alternateName\":\"Bio Vital Protect\",\"url\":\"https:\\\/\\\/biovitalprotect.ro\\\/fr\\\/\",\"logo\":{\"@type\":\"ImageObject\",\"inLanguage\":\"fr-FR\",\"@id\":\"https:\\\/\\\/biovitalprotect.ro\\\/fr\\\/#\\\/schema\\\/logo\\\/image\\\/\",\"url\":\"https:\\\/\\\/biovitalprotect.ro\\\/wp-content\\\/uploads\\\/2025\\\/01\\\/logo_biovital-1024x574.png\",\"contentUrl\":\"https:\\\/\\\/biovitalprotect.ro\\\/wp-content\\\/uploads\\\/2025\\\/01\\\/logo_biovital-1024x574.png\",\"width\":1024,\"height\":574,\"caption\":\"Bio Vital Protect - Suplimente chinezesti\"},\"image\":{\"@id\":\"https:\\\/\\\/biovitalprotect.ro\\\/fr\\\/#\\\/schema\\\/logo\\\/image\\\/\"},\"sameAs\":[\"https:\\\/\\\/www.facebook.com\\\/people\\\/Bio-Vital-Protect\\\/61571520557481\\\/\"],\"description\":\"Bio Vital Protect - Naturopatie Chinezeasca\",\"email\":\"contact@biovitalprotect.ro\",\"telephone\":\"40775351367\",\"legalName\":\"BIO VITAL PROTECT SRL\",\"foundingDate\":\"2015-05-01\",\"numberOfEmployees\":{\"@type\":\"QuantitativeValue\",\"minValue\":\"1\",\"maxValue\":\"10\"}}]}<\/script>\n<!-- \/ Yoast SEO Premium plugin. -->","yoast_head_json":{"title":"DANG GUI SHAO YAO SAN - Bio Vital Protect +40775351367","description":"Nourrit le sang du foie - Apaise le foie - Diffuse le Qi du foie - Renforce la rate - R\u00e9sout les probl\u00e8mes d'humidit\u00e9 - Renforce la rate et les reins","robots":{"index":"index","follow":"follow","max-snippet":"max-snippet:-1","max-image-preview":"max-image-preview:large","max-video-preview":"max-video-preview:-1"},"canonical":"https:\/\/biovitalprotect.ro\/fr\/produs\/dang-gui-shao-yao-san\/","og_locale":"fr_FR","og_type":"article","og_title":"DANG GUI SHAO YAO SAN","og_description":"DANG GUI SHAO YAO SAN","og_url":"https:\/\/biovitalprotect.ro\/fr\/produs\/dang-gui-shao-yao-san\/","og_site_name":"Bio Vital Protect +40775351367","article_publisher":"https:\/\/www.facebook.com\/people\/Bio-Vital-Protect\/61571520557481\/","article_modified_time":"2025-02-02T13:30:13+00:00","og_image":[{"width":1920,"height":2560,"url":"https:\/\/biovitalprotect.ro\/wp-content\/uploads\/2025\/01\/IMG_5803-scaled.jpeg","type":"image\/jpeg"}],"twitter_card":"summary_large_image","twitter_misc":{"Dur\u00e9e de lecture estim\u00e9e":"2 minutes"},"schema":{"@context":"https:\/\/schema.org","@graph":[{"@type":"WebPage","@id":"https:\/\/biovitalprotect.ro\/fr\/produs\/dang-gui-shao-yao-san\/","url":"https:\/\/biovitalprotect.ro\/fr\/produs\/dang-gui-shao-yao-san\/","name":"DANG GUI SHAO YAO SAN - Bio Vital Protect +40775351367","isPartOf":{"@id":"https:\/\/biovitalprotect.ro\/fr\/#website"},"primaryImageOfPage":{"@id":"https:\/\/biovitalprotect.ro\/fr\/produs\/dang-gui-shao-yao-san\/#primaryimage"},"image":{"@id":"https:\/\/biovitalprotect.ro\/fr\/produs\/dang-gui-shao-yao-san\/#primaryimage"},"thumbnailUrl":"https:\/\/biovitalprotect.ro\/wp-content\/uploads\/2025\/01\/IMG_5803-scaled.jpeg","datePublished":"2025-01-13T06:57:45+00:00","dateModified":"2025-02-02T13:30:13+00:00","description":"Nourrit le sang du foie - Apaise le foie - Diffuse le Qi du foie - Renforce la rate - R\u00e9sout les probl\u00e8mes d'humidit\u00e9 - Renforce la rate et les reins","breadcrumb":{"@id":"https:\/\/biovitalprotect.ro\/fr\/produs\/dang-gui-shao-yao-san\/#breadcrumb"},"inLanguage":"fr-FR","potentialAction":[{"@type":"ReadAction","target":["https:\/\/biovitalprotect.ro\/fr\/produs\/dang-gui-shao-yao-san\/"]}]},{"@type":"ImageObject","inLanguage":"fr-FR","@id":"https:\/\/biovitalprotect.ro\/fr\/produs\/dang-gui-shao-yao-san\/#primaryimage","url":"https:\/\/biovitalprotect.ro\/wp-content\/uploads\/2025\/01\/IMG_5803-scaled.jpeg","contentUrl":"https:\/\/biovitalprotect.ro\/wp-content\/uploads\/2025\/01\/IMG_5803-scaled.jpeg","width":1920,"height":2560},{"@type":"BreadcrumbList","@id":"https:\/\/biovitalprotect.ro\/fr\/produs\/dang-gui-shao-yao-san\/#breadcrumb","itemListElement":[{"@type":"ListItem","position":1,"name":"Prima pagin\u0103","item":"https:\/\/biovitalprotect.ro\/fr\/"},{"@type":"ListItem","position":2,"name":"Boutique","item":"https:\/\/biovitalprotect.ro\/fr\/boutique\/"},{"@type":"ListItem","position":3,"name":"DANG GUI SHAO YAO SAN"}]},{"@type":"WebSite","@id":"https:\/\/biovitalprotect.ro\/fr\/#website","url":"https:\/\/biovitalprotect.ro\/fr\/","name":"Bio Vital Protect - Suplimente chinezesti","description":"Compl\u00e9ments alimentaires utilis\u00e9s en m\u00e9decine chinoise pour traiter diverses affections","publisher":{"@id":"https:\/\/biovitalprotect.ro\/fr\/#organization"},"alternateName":"Bio Vital Protect","potentialAction":[{"@type":"SearchAction","target":{"@type":"EntryPoint","urlTemplate":"https:\/\/biovitalprotect.ro\/fr\/?s={search_term_string}"},"query-input":{"@type":"PropertyValueSpecification","valueRequired":true,"valueName":"search_term_string"}}],"inLanguage":"fr-FR"},{"@type":"Organization","@id":"https:\/\/biovitalprotect.ro\/fr\/#organization","name":"Bio Vital Protect - Suplimente chinezesti","alternateName":"Bio Vital Protect","url":"https:\/\/biovitalprotect.ro\/fr\/","logo":{"@type":"ImageObject","inLanguage":"fr-FR","@id":"https:\/\/biovitalprotect.ro\/fr\/#\/schema\/logo\/image\/","url":"https:\/\/biovitalprotect.ro\/wp-content\/uploads\/2025\/01\/logo_biovital-1024x574.png","contentUrl":"https:\/\/biovitalprotect.ro\/wp-content\/uploads\/2025\/01\/logo_biovital-1024x574.png","width":1024,"height":574,"caption":"Bio Vital Protect - Suplimente chinezesti"},"image":{"@id":"https:\/\/biovitalprotect.ro\/fr\/#\/schema\/logo\/image\/"},"sameAs":["https:\/\/www.facebook.com\/people\/Bio-Vital-Protect\/61571520557481\/"],"description":"Bio Vital Protect - Naturopatie Chinezeasca","email":"contact@biovitalprotect.ro","telephone":"40775351367","legalName":"BIO VITAL PROTECT SRL","foundingDate":"2015-05-01","numberOfEmployees":{"@type":"QuantitativeValue","minValue":"1","maxValue":"10"}}]}},"jetpack_sharing_enabled":true,"_links":{"self":[{"href":"https:\/\/biovitalprotect.ro\/fr\/wp-json\/wp\/v2\/product\/770","targetHints":{"allow":["GET"]}}],"collection":[{"href":"https:\/\/biovitalprotect.ro\/fr\/wp-json\/wp\/v2\/product"}],"about":[{"href":"https:\/\/biovitalprotect.ro\/fr\/wp-json\/wp\/v2\/types\/product"}],"replies":[{"embeddable":true,"href":"https:\/\/biovitalprotect.ro\/fr\/wp-json\/wp\/v2\/comments?post=770"}],"wp:featuredmedia":[{"embeddable":true,"href":"https:\/\/biovitalprotect.ro\/fr\/wp-json\/wp\/v2\/media\/789"}],"wp:attachment":[{"href":"https:\/\/biovitalprotect.ro\/fr\/wp-json\/wp\/v2\/media?parent=770"}],"wp:term":[{"taxonomy":"product_brand","embeddable":true,"href":"https:\/\/biovitalprotect.ro\/fr\/wp-json\/wp\/v2\/product_brand?post=770"},{"taxonomy":"product_cat","embeddable":true,"href":"https:\/\/biovitalprotect.ro\/fr\/wp-json\/wp\/v2\/product_cat?post=770"},{"taxonomy":"product_tag","embeddable":true,"href":"https:\/\/biovitalprotect.ro\/fr\/wp-json\/wp\/v2\/product_tag?post=770"}],"curies":[{"name":"wp","href":"https:\/\/api.w.org\/{rel}","templated":true}]}}